{"id":6231,"date":"2023-09-30T07:09:56","date_gmt":"2023-09-30T07:09:56","guid":{"rendered":"https:\/\/hidrosistem.al\/new\/?post_type=product&#038;p=6231"},"modified":"2025-12-03T09:51:41","modified_gmt":"2025-12-03T09:51:41","slug":"kit-me-koke-dushi-sensum-1-7-m","status":"publish","type":"product","link":"https:\/\/hidrosistem.al\/new\/product\/kit-me-koke-dushi-sensum-1-7-m\/","title":{"rendered":"Kit me kok\u00eb dushi t\u00eb rrumbullak\u00ebt Roca Sensum 1.7m"},"content":{"rendered":"<p><span data-sheets-value=\"{&quot;1&quot;:2,&quot;2&quot;:&quot;Koleksioni Sensum : Koleksioni i ri i dusheve shum\u00ebfunksionale, n\u00eb dizajne rrethore dhe katrore, me linja moderne dhe ergonomike. K\u00ebto dush dore p\u00ebrfshijn\u00eb ve\u00e7ori t\u00eb avancuara q\u00eb ju ndihmojn\u00eb t\u00eb kurseni ujin duke ofruar nj\u00eb p\u00ebrvoj\u00eb komode.&quot;}\" data-sheets-userformat=\"{&quot;2&quot;:513,&quot;3&quot;:{&quot;1&quot;:0},&quot;12&quot;:0}\">Koleksioni Sensum: Koleksioni i ri i dusheve shum\u00ebfunksionale, n\u00eb dizajne rrethore dhe katrore, me linja moderne dhe ergonomike, duke ofruar nj\u00eb p\u00ebrvoj\u00eb komode. Siguron instalim t\u00eb leht\u00eb, presion t\u00eb q\u00ebndruesh\u00ebm uji dhe p\u00ebrdorim afatgjat\u00eb fal\u00eb materialeve rezistente.<br \/>\n<\/span><br \/>\nKodi i produktit ne ROCA : <span data-sheets-value=\"{&quot;1&quot;:2,&quot;2&quot;:&quot;A5B1308C00&quot;}\" data-sheets-userformat=\"{&quot;2&quot;:12929,&quot;3&quot;:{&quot;1&quot;:0},&quot;10&quot;:2,&quot;12&quot;:0,&quot;15&quot;:&quot;Calibri&quot;,&quot;16&quot;:12}\">A5B1308C00<\/span><\/p>\n","protected":false},"excerpt":{"rendered":"<p>Koleksioni Sensum: Koleksioni i ri i dusheve shum\u00ebfunksionale, n\u00eb dizajne rrethore dhe katrore, me linja moderne dhe ergonomike, duke ofruar<\/p>\n","protected":false},"featured_media":6232,"template":"","meta":[],"product_cat":[340,485,579],"product_tag":[],"class_list":["post-6231","product","type-product","status-publish","has-post-thumbnail","hentry","product_cat-hidrosanitare","product_cat-kabina-dushi","product_cat-grup-dushi"],"_links":{"self":[{"href":"https:\/\/hidrosistem.al\/new\/wp-json\/wp\/v2\/product\/6231","targetHints":{"allow":["GET"]}}],"collection":[{"href":"https:\/\/hidrosistem.al\/new\/wp-json\/wp\/v2\/product"}],"about":[{"href":"https:\/\/hidrosistem.al\/new\/wp-json\/wp\/v2\/types\/product"}],"version-history":[{"count":3,"href":"https:\/\/hidrosistem.al\/new\/wp-json\/wp\/v2\/product\/6231\/revisions"}],"predecessor-version":[{"id":12846,"href":"https:\/\/hidrosistem.al\/new\/wp-json\/wp\/v2\/product\/6231\/revisions\/12846"}],"wp:featuredmedia":[{"embeddable":true,"href":"https:\/\/hidrosistem.al\/new\/wp-json\/wp\/v2\/media\/6232"}],"wp:attachment":[{"href":"https:\/\/hidrosistem.al\/new\/wp-json\/wp\/v2\/media?parent=6231"}],"wp:term":[{"taxonomy":"product_cat","embeddable":true,"href":"https:\/\/hidrosistem.al\/new\/wp-json\/wp\/v2\/product_cat?post=6231"},{"taxonomy":"product_tag","embeddable":true,"href":"https:\/\/hidrosistem.al\/new\/wp-json\/wp\/v2\/product_tag?post=6231"}],"curies":[{"name":"wp","href":"https:\/\/api.w.org\/{rel}","templated":true}]}}