{"id":6223,"date":"2023-09-30T07:07:47","date_gmt":"2023-09-30T07:07:47","guid":{"rendered":"https:\/\/hidrosistem.al\/new\/?post_type=product&#038;p=6223"},"modified":"2025-12-04T09:11:02","modified_gmt":"2025-12-04T09:11:02","slug":"koke-dushi-me-4-funksione-sensum-round","status":"publish","type":"product","link":"https:\/\/hidrosistem.al\/new\/product\/koke-dushi-me-4-funksione-sensum-round\/","title":{"rendered":"Kok\u00eb dushi me 4 funksione Roca Sensum Round"},"content":{"rendered":"<p><span data-sheets-value=\"{&quot;1&quot;:2,&quot;2&quot;:&quot;Koleksioni Sensum : Koleksioni i ri i dusheve shum\u00ebfunksionale, n\u00eb dizajne rrethore dhe katrore, me linja moderne dhe ergonomike. K\u00ebto dush dore p\u00ebrfshijn\u00eb ve\u00e7ori t\u00eb avancuara q\u00eb ju ndihmojn\u00eb t\u00eb kurseni ujin duke ofruar nj\u00eb p\u00ebrvoj\u00eb komode.&quot;}\" data-sheets-userformat=\"{&quot;2&quot;:513,&quot;3&quot;:{&quot;1&quot;:0},&quot;12&quot;:0}\">Koleksioni Sensum: Koleksioni i ri i dusheve shum\u00ebfunksionale, n\u00eb dizajne rrethore dhe katrore, me linja moderne dhe ergonomike. Koka e dushit siguron shp\u00ebrndarje uniforme t\u00eb ujit, presion t\u00eb q\u00ebndruesh\u00ebm dhe nj\u00eb p\u00ebrvoj\u00eb t\u00eb k\u00ebndshme larjeje. E prodhuar nga materiale rezistente, \u00ebsht\u00eb e leht\u00eb p\u00ebr t\u2019u pastruar dhe garanton p\u00ebrdorim afatgjat\u00eb<br \/>\n<\/span><br \/>\nKodi i produktit ne ROCA : <span data-sheets-value=\"{&quot;1&quot;:2,&quot;2&quot;:&quot;A5B1107C00&quot;}\" data-sheets-userformat=\"{&quot;2&quot;:12929,&quot;3&quot;:{&quot;1&quot;:0},&quot;10&quot;:2,&quot;12&quot;:0,&quot;15&quot;:&quot;Calibri&quot;,&quot;16&quot;:12}\">A5B1107C00<\/span><\/p>\n","protected":false},"excerpt":{"rendered":"<p>Koleksioni Sensum: Koleksioni i ri i dusheve shum\u00ebfunksionale, n\u00eb dizajne rrethore dhe katrore, me linja moderne dhe ergonomike. Koka e<\/p>\n","protected":false},"featured_media":6224,"template":"","meta":[],"product_cat":[340,485,581],"product_tag":[],"class_list":["post-6223","product","type-product","status-publish","has-post-thumbnail","hentry","product_cat-hidrosanitare","product_cat-kabina-dushi","product_cat-koke-dushi"],"_links":{"self":[{"href":"https:\/\/hidrosistem.al\/new\/wp-json\/wp\/v2\/product\/6223","targetHints":{"allow":["GET"]}}],"collection":[{"href":"https:\/\/hidrosistem.al\/new\/wp-json\/wp\/v2\/product"}],"about":[{"href":"https:\/\/hidrosistem.al\/new\/wp-json\/wp\/v2\/types\/product"}],"version-history":[{"count":2,"href":"https:\/\/hidrosistem.al\/new\/wp-json\/wp\/v2\/product\/6223\/revisions"}],"predecessor-version":[{"id":13423,"href":"https:\/\/hidrosistem.al\/new\/wp-json\/wp\/v2\/product\/6223\/revisions\/13423"}],"wp:featuredmedia":[{"embeddable":true,"href":"https:\/\/hidrosistem.al\/new\/wp-json\/wp\/v2\/media\/6224"}],"wp:attachment":[{"href":"https:\/\/hidrosistem.al\/new\/wp-json\/wp\/v2\/media?parent=6223"}],"wp:term":[{"taxonomy":"product_cat","embeddable":true,"href":"https:\/\/hidrosistem.al\/new\/wp-json\/wp\/v2\/product_cat?post=6223"},{"taxonomy":"product_tag","embeddable":true,"href":"https:\/\/hidrosistem.al\/new\/wp-json\/wp\/v2\/product_tag?post=6223"}],"curies":[{"name":"wp","href":"https:\/\/api.w.org\/{rel}","templated":true}]}}