{"id":6204,"date":"2023-09-30T07:00:28","date_gmt":"2023-09-30T07:00:28","guid":{"rendered":"https:\/\/hidrosistem.al\/new\/?post_type=product&#038;p=6204"},"modified":"2025-12-02T09:20:19","modified_gmt":"2025-12-02T09:20:19","slug":"grup-dushi-inkaso-saoname-kuti-gri","status":"publish","type":"product","link":"https:\/\/hidrosistem.al\/new\/product\/grup-dushi-inkaso-saoname-kuti-gri\/","title":{"rendered":"Grup dushi inkaso Roca Saona,me kuti gri"},"content":{"rendered":"<p><span data-sheets-value=\"{&quot;1&quot;:2,&quot;2&quot;:&quot;Koleksioni Saona : Koleksion me kthesa elegante dhe funksionale q\u00eb p\u00ebrballen me p\u00ebrdorimin e p\u00ebrditsh\u00ebm.&quot;}\" data-sheets-userformat=\"{&quot;2&quot;:513,&quot;3&quot;:{&quot;1&quot;:0},&quot;12&quot;:0}\">Koleksioni Saona: Komfort dhe funksionalitet n\u00eb \u00e7do dush. Grupi i dushit ofron nj\u00eb zgjidhje t\u00eb plot\u00eb p\u00ebr p\u00ebrdorim t\u00eb p\u00ebrditsh\u00ebm, me kontroll t\u00eb sakt\u00eb t\u00eb ujit dhe materiale rezistente ndaj lag\u00ebshtir\u00ebs. Dizajni praktik garanton instalim t\u00eb leht\u00eb dhe p\u00ebrvoj\u00eb komode dushi.<\/span><\/p>\n<p>Kodi i produktit ne ROCA : <span data-sheets-value=\"{&quot;1&quot;:2,&quot;2&quot;:&quot;A5A2B7AC0K&quot;}\" data-sheets-userformat=\"{&quot;2&quot;:12929,&quot;3&quot;:{&quot;1&quot;:0},&quot;10&quot;:2,&quot;12&quot;:0,&quot;15&quot;:&quot;Calibri&quot;,&quot;16&quot;:12}\">A5A2B7AC0K<\/span><\/p>\n","protected":false},"excerpt":{"rendered":"<p>Koleksioni Saona: Komfort dhe funksionalitet n\u00eb \u00e7do dush. Grupi i dushit ofron nj\u00eb zgjidhje t\u00eb plot\u00eb p\u00ebr p\u00ebrdorim t\u00eb p\u00ebrditsh\u00ebm,<\/p>\n","protected":false},"featured_media":6205,"template":"","meta":[],"product_cat":[340,474,478],"product_tag":[],"class_list":["post-6204","product","type-product","status-publish","has-post-thumbnail","hentry","product_cat-hidrosanitare","product_cat-rubineta","product_cat-rubineta-per-dushe"],"_links":{"self":[{"href":"https:\/\/hidrosistem.al\/new\/wp-json\/wp\/v2\/product\/6204","targetHints":{"allow":["GET"]}}],"collection":[{"href":"https:\/\/hidrosistem.al\/new\/wp-json\/wp\/v2\/product"}],"about":[{"href":"https:\/\/hidrosistem.al\/new\/wp-json\/wp\/v2\/types\/product"}],"version-history":[{"count":3,"href":"https:\/\/hidrosistem.al\/new\/wp-json\/wp\/v2\/product\/6204\/revisions"}],"predecessor-version":[{"id":13362,"href":"https:\/\/hidrosistem.al\/new\/wp-json\/wp\/v2\/product\/6204\/revisions\/13362"}],"wp:featuredmedia":[{"embeddable":true,"href":"https:\/\/hidrosistem.al\/new\/wp-json\/wp\/v2\/media\/6205"}],"wp:attachment":[{"href":"https:\/\/hidrosistem.al\/new\/wp-json\/wp\/v2\/media?parent=6204"}],"wp:term":[{"taxonomy":"product_cat","embeddable":true,"href":"https:\/\/hidrosistem.al\/new\/wp-json\/wp\/v2\/product_cat?post=6204"},{"taxonomy":"product_tag","embeddable":true,"href":"https:\/\/hidrosistem.al\/new\/wp-json\/wp\/v2\/product_tag?post=6204"}],"curies":[{"name":"wp","href":"https:\/\/api.w.org\/{rel}","templated":true}]}}