{"id":6197,"date":"2023-09-30T06:57:58","date_gmt":"2023-09-30T06:57:58","guid":{"rendered":"https:\/\/hidrosistem.al\/new\/?post_type=product&#038;p=6197"},"modified":"2025-11-18T15:03:28","modified_gmt":"2025-11-18T15:03:28","slug":"unaze-me-skelet-katror-per-kuti-universale-square","status":"publish","type":"product","link":"https:\/\/hidrosistem.al\/new\/product\/unaze-me-skelet-katror-per-kuti-universale-square\/","title":{"rendered":"Unaz\u00eb zgjerimi katrore p\u00ebr RocaBox"},"content":{"rendered":"<p><span data-sheets-value=\"{&quot;1&quot;:2,&quot;2&quot;:&quot;Koleksioni RocaBox : Nj\u00eb nj\u00ebsi e valvulave t\u00eb dushit e cila \u00ebsht\u00eb e p\u00ebrputhshme me nj\u00eb s\u00ebr\u00eb mikser\u00ebsh t\u00eb integruar manual\u00eb ose termostatik\u00eb. Leht\u00eb p\u00ebr t'u instaluar, me madh\u00ebsi kompakte dhe i p\u00ebrshtatsh\u00ebm p\u00ebr instalim n\u00eb mure t\u00eb forta ose t\u00eb forta, RocaBox \u00ebsht\u00eb zgjidhja perfekte p\u00ebr zonat me hap\u00ebsir\u00eb t\u00eb kufizuar.&quot;}\" data-sheets-userformat=\"{&quot;2&quot;:513,&quot;3&quot;:{&quot;1&quot;:0},&quot;12&quot;:0}\">Koleksioni RocaBox : Nj\u00eb nj\u00ebsi e valvulave t\u00eb dushit e cila \u00ebsht\u00eb e p\u00ebrputhshme me nj\u00eb s\u00ebr\u00eb komponent\u00ebsh t\u00eb integruar manual\u00eb ose termostatik\u00eb. \u00cbsht\u00eb projektuar p\u00ebr t\u2019u p\u00ebrdorur me sistemin inkaso p\u00ebr instalime n\u00eb tualete. Fal\u00eb k\u00ebsaj unaze, mund t\u00eb b\u00ebhet instalimi i sakt\u00eb dhe pa nd\u00ebrhyrje t\u00eb m\u00ebdha nd\u00ebrtimore, duke reduktuar nevoj\u00ebn p\u00ebr ndryshime n\u00eb mur.<\/span><\/p>\n<p>Kodi i produktit ne ROCA : <span data-sheets-value=\"{&quot;1&quot;:2,&quot;2&quot;:&quot;A525564700&quot;}\" data-sheets-userformat=\"{&quot;2&quot;:12929,&quot;3&quot;:{&quot;1&quot;:0},&quot;10&quot;:2,&quot;12&quot;:0,&quot;15&quot;:&quot;Calibri&quot;,&quot;16&quot;:12}\">A525564700<\/span><br \/>\nDimensionet : <span data-sheets-value=\"{&quot;1&quot;:2,&quot;2&quot;:&quot;255 x 160 x 60 mm&quot;}\">255 x 160 x 60 mm<\/span><\/p>\n","protected":false},"excerpt":{"rendered":"<p>Koleksioni RocaBox : Nj\u00eb nj\u00ebsi e valvulave t\u00eb dushit e cila \u00ebsht\u00eb e p\u00ebrputhshme me nj\u00eb s\u00ebr\u00eb komponent\u00ebsh t\u00eb integruar<\/p>\n","protected":false},"featured_media":6198,"template":"","meta":[],"product_cat":[340,489,530],"product_tag":[],"class_list":["post-6197","product","type-product","status-publish","has-post-thumbnail","hentry","product_cat-hidrosanitare","product_cat-kaseta-inkaso","product_cat-aksesore-te-tjere-kaseta-inkaso"],"_links":{"self":[{"href":"https:\/\/hidrosistem.al\/new\/wp-json\/wp\/v2\/product\/6197","targetHints":{"allow":["GET"]}}],"collection":[{"href":"https:\/\/hidrosistem.al\/new\/wp-json\/wp\/v2\/product"}],"about":[{"href":"https:\/\/hidrosistem.al\/new\/wp-json\/wp\/v2\/types\/product"}],"version-history":[{"count":4,"href":"https:\/\/hidrosistem.al\/new\/wp-json\/wp\/v2\/product\/6197\/revisions"}],"predecessor-version":[{"id":12799,"href":"https:\/\/hidrosistem.al\/new\/wp-json\/wp\/v2\/product\/6197\/revisions\/12799"}],"wp:featuredmedia":[{"embeddable":true,"href":"https:\/\/hidrosistem.al\/new\/wp-json\/wp\/v2\/media\/6198"}],"wp:attachment":[{"href":"https:\/\/hidrosistem.al\/new\/wp-json\/wp\/v2\/media?parent=6197"}],"wp:term":[{"taxonomy":"product_cat","embeddable":true,"href":"https:\/\/hidrosistem.al\/new\/wp-json\/wp\/v2\/product_cat?post=6197"},{"taxonomy":"product_tag","embeddable":true,"href":"https:\/\/hidrosistem.al\/new\/wp-json\/wp\/v2\/product_tag?post=6197"}],"curies":[{"name":"wp","href":"https:\/\/api.w.org\/{rel}","templated":true}]}}