{"id":6191,"date":"2023-09-30T06:55:52","date_gmt":"2023-09-30T06:55:52","guid":{"rendered":"https:\/\/hidrosistem.al\/new\/?post_type=product&#038;p=6191"},"modified":"2025-11-18T10:08:47","modified_gmt":"2025-11-18T10:08:47","slug":"zgjatues-per-kuti-universale","status":"publish","type":"product","link":"https:\/\/hidrosistem.al\/new\/product\/zgjatues-per-kuti-universale\/","title":{"rendered":"Zgjatues p\u00ebr kuti universale"},"content":{"rendered":"<p><span data-sheets-value=\"{&quot;1&quot;:2,&quot;2&quot;:&quot;Koleksioni RocaBox : Nj\u00eb nj\u00ebsi e valvulave t\u00eb dushit e cila \u00ebsht\u00eb e p\u00ebrputhshme me nj\u00eb s\u00ebr\u00eb mikser\u00ebsh t\u00eb integruar manual\u00eb ose termostatik\u00eb. Leht\u00eb p\u00ebr t'u instaluar, me madh\u00ebsi kompakte dhe i p\u00ebrshtatsh\u00ebm p\u00ebr instalim n\u00eb mure t\u00eb forta ose t\u00eb forta, RocaBox \u00ebsht\u00eb zgjidhja perfekte p\u00ebr zonat me hap\u00ebsir\u00eb t\u00eb kufizuar.&quot;}\" data-sheets-userformat=\"{&quot;2&quot;:513,&quot;3&quot;:{&quot;1&quot;:0},&quot;12&quot;:0}\">Koleksioni RocaBox : Nj\u00eb nj\u00ebsi e valvulave t\u00eb dushit e cila \u00ebsht\u00eb e p\u00ebrputhshme me nj\u00eb s\u00ebr\u00eb komponent\u00ebsh t\u00eb integruar manual\u00eb ose termostatik\u00eb. Me madh\u00ebsi kompakte dhe i p\u00ebrshtatsh\u00ebm p\u00ebr instalim n\u00eb mur, RocaBox \u00ebsht\u00eb zgjidhja perfekte p\u00ebr zonat me hap\u00ebsir\u00eb t\u00eb kufizuar.<\/span><\/p>\n<p>Kodi i produktit ne ROCA: <span data-sheets-value=\"{&quot;1&quot;:2,&quot;2&quot;:&quot;A525564303&quot;}\" data-sheets-userformat=\"{&quot;2&quot;:12929,&quot;3&quot;:{&quot;1&quot;:0},&quot;10&quot;:2,&quot;12&quot;:0,&quot;15&quot;:&quot;Calibri&quot;,&quot;16&quot;:12}\">A525564303<\/span><br \/>\nDimensionet : <span data-sheets-value=\"{&quot;1&quot;:2,&quot;2&quot;:&quot;165 x 165 x 25 mm&quot;}\">165 x 165 x 25 mm<\/span><\/p>\n","protected":false},"excerpt":{"rendered":"<p>Koleksioni RocaBox : Nj\u00eb nj\u00ebsi e valvulave t\u00eb dushit e cila \u00ebsht\u00eb e p\u00ebrputhshme me nj\u00eb s\u00ebr\u00eb komponent\u00ebsh t\u00eb integruar<\/p>\n","protected":false},"featured_media":6192,"template":"","meta":[],"product_cat":[340,474,480],"product_tag":[],"class_list":["post-6191","product","type-product","status-publish","has-post-thumbnail","hentry","product_cat-hidrosanitare","product_cat-rubineta","product_cat-aksesore-te-tjere-rubineteri"],"_links":{"self":[{"href":"https:\/\/hidrosistem.al\/new\/wp-json\/wp\/v2\/product\/6191","targetHints":{"allow":["GET"]}}],"collection":[{"href":"https:\/\/hidrosistem.al\/new\/wp-json\/wp\/v2\/product"}],"about":[{"href":"https:\/\/hidrosistem.al\/new\/wp-json\/wp\/v2\/types\/product"}],"version-history":[{"count":3,"href":"https:\/\/hidrosistem.al\/new\/wp-json\/wp\/v2\/product\/6191\/revisions"}],"predecessor-version":[{"id":12742,"href":"https:\/\/hidrosistem.al\/new\/wp-json\/wp\/v2\/product\/6191\/revisions\/12742"}],"wp:featuredmedia":[{"embeddable":true,"href":"https:\/\/hidrosistem.al\/new\/wp-json\/wp\/v2\/media\/6192"}],"wp:attachment":[{"href":"https:\/\/hidrosistem.al\/new\/wp-json\/wp\/v2\/media?parent=6191"}],"wp:term":[{"taxonomy":"product_cat","embeddable":true,"href":"https:\/\/hidrosistem.al\/new\/wp-json\/wp\/v2\/product_cat?post=6191"},{"taxonomy":"product_tag","embeddable":true,"href":"https:\/\/hidrosistem.al\/new\/wp-json\/wp\/v2\/product_tag?post=6191"}],"curies":[{"name":"wp","href":"https:\/\/api.w.org\/{rel}","templated":true}]}}