{"id":6179,"date":"2023-09-30T06:51:27","date_gmt":"2023-09-30T06:51:27","guid":{"rendered":"https:\/\/hidrosistem.al\/new\/?post_type=product&#038;p=6179"},"modified":"2025-12-04T09:12:44","modified_gmt":"2025-12-04T09:12:44","slug":"koke-dushi-e-rrumbullaket-200mm-2","status":"publish","type":"product","link":"https:\/\/hidrosistem.al\/new\/product\/koke-dushi-e-rrumbullaket-200mm-2\/","title":{"rendered":"Kok\u00eb dushi Roca e rrumbullak\u00ebt 200 mm"},"content":{"rendered":"<p><span data-sheets-value=\"{&quot;1&quot;:2,&quot;2&quot;:&quot;Koleksioni Rainsense : Gama e plot\u00eb e kokave t\u00eb dushit p\u00ebr instalim n\u00eb mur ose tavan. Sistemi i tij Easyclean parandalon krijimin e gur\u00ebve t\u00eb g\u00eblqeres.&quot;}\" data-sheets-userformat=\"{&quot;2&quot;:513,&quot;3&quot;:{&quot;1&quot;:0},&quot;12&quot;:0}\">Koleksioni Rainsense: Koka e dushit siguron shp\u00ebrndarje uniforme t\u00eb ujit, presion t\u00eb q\u00ebndruesh\u00ebm dhe nj\u00eb p\u00ebrvoj\u00eb t\u00eb k\u00ebndshme larjeje. E prodhuar nga materiale rezistente, \u00ebsht\u00eb e leht\u00eb p\u00ebr t\u2019u pastruar dhe garanton p\u00ebrdorim afatgjat\u00eb.<\/span><\/p>\n<p>Kodi i produktit ne ROCA : <span data-sheets-value=\"{&quot;1&quot;:2,&quot;2&quot;:&quot;A5B2950C00&quot;}\" data-sheets-userformat=\"{&quot;2&quot;:12929,&quot;3&quot;:{&quot;1&quot;:0},&quot;10&quot;:2,&quot;12&quot;:0,&quot;15&quot;:&quot;Calibri&quot;,&quot;16&quot;:12}\">A5B2950C00<\/span><br \/>\nDimensionet : <span data-sheets-value=\"{&quot;1&quot;:2,&quot;2&quot;:&quot;200 x 200 mm&quot;}\">200 x 200 mm<\/span><\/p>\n","protected":false},"excerpt":{"rendered":"<p>Koleksioni Rainsense: Koka e dushit siguron shp\u00ebrndarje uniforme t\u00eb ujit, presion t\u00eb q\u00ebndruesh\u00ebm dhe nj\u00eb p\u00ebrvoj\u00eb t\u00eb k\u00ebndshme larjeje. E<\/p>\n","protected":false},"featured_media":6180,"template":"","meta":[],"product_cat":[340,485,581],"product_tag":[],"class_list":["post-6179","product","type-product","status-publish","has-post-thumbnail","hentry","product_cat-hidrosanitare","product_cat-kabina-dushi","product_cat-koke-dushi"],"_links":{"self":[{"href":"https:\/\/hidrosistem.al\/new\/wp-json\/wp\/v2\/product\/6179","targetHints":{"allow":["GET"]}}],"collection":[{"href":"https:\/\/hidrosistem.al\/new\/wp-json\/wp\/v2\/product"}],"about":[{"href":"https:\/\/hidrosistem.al\/new\/wp-json\/wp\/v2\/types\/product"}],"version-history":[{"count":3,"href":"https:\/\/hidrosistem.al\/new\/wp-json\/wp\/v2\/product\/6179\/revisions"}],"predecessor-version":[{"id":12867,"href":"https:\/\/hidrosistem.al\/new\/wp-json\/wp\/v2\/product\/6179\/revisions\/12867"}],"wp:featuredmedia":[{"embeddable":true,"href":"https:\/\/hidrosistem.al\/new\/wp-json\/wp\/v2\/media\/6180"}],"wp:attachment":[{"href":"https:\/\/hidrosistem.al\/new\/wp-json\/wp\/v2\/media?parent=6179"}],"wp:term":[{"taxonomy":"product_cat","embeddable":true,"href":"https:\/\/hidrosistem.al\/new\/wp-json\/wp\/v2\/product_cat?post=6179"},{"taxonomy":"product_tag","embeddable":true,"href":"https:\/\/hidrosistem.al\/new\/wp-json\/wp\/v2\/product_tag?post=6179"}],"curies":[{"name":"wp","href":"https:\/\/api.w.org\/{rel}","templated":true}]}}