{"id":6137,"date":"2023-09-30T06:34:48","date_gmt":"2023-09-30T06:34:48","guid":{"rendered":"https:\/\/hidrosistem.al\/new\/?post_type=product&#038;p=6137"},"modified":"2025-12-04T09:22:05","modified_gmt":"2025-12-04T09:22:05","slug":"koke-dushi-e-rrumbullaket-300mm","status":"publish","type":"product","link":"https:\/\/hidrosistem.al\/new\/product\/koke-dushi-e-rrumbullaket-300mm\/","title":{"rendered":"Kok\u00eb dushi Roca e rrumbullak\u00ebt 300 mm"},"content":{"rendered":"<p><span data-sheets-value=\"{&quot;1&quot;:2,&quot;2&quot;:&quot;Koleksioni Rain Dream : Gama premium e kokave t\u00eb dushit metalike ekstralime p\u00ebr instalim n\u00eb mur ose tavan. Sistemi i tij Easyclean parandalon krijimin e gur\u00ebve t\u00eb g\u00eblqeres.&quot;}\" data-sheets-userformat=\"{&quot;2&quot;:513,&quot;3&quot;:{&quot;1&quot;:0},&quot;12&quot;:0}\">Koleksioni Rain Dream: Koka e dushit siguron shp\u00ebrndarje uniforme t\u00eb ujit, presion t\u00eb q\u00ebndruesh\u00ebm dhe nj\u00eb p\u00ebrvoj\u00eb t\u00eb k\u00ebndshme larjeje. E prodhuar nga materiale rezistente, \u00ebsht\u00eb e leht\u00eb p\u00ebr t\u2019u pastruar dhe garanton p\u00ebrdorim afatgjat\u00eb.<\/span><\/p>\n<p>Kodi i produktit ne ROCA : <span data-sheets-value=\"{&quot;1&quot;:2,&quot;2&quot;:&quot;A5B2550C00&quot;}\" data-sheets-userformat=\"{&quot;2&quot;:12929,&quot;3&quot;:{&quot;1&quot;:0},&quot;10&quot;:2,&quot;12&quot;:0,&quot;15&quot;:&quot;Calibri&quot;,&quot;16&quot;:12}\">A5B2550C00<\/span><br \/>\n<span data-sheets-value=\"{&quot;1&quot;:2,&quot;2&quot;:&quot;A327641000&quot;}\" data-sheets-userformat=\"{&quot;2&quot;:12929,&quot;3&quot;:{&quot;1&quot;:0},&quot;10&quot;:2,&quot;12&quot;:0,&quot;15&quot;:&quot;Calibri&quot;,&quot;16&quot;:12}\">Dimensionet : 300 x 300 mm<\/span><\/p>\n<p>&nbsp;<\/p>\n","protected":false},"excerpt":{"rendered":"<p>Koleksioni Rain Dream: Koka e dushit siguron shp\u00ebrndarje uniforme t\u00eb ujit, presion t\u00eb q\u00ebndruesh\u00ebm dhe nj\u00eb p\u00ebrvoj\u00eb t\u00eb k\u00ebndshme larjeje.<\/p>\n","protected":false},"featured_media":6138,"template":"","meta":[],"product_cat":[340,485,581],"product_tag":[],"class_list":["post-6137","product","type-product","status-publish","has-post-thumbnail","hentry","product_cat-hidrosanitare","product_cat-kabina-dushi","product_cat-koke-dushi"],"_links":{"self":[{"href":"https:\/\/hidrosistem.al\/new\/wp-json\/wp\/v2\/product\/6137","targetHints":{"allow":["GET"]}}],"collection":[{"href":"https:\/\/hidrosistem.al\/new\/wp-json\/wp\/v2\/product"}],"about":[{"href":"https:\/\/hidrosistem.al\/new\/wp-json\/wp\/v2\/types\/product"}],"version-history":[{"count":4,"href":"https:\/\/hidrosistem.al\/new\/wp-json\/wp\/v2\/product\/6137\/revisions"}],"predecessor-version":[{"id":12863,"href":"https:\/\/hidrosistem.al\/new\/wp-json\/wp\/v2\/product\/6137\/revisions\/12863"}],"wp:featuredmedia":[{"embeddable":true,"href":"https:\/\/hidrosistem.al\/new\/wp-json\/wp\/v2\/media\/6138"}],"wp:attachment":[{"href":"https:\/\/hidrosistem.al\/new\/wp-json\/wp\/v2\/media?parent=6137"}],"wp:term":[{"taxonomy":"product_cat","embeddable":true,"href":"https:\/\/hidrosistem.al\/new\/wp-json\/wp\/v2\/product_cat?post=6137"},{"taxonomy":"product_tag","embeddable":true,"href":"https:\/\/hidrosistem.al\/new\/wp-json\/wp\/v2\/product_tag?post=6137"}],"curies":[{"name":"wp","href":"https:\/\/api.w.org\/{rel}","templated":true}]}}