{"id":6129,"date":"2023-09-30T06:32:11","date_gmt":"2023-09-30T06:32:11","guid":{"rendered":"https:\/\/hidrosistem.al\/new\/?post_type=product&#038;p=6129"},"modified":"2025-12-04T09:21:16","modified_gmt":"2025-12-04T09:21:16","slug":"koke-dushi-puzzle","status":"publish","type":"product","link":"https:\/\/hidrosistem.al\/new\/product\/koke-dushi-puzzle\/","title":{"rendered":"Kok\u00eb dushi Roca Puzzle"},"content":{"rendered":"<p><span data-sheets-value=\"{&quot;1&quot;:2,&quot;2&quot;:&quot;Koleksioni Puzzle : Ky koleksion vjen s\u00eb bashku me gjith\u00e7ka q\u00eb ju nevojitet p\u00ebr t\u00eb krijuar hap\u00ebsir\u00ebn tuaj t\u00eb personalizuar t\u00eb dushit me hidromasazh.&quot;}\" data-sheets-userformat=\"{&quot;2&quot;:513,&quot;3&quot;:{&quot;1&quot;:0},&quot;12&quot;:0}\">Koleksioni Puzzle: Koka e dushit siguron shp\u00ebrndarje uniforme t\u00eb ujit, presion t\u00eb q\u00ebndruesh\u00ebm dhe nj\u00eb p\u00ebrvoj\u00eb t\u00eb k\u00ebndshme larjeje. E prodhuar nga materiale rezistente, \u00ebsht\u00eb e leht\u00eb p\u00ebr t\u2019u pastruar dhe garanton p\u00ebrdorim afatgjat\u00eb<\/span><\/p>\n<p>Kodi i produktit ne ROCA : <span data-sheets-value=\"{&quot;1&quot;:2,&quot;2&quot;:&quot;A5A9978C00&quot;}\" data-sheets-userformat=\"{&quot;2&quot;:12929,&quot;3&quot;:{&quot;1&quot;:0},&quot;10&quot;:2,&quot;12&quot;:0,&quot;15&quot;:&quot;Calibri&quot;,&quot;16&quot;:12}\">A5A9978C00<\/span><br \/>\n<span data-sheets-value=\"{&quot;1&quot;:2,&quot;2&quot;:&quot;A327641000&quot;}\" data-sheets-userformat=\"{&quot;2&quot;:12929,&quot;3&quot;:{&quot;1&quot;:0},&quot;10&quot;:2,&quot;12&quot;:0,&quot;15&quot;:&quot;Calibri&quot;,&quot;16&quot;:12}\">Dimensionet : 260 x 500 x 32 mm<\/span><\/p>\n<p>&nbsp;<\/p>\n","protected":false},"excerpt":{"rendered":"<p>Koleksioni Puzzle: Koka e dushit siguron shp\u00ebrndarje uniforme t\u00eb ujit, presion t\u00eb q\u00ebndruesh\u00ebm dhe nj\u00eb p\u00ebrvoj\u00eb t\u00eb k\u00ebndshme larjeje. E<\/p>\n","protected":false},"featured_media":6130,"template":"","meta":[],"product_cat":[340,485,581],"product_tag":[],"class_list":["post-6129","product","type-product","status-publish","has-post-thumbnail","hentry","product_cat-hidrosanitare","product_cat-kabina-dushi","product_cat-koke-dushi"],"_links":{"self":[{"href":"https:\/\/hidrosistem.al\/new\/wp-json\/wp\/v2\/product\/6129","targetHints":{"allow":["GET"]}}],"collection":[{"href":"https:\/\/hidrosistem.al\/new\/wp-json\/wp\/v2\/product"}],"about":[{"href":"https:\/\/hidrosistem.al\/new\/wp-json\/wp\/v2\/types\/product"}],"version-history":[{"count":2,"href":"https:\/\/hidrosistem.al\/new\/wp-json\/wp\/v2\/product\/6129\/revisions"}],"predecessor-version":[{"id":13422,"href":"https:\/\/hidrosistem.al\/new\/wp-json\/wp\/v2\/product\/6129\/revisions\/13422"}],"wp:featuredmedia":[{"embeddable":true,"href":"https:\/\/hidrosistem.al\/new\/wp-json\/wp\/v2\/media\/6130"}],"wp:attachment":[{"href":"https:\/\/hidrosistem.al\/new\/wp-json\/wp\/v2\/media?parent=6129"}],"wp:term":[{"taxonomy":"product_cat","embeddable":true,"href":"https:\/\/hidrosistem.al\/new\/wp-json\/wp\/v2\/product_cat?post=6129"},{"taxonomy":"product_tag","embeddable":true,"href":"https:\/\/hidrosistem.al\/new\/wp-json\/wp\/v2\/product_tag?post=6129"}],"curies":[{"name":"wp","href":"https:\/\/api.w.org\/{rel}","templated":true}]}}