{"id":6117,"date":"2023-09-30T06:30:34","date_gmt":"2023-09-30T06:30:34","guid":{"rendered":"https:\/\/hidrosistem.al\/new\/?post_type=product&#038;p=6117"},"modified":"2025-12-02T10:56:40","modified_gmt":"2025-12-02T10:56:40","slug":"mobilje-banjo-prisma-80-cmlavaman","status":"publish","type":"product","link":"https:\/\/hidrosistem.al\/new\/product\/mobilje-banjo-prisma-80-cmlavaman\/","title":{"rendered":"Mobilje tualeti Roca Prisma 80 cm+lavaman"},"content":{"rendered":"<p><span data-sheets-value=\"{&quot;1&quot;:2,&quot;2&quot;:&quot;Koleksioni Princess : Linjat baz\u00eb dhe t\u00eb thjeshta q\u00eb p\u00ebrshtaten me trupin e njeriut p\u00ebr t\u00eb ofruar momente mir\u00ebqenieje n\u00eb baza ditore. Ky koleksion ofron nj\u00eb p\u00ebrfundim t\u00eb matur, ku funksionaliteti dhe eleganca bashkojn\u00eb forcat n\u00eb harmoni t\u00eb p\u00ebrsosur dhe q\u00eb t\u00eb b\u00ebn t\u00eb mendosh. Nj\u00eb pjes\u00eb kompakte, me cil\u00ebsi t\u00eb lart\u00eb dhe e q\u00ebndrueshme.&quot;}\" data-sheets-userformat=\"{&quot;2&quot;:513,&quot;3&quot;:{&quot;1&quot;:0},&quot;12&quot;:0}\">Koleksioni Princess: <\/span>Eleganc\u00eb klasike me prekje moderne. Koleksioni ROCA kombinon dizajnin klasik me teknologjin\u00eb moderne, duke sjell\u00eb mobilje banjoje elegante dhe funksionale. Me materiale cil\u00ebsore dhe p\u00ebrpunim t\u00eb kujdessh\u00ebm, ofron q\u00ebndrueshm\u00ebri, estetik\u00eb premium dhe organizim praktik p\u00ebr \u00e7do tualet.<\/p>\n<p>Kodi i produktit ne ROCA : <span data-sheets-value=\"{&quot;1&quot;:2,&quot;2&quot;:&quot;A855952322&quot;}\" data-sheets-userformat=\"{&quot;2&quot;:12929,&quot;3&quot;:{&quot;1&quot;:0},&quot;10&quot;:2,&quot;12&quot;:0,&quot;15&quot;:&quot;Calibri&quot;,&quot;16&quot;:12}\">A855952322<\/span><br \/>\n<span data-sheets-value=\"{&quot;1&quot;:2,&quot;2&quot;:&quot;A327641000&quot;}\" data-sheets-userformat=\"{&quot;2&quot;:12929,&quot;3&quot;:{&quot;1&quot;:0},&quot;10&quot;:2,&quot;12&quot;:0,&quot;15&quot;:&quot;Calibri&quot;,&quot;16&quot;:12}\">Dimensionet : <span id=\"dim-txt\">800 x 460 x 694 mm<\/span><\/span><\/p>\n<p>&nbsp;<\/p>\n","protected":false},"excerpt":{"rendered":"<p>Koleksioni Princess: Eleganc\u00eb klasike me prekje moderne. Koleksioni ROCA kombinon dizajnin klasik me teknologjin\u00eb moderne, duke sjell\u00eb mobilje banjoje elegante<\/p>\n","protected":false},"featured_media":6118,"template":"","meta":[],"product_cat":[340,487],"product_tag":[],"class_list":["post-6117","product","type-product","status-publish","has-post-thumbnail","hentry","product_cat-hidrosanitare","product_cat-mobilje-per-tualet"],"_links":{"self":[{"href":"https:\/\/hidrosistem.al\/new\/wp-json\/wp\/v2\/product\/6117","targetHints":{"allow":["GET"]}}],"collection":[{"href":"https:\/\/hidrosistem.al\/new\/wp-json\/wp\/v2\/product"}],"about":[{"href":"https:\/\/hidrosistem.al\/new\/wp-json\/wp\/v2\/types\/product"}],"version-history":[{"count":3,"href":"https:\/\/hidrosistem.al\/new\/wp-json\/wp\/v2\/product\/6117\/revisions"}],"predecessor-version":[{"id":13479,"href":"https:\/\/hidrosistem.al\/new\/wp-json\/wp\/v2\/product\/6117\/revisions\/13479"}],"wp:featuredmedia":[{"embeddable":true,"href":"https:\/\/hidrosistem.al\/new\/wp-json\/wp\/v2\/media\/6118"}],"wp:attachment":[{"href":"https:\/\/hidrosistem.al\/new\/wp-json\/wp\/v2\/media?parent=6117"}],"wp:term":[{"taxonomy":"product_cat","embeddable":true,"href":"https:\/\/hidrosistem.al\/new\/wp-json\/wp\/v2\/product_cat?post=6117"},{"taxonomy":"product_tag","embeddable":true,"href":"https:\/\/hidrosistem.al\/new\/wp-json\/wp\/v2\/product_tag?post=6117"}],"curies":[{"name":"wp","href":"https:\/\/api.w.org\/{rel}","templated":true}]}}