{"id":6105,"date":"2023-09-30T06:23:44","date_gmt":"2023-09-30T06:23:44","guid":{"rendered":"https:\/\/hidrosistem.al\/new\/?post_type=product&#038;p=6105"},"modified":"2025-12-04T09:20:00","modified_gmt":"2025-12-04T09:20:00","slug":"koke-dushi-katrore-fi-140-mm-plenum-square","status":"publish","type":"product","link":"https:\/\/hidrosistem.al\/new\/product\/koke-dushi-katrore-fi-140-mm-plenum-square\/","title":{"rendered":"Kok\u00eb dushi Roca katrore fi 140 mm Plenum Square"},"content":{"rendered":"<p><span data-sheets-value=\"{&quot;1&quot;:2,&quot;2&quot;:&quot;Koleksioni Pals : Nj\u00eb koleksion ultra-modern en\u00eb bronzi i formuar me nj\u00eb kombinim t\u00eb formave t\u00eb hijshme gjeometrike. Pals ofron nj\u00eb s\u00ebr\u00eb konfigurimesh, duke p\u00ebrfshir\u00eb \u00e7ezmat e lavamanit me lev\u00eb dhe miksera dushi t\u00eb p\u00ebrshtatshme p\u00ebr banj\u00eb.&quot;}\" data-sheets-userformat=\"{&quot;2&quot;:513,&quot;3&quot;:{&quot;1&quot;:0},&quot;12&quot;:0}\">Koleksioni Pals: Gama premium e kokave t\u00eb dushit metalike. Koka e dushit siguron shp\u00ebrndarje uniforme t\u00eb ujit, presion t\u00eb q\u00ebndruesh\u00ebm dhe nj\u00eb p\u00ebrvoj\u00eb t\u00eb k\u00ebndshme larjeje. E prodhuar nga materiale rezistente, \u00ebsht\u00eb e leht\u00eb p\u00ebr t\u2019u pastruar dhe garanton p\u00ebrdorim afatgjat\u00eb.<\/span><\/p>\n<p>Kodi i produktit ne ROCA : <span data-sheets-value=\"{&quot;1&quot;:2,&quot;2&quot;:&quot;A5B1110C00&quot;}\" data-sheets-userformat=\"{&quot;2&quot;:12929,&quot;3&quot;:{&quot;1&quot;:0},&quot;10&quot;:2,&quot;12&quot;:0,&quot;15&quot;:&quot;Calibri&quot;,&quot;16&quot;:12}\">A5B1110C00<\/span><\/p>\n<p>&nbsp;<\/p>\n","protected":false},"excerpt":{"rendered":"<p>Koleksioni Pals: Gama premium e kokave t\u00eb dushit metalike. Koka e dushit siguron shp\u00ebrndarje uniforme t\u00eb ujit, presion t\u00eb q\u00ebndruesh\u00ebm<\/p>\n","protected":false},"featured_media":6106,"template":"","meta":[],"product_cat":[340,485,581],"product_tag":[],"class_list":["post-6105","product","type-product","status-publish","has-post-thumbnail","hentry","product_cat-hidrosanitare","product_cat-kabina-dushi","product_cat-koke-dushi"],"_links":{"self":[{"href":"https:\/\/hidrosistem.al\/new\/wp-json\/wp\/v2\/product\/6105","targetHints":{"allow":["GET"]}}],"collection":[{"href":"https:\/\/hidrosistem.al\/new\/wp-json\/wp\/v2\/product"}],"about":[{"href":"https:\/\/hidrosistem.al\/new\/wp-json\/wp\/v2\/types\/product"}],"version-history":[{"count":3,"href":"https:\/\/hidrosistem.al\/new\/wp-json\/wp\/v2\/product\/6105\/revisions"}],"predecessor-version":[{"id":12854,"href":"https:\/\/hidrosistem.al\/new\/wp-json\/wp\/v2\/product\/6105\/revisions\/12854"}],"wp:featuredmedia":[{"embeddable":true,"href":"https:\/\/hidrosistem.al\/new\/wp-json\/wp\/v2\/media\/6106"}],"wp:attachment":[{"href":"https:\/\/hidrosistem.al\/new\/wp-json\/wp\/v2\/media?parent=6105"}],"wp:term":[{"taxonomy":"product_cat","embeddable":true,"href":"https:\/\/hidrosistem.al\/new\/wp-json\/wp\/v2\/product_cat?post=6105"},{"taxonomy":"product_tag","embeddable":true,"href":"https:\/\/hidrosistem.al\/new\/wp-json\/wp\/v2\/product_tag?post=6105"}],"curies":[{"name":"wp","href":"https:\/\/api.w.org\/{rel}","templated":true}]}}