{"id":6102,"date":"2023-09-30T06:22:29","date_gmt":"2023-09-30T06:22:29","guid":{"rendered":"https:\/\/hidrosistem.al\/new\/?post_type=product&#038;p=6102"},"modified":"2025-12-02T09:39:14","modified_gmt":"2025-12-02T09:39:14","slug":"grup-lavamani-incaso-me-deviator-jo-i-kompletuar","status":"publish","type":"product","link":"https:\/\/hidrosistem.al\/new\/product\/grup-lavamani-incaso-me-deviator-jo-i-kompletuar\/","title":{"rendered":"Grup lavamani Roca incaso me deviator jo i kompletuar"},"content":{"rendered":"<p><span data-sheets-value=\"{&quot;1&quot;:2,&quot;2&quot;:&quot;Koleksioni Pals : Nj\u00eb koleksion ultra-modern en\u00eb bronzi i formuar me nj\u00eb kombinim t\u00eb formave t\u00eb hijshme gjeometrike. Pals ofron nj\u00eb s\u00ebr\u00eb konfigurimesh, duke p\u00ebrfshir\u00eb \u00e7ezmat e lavamanit me lev\u00eb dhe miksera dushi t\u00eb p\u00ebrshtatshme p\u00ebr banj\u00eb.&quot;}\" data-sheets-userformat=\"{&quot;2&quot;:513,&quot;3&quot;:{&quot;1&quot;:0},&quot;12&quot;:0}\">Koleksioni Pals: Dizajn elegant dhe cil\u00ebsi e garantuar. Grupi i lavamanit ROCA ofron funksionim t\u00eb q\u00ebndruesh\u00ebm dhe stil modern. I prodhuar me standardet e larta t\u00eb mark\u00ebs ROCA, garanton kursim uji, q\u00ebndrueshm\u00ebri dhe pamje elegante.<\/span><\/p>\n<p>Kodi i produktit ne ROCA : <span data-sheets-value=\"{&quot;1&quot;:2,&quot;2&quot;:&quot;A5A356DC00&quot;}\" data-sheets-userformat=\"{&quot;2&quot;:12929,&quot;3&quot;:{&quot;1&quot;:0},&quot;10&quot;:2,&quot;12&quot;:0,&quot;15&quot;:&quot;Calibri&quot;,&quot;16&quot;:12}\">A5A356DC00<\/span><\/p>\n<p>&nbsp;<\/p>\n","protected":false},"excerpt":{"rendered":"<p>Koleksioni Pals: Dizajn elegant dhe cil\u00ebsi e garantuar. Grupi i lavamanit ROCA ofron funksionim t\u00eb q\u00ebndruesh\u00ebm dhe stil modern. I<\/p>\n","protected":false},"featured_media":6103,"template":"","meta":[],"product_cat":[340,474,475],"product_tag":[],"class_list":["post-6102","product","type-product","status-publish","has-post-thumbnail","hentry","product_cat-hidrosanitare","product_cat-rubineta","product_cat-rubineta-per-lavaman"],"_links":{"self":[{"href":"https:\/\/hidrosistem.al\/new\/wp-json\/wp\/v2\/product\/6102","targetHints":{"allow":["GET"]}}],"collection":[{"href":"https:\/\/hidrosistem.al\/new\/wp-json\/wp\/v2\/product"}],"about":[{"href":"https:\/\/hidrosistem.al\/new\/wp-json\/wp\/v2\/types\/product"}],"version-history":[{"count":3,"href":"https:\/\/hidrosistem.al\/new\/wp-json\/wp\/v2\/product\/6102\/revisions"}],"predecessor-version":[{"id":13390,"href":"https:\/\/hidrosistem.al\/new\/wp-json\/wp\/v2\/product\/6102\/revisions\/13390"}],"wp:featuredmedia":[{"embeddable":true,"href":"https:\/\/hidrosistem.al\/new\/wp-json\/wp\/v2\/media\/6103"}],"wp:attachment":[{"href":"https:\/\/hidrosistem.al\/new\/wp-json\/wp\/v2\/media?parent=6102"}],"wp:term":[{"taxonomy":"product_cat","embeddable":true,"href":"https:\/\/hidrosistem.al\/new\/wp-json\/wp\/v2\/product_cat?post=6102"},{"taxonomy":"product_tag","embeddable":true,"href":"https:\/\/hidrosistem.al\/new\/wp-json\/wp\/v2\/product_tag?post=6102"}],"curies":[{"name":"wp","href":"https:\/\/api.w.org\/{rel}","templated":true}]}}