{"id":6090,"date":"2023-09-30T06:18:20","date_gmt":"2023-09-30T06:18:20","guid":{"rendered":"https:\/\/hidrosistem.al\/new\/?post_type=product&#038;p=6090"},"modified":"2025-12-03T15:04:33","modified_gmt":"2025-12-03T15:04:33","slug":"nexo-lavaman-600x475-i-bardhe","status":"publish","type":"product","link":"https:\/\/hidrosistem.al\/new\/product\/nexo-lavaman-600x475-i-bardhe\/","title":{"rendered":"Lavaman Roca Nexo 600&#215;475 i bardh\u00eb"},"content":{"rendered":"<p><span data-sheets-value=\"{&quot;1&quot;:2,&quot;2&quot;:&quot;Koleksioni Nexo : Dy objektiva n\u00eb dukje kontradiktore, konvergojn\u00eb n\u00eb harmoni n\u00eb k\u00ebt\u00eb koleksion: estetika dhe ekonomia. Copa t\u00eb punuara n\u00eb disa dimensione n\u00eb m\u00ebnyr\u00eb q\u00eb t\u00eb p\u00ebrshtaten me t\u00eb gjitha hap\u00ebsirat. Nj\u00eb dizajn bashk\u00ebkohor dhe me proporcion t\u00eb p\u00ebrsosur q\u00eb p\u00ebrzihet n\u00eb m\u00ebnyr\u00eb delikate n\u00eb t\u00eb gjitha llojet e hap\u00ebsirave.&quot;}\" data-sheets-userformat=\"{&quot;2&quot;:513,&quot;3&quot;:{&quot;1&quot;:0},&quot;12&quot;:0}\">Koleksioni Nexo: Lavamani Nexo kombinon dizajnin praktik me q\u00ebndrueshm\u00ebri t\u00eb lart\u00eb, duke ofruar p\u00ebrdorim t\u00eb p\u00ebrditsh\u00ebm t\u00eb rehatsh\u00ebm dhe pastrim t\u00eb leht\u00eb. I prodhuar nga materiale cil\u00ebsore, p\u00ebrshtatet me \u00e7do stil tualeti.<br \/>\n<\/span><br \/>\nKodi i produktit ne ROCA : <span data-sheets-value=\"{&quot;1&quot;:2,&quot;2&quot;:&quot;A327641000&quot;}\" data-sheets-userformat=\"{&quot;2&quot;:12929,&quot;3&quot;:{&quot;1&quot;:0},&quot;10&quot;:2,&quot;12&quot;:0,&quot;15&quot;:&quot;Calibri&quot;,&quot;16&quot;:12}\">A327641000<br \/>\nDimensionet : <span id=\"dim-txt\">600 x 475 x 180 mm<\/span><\/span><\/p>\n","protected":false},"excerpt":{"rendered":"<p>Koleksioni Nexo: Lavamani Nexo kombinon dizajnin praktik me q\u00ebndrueshm\u00ebri t\u00eb lart\u00eb, duke ofruar p\u00ebrdorim t\u00eb p\u00ebrditsh\u00ebm t\u00eb rehatsh\u00ebm dhe pastrim<\/p>\n","protected":false},"featured_media":6091,"template":"","meta":[],"product_cat":[340,466,469],"product_tag":[],"class_list":["post-6090","product","type-product","status-publish","has-post-thumbnail","hentry","product_cat-hidrosanitare","product_cat-sanitare","product_cat-lavaman"],"_links":{"self":[{"href":"https:\/\/hidrosistem.al\/new\/wp-json\/wp\/v2\/product\/6090","targetHints":{"allow":["GET"]}}],"collection":[{"href":"https:\/\/hidrosistem.al\/new\/wp-json\/wp\/v2\/product"}],"about":[{"href":"https:\/\/hidrosistem.al\/new\/wp-json\/wp\/v2\/types\/product"}],"version-history":[{"count":2,"href":"https:\/\/hidrosistem.al\/new\/wp-json\/wp\/v2\/product\/6090\/revisions"}],"predecessor-version":[{"id":13461,"href":"https:\/\/hidrosistem.al\/new\/wp-json\/wp\/v2\/product\/6090\/revisions\/13461"}],"wp:featuredmedia":[{"embeddable":true,"href":"https:\/\/hidrosistem.al\/new\/wp-json\/wp\/v2\/media\/6091"}],"wp:attachment":[{"href":"https:\/\/hidrosistem.al\/new\/wp-json\/wp\/v2\/media?parent=6090"}],"wp:term":[{"taxonomy":"product_cat","embeddable":true,"href":"https:\/\/hidrosistem.al\/new\/wp-json\/wp\/v2\/product_cat?post=6090"},{"taxonomy":"product_tag","embeddable":true,"href":"https:\/\/hidrosistem.al\/new\/wp-json\/wp\/v2\/product_tag?post=6090"}],"curies":[{"name":"wp","href":"https:\/\/api.w.org\/{rel}","templated":true}]}}