{"id":6080,"date":"2023-09-30T06:15:21","date_gmt":"2023-09-30T06:15:21","guid":{"rendered":"https:\/\/hidrosistem.al\/new\/?post_type=product&#038;p=6080"},"modified":"2025-12-02T10:50:28","modified_gmt":"2025-12-02T10:50:28","slug":"nexo-gjysem-kollone-lavamani-170x290x340mm","status":"publish","type":"product","link":"https:\/\/hidrosistem.al\/new\/product\/nexo-gjysem-kollone-lavamani-170x290x340mm\/","title":{"rendered":"Gjysm\u00eb Kollone lavamani Roca Nexo 170x290x340 mm"},"content":{"rendered":"<p><span data-sheets-value=\"{&quot;1&quot;:2,&quot;2&quot;:&quot;Koleksioni Nexo : Dy objektiva n\u00eb dukje kontradiktore, konvergojn\u00eb n\u00eb harmoni n\u00eb k\u00ebt\u00eb koleksion: estetika dhe ekonomia. Copa t\u00eb punuara n\u00eb disa dimensione n\u00eb m\u00ebnyr\u00eb q\u00eb t\u00eb p\u00ebrshtaten me t\u00eb gjitha hap\u00ebsirat. Nj\u00eb dizajn bashk\u00ebkohor dhe me proporcion t\u00eb p\u00ebrsosur q\u00eb p\u00ebrzihet n\u00eb m\u00ebnyr\u00eb delikate n\u00eb t\u00eb gjitha llojet e hap\u00ebsirave.&quot;}\" data-sheets-userformat=\"{&quot;2&quot;:513,&quot;3&quot;:{&quot;1&quot;:0},&quot;12&quot;:0}\">Koleksioni Nexo: Estetik\u00eb e past\u00ebr dhe praktike. Gjysm\u00eb kollona e lavamanit mbulon tubacionet pjes\u00ebrisht duke ruajtur pamje t\u00eb rregullt dhe moderne. E prodhuar nga material rezistent, ofron p\u00ebrshtatje t\u00eb leht\u00eb me lavaman\u00ebt dhe instalim t\u00eb thjesht\u00eb.<br \/>\n<\/span><br \/>\nKodi i produktit ne ROCA : <span data-sheets-value=\"{&quot;1&quot;:2,&quot;2&quot;:&quot;A337642000&quot;}\" data-sheets-userformat=\"{&quot;2&quot;:12929,&quot;3&quot;:{&quot;1&quot;:0},&quot;10&quot;:2,&quot;12&quot;:0,&quot;15&quot;:&quot;Calibri&quot;,&quot;16&quot;:12}\">A337642000<\/span><br \/>\nDimensionet : <span id=\"dim-txt\">170 x 290 x 340 mm<\/span><\/p>\n<p>&nbsp;<\/p>\n<p>&nbsp;<\/p>\n","protected":false},"excerpt":{"rendered":"<p>Koleksioni Nexo: Estetik\u00eb e past\u00ebr dhe praktike. Gjysm\u00eb kollona e lavamanit mbulon tubacionet pjes\u00ebrisht duke ruajtur pamje t\u00eb rregullt dhe<\/p>\n","protected":false},"featured_media":6081,"template":"","meta":[],"product_cat":[340,466,473],"product_tag":[],"class_list":["post-6080","product","type-product","status-publish","has-post-thumbnail","hentry","product_cat-hidrosanitare","product_cat-sanitare","product_cat-aksesore-te-tjere-sanitare"],"_links":{"self":[{"href":"https:\/\/hidrosistem.al\/new\/wp-json\/wp\/v2\/product\/6080","targetHints":{"allow":["GET"]}}],"collection":[{"href":"https:\/\/hidrosistem.al\/new\/wp-json\/wp\/v2\/product"}],"about":[{"href":"https:\/\/hidrosistem.al\/new\/wp-json\/wp\/v2\/types\/product"}],"version-history":[{"count":3,"href":"https:\/\/hidrosistem.al\/new\/wp-json\/wp\/v2\/product\/6080\/revisions"}],"predecessor-version":[{"id":13471,"href":"https:\/\/hidrosistem.al\/new\/wp-json\/wp\/v2\/product\/6080\/revisions\/13471"}],"wp:featuredmedia":[{"embeddable":true,"href":"https:\/\/hidrosistem.al\/new\/wp-json\/wp\/v2\/media\/6081"}],"wp:attachment":[{"href":"https:\/\/hidrosistem.al\/new\/wp-json\/wp\/v2\/media?parent=6080"}],"wp:term":[{"taxonomy":"product_cat","embeddable":true,"href":"https:\/\/hidrosistem.al\/new\/wp-json\/wp\/v2\/product_cat?post=6080"},{"taxonomy":"product_tag","embeddable":true,"href":"https:\/\/hidrosistem.al\/new\/wp-json\/wp\/v2\/product_tag?post=6080"}],"curies":[{"name":"wp","href":"https:\/\/api.w.org\/{rel}","templated":true}]}}