{"id":6070,"date":"2023-09-30T06:10:46","date_gmt":"2023-09-30T06:10:46","guid":{"rendered":"https:\/\/hidrosistem.al\/new\/?post_type=product&#038;p=6070"},"modified":"2025-12-02T10:30:44","modified_gmt":"2025-12-02T10:30:44","slug":"nexo-kapak-bideje-i-rrumbullaket-i-bardhe","status":"publish","type":"product","link":"https:\/\/hidrosistem.al\/new\/product\/nexo-kapak-bideje-i-rrumbullaket-i-bardhe\/","title":{"rendered":"Kapak bideje Roca Nexo i rrumbullak\u00ebt i bardh\u00eb"},"content":{"rendered":"<p><span data-sheets-value=\"{&quot;1&quot;:2,&quot;2&quot;:&quot;Koleksioni Nexo : Dy objektiva n\u00eb dukje kontradiktore, konvergojn\u00eb n\u00eb harmoni n\u00eb k\u00ebt\u00eb koleksion: estetika dhe ekonomia. Copa t\u00eb punuara n\u00eb disa dimensione n\u00eb m\u00ebnyr\u00eb q\u00eb t\u00eb p\u00ebrshtaten me t\u00eb gjitha hap\u00ebsirat. Nj\u00eb dizajn bashk\u00ebkohor dhe me proporcion t\u00eb p\u00ebrsosur q\u00eb p\u00ebrzihet n\u00eb m\u00ebnyr\u00eb delikate n\u00eb t\u00eb gjitha llojet e hap\u00ebsirave.&quot;}\" data-sheets-userformat=\"{&quot;2&quot;:513,&quot;3&quot;:{&quot;1&quot;:0},&quot;12&quot;:0}\">Koleksioni Nexo : Dizajn neutral me linja t\u00eb pastra dhe forma harmonike. Koleksioni Nexo p\u00ebrshtatet n\u00eb \u00e7do stil arredimi, duke sjell\u00eb eleganc\u00eb dhe funksionalitet n\u00eb hap\u00ebsir\u00ebn e banj\u00ebs. Realizuar nga porcelan dhe mobilje cil\u00ebsore, ky koleksion \u00ebsht\u00eb zgjidhja ideale p\u00ebr ata q\u00eb k\u00ebrkojn\u00eb nj\u00eb stil modern q\u00eb zgjat n\u00eb koh\u00eb.<br \/>\n<\/span><br \/>\nKodi i produktit ne ROCA : <span data-sheets-value=\"{&quot;1&quot;:2,&quot;2&quot;:&quot;A806640004&quot;}\" data-sheets-userformat=\"{&quot;2&quot;:12929,&quot;3&quot;:{&quot;1&quot;:0},&quot;10&quot;:2,&quot;12&quot;:0,&quot;15&quot;:&quot;Calibri&quot;,&quot;16&quot;:12}\">A806640004<\/span><\/p>\n","protected":false},"excerpt":{"rendered":"<p>Koleksioni Nexo : Dizajn neutral me linja t\u00eb pastra dhe forma harmonike. Koleksioni Nexo p\u00ebrshtatet n\u00eb \u00e7do stil arredimi, duke<\/p>\n","protected":false},"featured_media":6071,"template":"","meta":[],"product_cat":[340,466,473],"product_tag":[],"class_list":["post-6070","product","type-product","status-publish","has-post-thumbnail","hentry","product_cat-hidrosanitare","product_cat-sanitare","product_cat-aksesore-te-tjere-sanitare"],"_links":{"self":[{"href":"https:\/\/hidrosistem.al\/new\/wp-json\/wp\/v2\/product\/6070","targetHints":{"allow":["GET"]}}],"collection":[{"href":"https:\/\/hidrosistem.al\/new\/wp-json\/wp\/v2\/product"}],"about":[{"href":"https:\/\/hidrosistem.al\/new\/wp-json\/wp\/v2\/types\/product"}],"version-history":[{"count":2,"href":"https:\/\/hidrosistem.al\/new\/wp-json\/wp\/v2\/product\/6070\/revisions"}],"predecessor-version":[{"id":13453,"href":"https:\/\/hidrosistem.al\/new\/wp-json\/wp\/v2\/product\/6070\/revisions\/13453"}],"wp:featuredmedia":[{"embeddable":true,"href":"https:\/\/hidrosistem.al\/new\/wp-json\/wp\/v2\/media\/6071"}],"wp:attachment":[{"href":"https:\/\/hidrosistem.al\/new\/wp-json\/wp\/v2\/media?parent=6070"}],"wp:term":[{"taxonomy":"product_cat","embeddable":true,"href":"https:\/\/hidrosistem.al\/new\/wp-json\/wp\/v2\/product_cat?post=6070"},{"taxonomy":"product_tag","embeddable":true,"href":"https:\/\/hidrosistem.al\/new\/wp-json\/wp\/v2\/product_tag?post=6070"}],"curies":[{"name":"wp","href":"https:\/\/api.w.org\/{rel}","templated":true}]}}