{"id":6060,"date":"2023-09-30T06:07:32","date_gmt":"2023-09-30T06:07:32","guid":{"rendered":"https:\/\/hidrosistem.al\/new\/?post_type=product&#038;p=6060"},"modified":"2025-12-02T10:54:15","modified_gmt":"2025-12-02T10:54:15","slug":"nexo-kaset-wc-je-3-6-l-e-bardhe","status":"publish","type":"product","link":"https:\/\/hidrosistem.al\/new\/product\/nexo-kaset-wc-je-3-6-l-e-bardhe\/","title":{"rendered":"Kaset\u00eb wc Roca Nexo 3\/6 L e bardh\u00eb"},"content":{"rendered":"<p><span data-sheets-value=\"{&quot;1&quot;:2,&quot;2&quot;:&quot;Koleksioni Nexo : Dy objektiva n\u00eb dukje kontradiktore, konvergojn\u00eb n\u00eb harmoni n\u00eb k\u00ebt\u00eb koleksion: estetika dhe ekonomia. Copa t\u00eb punuara n\u00eb disa dimensione n\u00eb m\u00ebnyr\u00eb q\u00eb t\u00eb p\u00ebrshtaten me t\u00eb gjitha hap\u00ebsirat. Nj\u00eb dizajn bashk\u00ebkohor dhe me proporcion t\u00eb p\u00ebrsosur q\u00eb p\u00ebrzihet n\u00eb m\u00ebnyr\u00eb delikate n\u00eb t\u00eb gjitha llojet e hap\u00ebsirave.&quot;}\" data-sheets-userformat=\"{&quot;2&quot;:513,&quot;3&quot;:{&quot;1&quot;:0},&quot;12&quot;:0}\">Koleksioni Nexo: Kaseta WC siguron shkarkim efikas dhe t\u00eb qet\u00eb, duke ofruar besueshm\u00ebri t\u00eb lart\u00eb dhe konsum t\u00eb reduktuar t\u00eb ujit. E prodhuar nga materiale cil\u00ebsore me mekaniz\u00ebm t\u00eb q\u00ebndruesh\u00ebm, garanton performanc\u00eb afatgjat\u00eb dhe mir\u00ebmbajtje minimale.<br \/>\n<\/span><br \/>\nKodi i produktit ne ROCA : <span data-sheets-value=\"{&quot;1&quot;:2,&quot;2&quot;:&quot;A341640000&quot;}\" data-sheets-userformat=\"{&quot;2&quot;:12989,&quot;3&quot;:{&quot;1&quot;:0},&quot;5&quot;:{&quot;1&quot;:[{&quot;1&quot;:2,&quot;2&quot;:0,&quot;5&quot;:{&quot;1&quot;:2,&quot;2&quot;:0}},{&quot;1&quot;:0,&quot;2&quot;:0,&quot;3&quot;:3},{&quot;1&quot;:1,&quot;2&quot;:0,&quot;4&quot;:1}]},&quot;6&quot;:{&quot;1&quot;:[{&quot;1&quot;:2,&quot;2&quot;:0,&quot;5&quot;:{&quot;1&quot;:2,&quot;2&quot;:0}},{&quot;1&quot;:0,&quot;2&quot;:0,&quot;3&quot;:3},{&quot;1&quot;:1,&quot;2&quot;:0,&quot;4&quot;:1}]},&quot;7&quot;:{&quot;1&quot;:[{&quot;1&quot;:2,&quot;2&quot;:0,&quot;5&quot;:{&quot;1&quot;:2,&quot;2&quot;:0}},{&quot;1&quot;:0,&quot;2&quot;:0,&quot;3&quot;:3},{&quot;1&quot;:1,&quot;2&quot;:0,&quot;4&quot;:1}]},&quot;8&quot;:{&quot;1&quot;:[{&quot;1&quot;:2,&quot;2&quot;:0,&quot;5&quot;:{&quot;1&quot;:2,&quot;2&quot;:0}},{&quot;1&quot;:0,&quot;2&quot;:0,&quot;3&quot;:3},{&quot;1&quot;:1,&quot;2&quot;:0,&quot;4&quot;:1}]},&quot;10&quot;:2,&quot;12&quot;:0,&quot;15&quot;:&quot;Calibri&quot;,&quot;16&quot;:12}\">A341640000<\/span><br \/>\nDimensionet : <span id=\"dim-txt\">375 x 170 x 400 mm<\/span><\/p>\n","protected":false},"excerpt":{"rendered":"<p>Koleksioni Nexo: Kaseta WC siguron shkarkim efikas dhe t\u00eb qet\u00eb, duke ofruar besueshm\u00ebri t\u00eb lart\u00eb dhe konsum t\u00eb reduktuar t\u00eb<\/p>\n","protected":false},"featured_media":6062,"template":"","meta":[],"product_cat":[340,489,528],"product_tag":[],"class_list":["post-6060","product","type-product","status-publish","has-post-thumbnail","hentry","product_cat-hidrosanitare","product_cat-kaseta-inkaso","product_cat-kaseta"],"_links":{"self":[{"href":"https:\/\/hidrosistem.al\/new\/wp-json\/wp\/v2\/product\/6060","targetHints":{"allow":["GET"]}}],"collection":[{"href":"https:\/\/hidrosistem.al\/new\/wp-json\/wp\/v2\/product"}],"about":[{"href":"https:\/\/hidrosistem.al\/new\/wp-json\/wp\/v2\/types\/product"}],"version-history":[{"count":3,"href":"https:\/\/hidrosistem.al\/new\/wp-json\/wp\/v2\/product\/6060\/revisions"}],"predecessor-version":[{"id":13477,"href":"https:\/\/hidrosistem.al\/new\/wp-json\/wp\/v2\/product\/6060\/revisions\/13477"}],"wp:featuredmedia":[{"embeddable":true,"href":"https:\/\/hidrosistem.al\/new\/wp-json\/wp\/v2\/media\/6062"}],"wp:attachment":[{"href":"https:\/\/hidrosistem.al\/new\/wp-json\/wp\/v2\/media?parent=6060"}],"wp:term":[{"taxonomy":"product_cat","embeddable":true,"href":"https:\/\/hidrosistem.al\/new\/wp-json\/wp\/v2\/product_cat?post=6060"},{"taxonomy":"product_tag","embeddable":true,"href":"https:\/\/hidrosistem.al\/new\/wp-json\/wp\/v2\/product_tag?post=6060"}],"curies":[{"name":"wp","href":"https:\/\/api.w.org\/{rel}","templated":true}]}}