{"id":6052,"date":"2023-09-30T06:03:27","date_gmt":"2023-09-30T06:03:27","guid":{"rendered":"https:\/\/hidrosistem.al\/new\/?post_type=product&#038;p=6052"},"modified":"2025-12-02T10:51:44","modified_gmt":"2025-12-02T10:51:44","slug":"nexo-kollone-lavamani-e-plote-i-bardhe","status":"publish","type":"product","link":"https:\/\/hidrosistem.al\/new\/product\/nexo-kollone-lavamani-e-plote-i-bardhe\/","title":{"rendered":"Kollon\u00eb lavamani Roca Nexo e plot\u00eb e bardh\u00eb"},"content":{"rendered":"<p><span data-sheets-value=\"{&quot;1&quot;:2,&quot;2&quot;:&quot;Koleksioni Nexo : Dy objektiva n\u00eb dukje kontradiktore, konvergojn\u00eb n\u00eb harmoni n\u00eb k\u00ebt\u00eb koleksion: estetika dhe ekonomia. Copa t\u00eb punuara n\u00eb disa dimensione n\u00eb m\u00ebnyr\u00eb q\u00eb t\u00eb p\u00ebrshtaten me t\u00eb gjitha hap\u00ebsirat. Nj\u00eb dizajn bashk\u00ebkohor dhe me proporcion t\u00eb p\u00ebrsosur q\u00eb p\u00ebrzihet n\u00eb m\u00ebnyr\u00eb delikate n\u00eb t\u00eb gjitha llojet e hap\u00ebsirave.&quot;}\" data-sheets-userformat=\"{&quot;2&quot;:513,&quot;3&quot;:{&quot;1&quot;:0},&quot;12&quot;:0}\">Koleksioni Nexo: Kollona e lavamanit Nexo kombinon stilin klasik me funksionalitetin praktik, duke sjell\u00eb nj\u00eb zgjidhje t\u00eb past\u00ebr dhe elegante p\u00ebr \u00e7do banjo. E prodhuar nga Roca me materiale cil\u00ebsore dhe rezistente, kjo kollon\u00eb mbulon instalimet n\u00ebn lavaman duke krijuar nj\u00eb pamje t\u00eb rregullt dhe t\u00eb harmonizuar. Dizajni i saj i bardh\u00eb dhe linjat e thjeshta e b\u00ebjn\u00eb ideale p\u00ebr \u00e7do stil arredimi, nga klasik te modern, nd\u00ebrsa montimi i saj i drejtp\u00ebrdrejt\u00eb garanton stabilitet dhe funksionim afatgjat\u00eb.<br \/>\n<\/span><br \/>\nKodi i produktit ne ROCA : <span data-sheets-value=\"{&quot;1&quot;:2,&quot;2&quot;:&quot;A337641000&quot;}\" data-sheets-userformat=\"{&quot;2&quot;:12929,&quot;3&quot;:{&quot;1&quot;:0},&quot;10&quot;:2,&quot;12&quot;:0,&quot;15&quot;:&quot;Calibri&quot;,&quot;16&quot;:12}\">A337641000<\/span><br \/>\nDimensionet : <span id=\"dim-txt\">175 x 190 x 680 mm<\/span><\/p>\n","protected":false},"excerpt":{"rendered":"<p>Koleksioni Nexo: Kollona e lavamanit Nexo kombinon stilin klasik me funksionalitetin praktik, duke sjell\u00eb nj\u00eb zgjidhje t\u00eb past\u00ebr dhe elegante<\/p>\n","protected":false},"featured_media":6053,"template":"","meta":[],"product_cat":[340,466,473],"product_tag":[],"class_list":["post-6052","product","type-product","status-publish","has-post-thumbnail","hentry","product_cat-hidrosanitare","product_cat-sanitare","product_cat-aksesore-te-tjere-sanitare"],"_links":{"self":[{"href":"https:\/\/hidrosistem.al\/new\/wp-json\/wp\/v2\/product\/6052","targetHints":{"allow":["GET"]}}],"collection":[{"href":"https:\/\/hidrosistem.al\/new\/wp-json\/wp\/v2\/product"}],"about":[{"href":"https:\/\/hidrosistem.al\/new\/wp-json\/wp\/v2\/types\/product"}],"version-history":[{"count":2,"href":"https:\/\/hidrosistem.al\/new\/wp-json\/wp\/v2\/product\/6052\/revisions"}],"predecessor-version":[{"id":13472,"href":"https:\/\/hidrosistem.al\/new\/wp-json\/wp\/v2\/product\/6052\/revisions\/13472"}],"wp:featuredmedia":[{"embeddable":true,"href":"https:\/\/hidrosistem.al\/new\/wp-json\/wp\/v2\/media\/6053"}],"wp:attachment":[{"href":"https:\/\/hidrosistem.al\/new\/wp-json\/wp\/v2\/media?parent=6052"}],"wp:term":[{"taxonomy":"product_cat","embeddable":true,"href":"https:\/\/hidrosistem.al\/new\/wp-json\/wp\/v2\/product_cat?post=6052"},{"taxonomy":"product_tag","embeddable":true,"href":"https:\/\/hidrosistem.al\/new\/wp-json\/wp\/v2\/product_tag?post=6052"}],"curies":[{"name":"wp","href":"https:\/\/api.w.org\/{rel}","templated":true}]}}