{"id":6043,"date":"2023-09-30T06:00:32","date_gmt":"2023-09-30T06:00:32","guid":{"rendered":"https:\/\/hidrosistem.al\/new\/?post_type=product&#038;p=6043"},"modified":"2025-11-24T09:02:09","modified_gmt":"2025-11-24T09:02:09","slug":"kembe-vaske-bronxi","status":"publish","type":"product","link":"https:\/\/hidrosistem.al\/new\/product\/kembe-vaske-bronxi\/","title":{"rendered":"K\u00ebmb\u00eb vaske Roca prej bronzi"},"content":{"rendered":"<p><span data-sheets-value=\"{&quot;1&quot;:2,&quot;2&quot;:&quot;Koleksioni Newcast : Nj\u00eb model retro i frym\u00ebzuar n\u00eb t\u00eb kaluar\u00ebn, i cili e l\u00eb t\u00eb eg\u00ebr imagjinat\u00ebn dhe kombinon epokat e kaluara me karakteristikat dhe p\u00ebrfitimet m\u00eb t\u00eb fundit.&quot;}\" data-sheets-userformat=\"{&quot;2&quot;:513,&quot;3&quot;:{&quot;1&quot;:0},&quot;12&quot;:0}\">Koleksioni Newcast: K\u00ebmb\u00ebt e vask\u00ebs prej bronzi ofrojn\u00eb stabilitet t\u00eb lart\u00eb dhe nj\u00eb pamje elegante klasike. Materiali i fort\u00eb garanton q\u00ebndrueshm\u00ebri afatgjat\u00eb, nd\u00ebrsa dizajni dekorativ i jep vask\u00ebs stil dhe karakter unik.<\/span><\/p>\n<p>Kodi i produktit ne ROCA : <span data-sheets-value=\"{&quot;1&quot;:2,&quot;2&quot;:&quot;A291094000&quot;}\" data-sheets-userformat=\"{&quot;2&quot;:12929,&quot;3&quot;:{&quot;1&quot;:0},&quot;10&quot;:2,&quot;12&quot;:0,&quot;15&quot;:&quot;Calibri&quot;,&quot;16&quot;:12}\">A291094000<\/span><\/p>\n","protected":false},"excerpt":{"rendered":"<p>Koleksioni Newcast: K\u00ebmb\u00ebt e vask\u00ebs prej bronzi ofrojn\u00eb stabilitet t\u00eb lart\u00eb dhe nj\u00eb pamje elegante klasike. Materiali i fort\u00eb garanton<\/p>\n","protected":false},"featured_media":6044,"template":"","meta":[],"product_cat":[340,481,484],"product_tag":[],"class_list":["post-6043","product","type-product","status-publish","has-post-thumbnail","hentry","product_cat-hidrosanitare","product_cat-vaska","product_cat-aksesore-per-vaska"],"_links":{"self":[{"href":"https:\/\/hidrosistem.al\/new\/wp-json\/wp\/v2\/product\/6043","targetHints":{"allow":["GET"]}}],"collection":[{"href":"https:\/\/hidrosistem.al\/new\/wp-json\/wp\/v2\/product"}],"about":[{"href":"https:\/\/hidrosistem.al\/new\/wp-json\/wp\/v2\/types\/product"}],"version-history":[{"count":3,"href":"https:\/\/hidrosistem.al\/new\/wp-json\/wp\/v2\/product\/6043\/revisions"}],"predecessor-version":[{"id":12848,"href":"https:\/\/hidrosistem.al\/new\/wp-json\/wp\/v2\/product\/6043\/revisions\/12848"}],"wp:featuredmedia":[{"embeddable":true,"href":"https:\/\/hidrosistem.al\/new\/wp-json\/wp\/v2\/media\/6044"}],"wp:attachment":[{"href":"https:\/\/hidrosistem.al\/new\/wp-json\/wp\/v2\/media?parent=6043"}],"wp:term":[{"taxonomy":"product_cat","embeddable":true,"href":"https:\/\/hidrosistem.al\/new\/wp-json\/wp\/v2\/product_cat?post=6043"},{"taxonomy":"product_tag","embeddable":true,"href":"https:\/\/hidrosistem.al\/new\/wp-json\/wp\/v2\/product_tag?post=6043"}],"curies":[{"name":"wp","href":"https:\/\/api.w.org\/{rel}","templated":true}]}}