{"id":6040,"date":"2023-09-30T05:57:50","date_gmt":"2023-09-30T05:57:50","guid":{"rendered":"https:\/\/hidrosistem.al\/new\/?post_type=product&#038;p=6040"},"modified":"2025-12-01T09:38:08","modified_gmt":"2025-12-01T09:38:08","slug":"aksesore-i-jashtem-lavaman-naia-a525220603","status":"publish","type":"product","link":"https:\/\/hidrosistem.al\/new\/product\/aksesore-i-jashtem-lavaman-naia-a525220603\/","title":{"rendered":"Aksesor i jasht\u00ebm lavamani Roca Naia"},"content":{"rendered":"<p><span data-sheets-value=\"{&quot;1&quot;:2,&quot;2&quot;:&quot;Koleksioni Naia : Karakteri dhe sofistikimi bashkohen n\u00eb k\u00ebt\u00eb koleksion rubineti me nj\u00eb dizajn minimalist, t\u00eb lindur nga nj\u00eb kombinim perfekt i formave gjeometrike cilindrike dhe katrore.&quot;}\" data-sheets-userformat=\"{&quot;2&quot;:513,&quot;3&quot;:{&quot;1&quot;:0},&quot;12&quot;:0}\">Koleksioni Naia: Aksesori i jasht\u00ebm i lavamanit sjell eleganc\u00eb dhe funksionalitet n\u00eb banjon tuaj. Me montim t\u00eb fshehur, dorez\u00eb an\u00ebsore dhe konsum minimalist uji \u00ebsht\u00eb zgjedhje ideale p\u00ebr lavaman\u00eb modern\u00eb q\u00eb synojn\u00eb dizajn t\u00eb past\u00ebr dhe minimal. Instalimi b\u00ebhet me \u201cbuilt-in body\u201d. Nj\u00eb zgjedhje premium p\u00ebr p\u00ebrdorues q\u00eb vler\u00ebsojn\u00eb dizajnin dhe kursimin e energjis\u00eb.<\/span><\/p>\n<p>Kodi i produktit ne ROCA : <span data-sheets-value=\"{&quot;1&quot;:2,&quot;2&quot;:&quot;A5A3596C00&quot;}\" data-sheets-userformat=\"{&quot;2&quot;:12929,&quot;3&quot;:{&quot;1&quot;:0},&quot;10&quot;:2,&quot;12&quot;:0,&quot;15&quot;:&quot;Calibri&quot;,&quot;16&quot;:12}\">A5A3596C00<\/span><\/p>\n","protected":false},"excerpt":{"rendered":"<p>Koleksioni Naia: Aksesori i jasht\u00ebm i lavamanit sjell eleganc\u00eb dhe funksionalitet n\u00eb banjon tuaj. Me montim t\u00eb fshehur, dorez\u00eb an\u00ebsore<\/p>\n","protected":false},"featured_media":6041,"template":"","meta":[],"product_cat":[340,474,475],"product_tag":[],"class_list":["post-6040","product","type-product","status-publish","has-post-thumbnail","hentry","product_cat-hidrosanitare","product_cat-rubineta","product_cat-rubineta-per-lavaman"],"_links":{"self":[{"href":"https:\/\/hidrosistem.al\/new\/wp-json\/wp\/v2\/product\/6040","targetHints":{"allow":["GET"]}}],"collection":[{"href":"https:\/\/hidrosistem.al\/new\/wp-json\/wp\/v2\/product"}],"about":[{"href":"https:\/\/hidrosistem.al\/new\/wp-json\/wp\/v2\/types\/product"}],"version-history":[{"count":3,"href":"https:\/\/hidrosistem.al\/new\/wp-json\/wp\/v2\/product\/6040\/revisions"}],"predecessor-version":[{"id":13004,"href":"https:\/\/hidrosistem.al\/new\/wp-json\/wp\/v2\/product\/6040\/revisions\/13004"}],"wp:featuredmedia":[{"embeddable":true,"href":"https:\/\/hidrosistem.al\/new\/wp-json\/wp\/v2\/media\/6041"}],"wp:attachment":[{"href":"https:\/\/hidrosistem.al\/new\/wp-json\/wp\/v2\/media?parent=6040"}],"wp:term":[{"taxonomy":"product_cat","embeddable":true,"href":"https:\/\/hidrosistem.al\/new\/wp-json\/wp\/v2\/product_cat?post=6040"},{"taxonomy":"product_tag","embeddable":true,"href":"https:\/\/hidrosistem.al\/new\/wp-json\/wp\/v2\/product_tag?post=6040"}],"curies":[{"name":"wp","href":"https:\/\/api.w.org\/{rel}","templated":true}]}}