{"id":6032,"date":"2023-09-30T05:55:33","date_gmt":"2023-09-30T05:55:33","guid":{"rendered":"https:\/\/hidrosistem.al\/new\/?post_type=product&#038;p=6032"},"modified":"2025-12-02T09:43:25","modified_gmt":"2025-12-02T09:43:25","slug":"grup-lavamani-naia","status":"publish","type":"product","link":"https:\/\/hidrosistem.al\/new\/product\/grup-lavamani-naia\/","title":{"rendered":"Grup lavamani Roca Naia"},"content":{"rendered":"<p><span data-sheets-value=\"{&quot;1&quot;:2,&quot;2&quot;:&quot;Koleksioni Naia : Karakteri dhe sofistikimi bashkohen n\u00eb k\u00ebt\u00eb koleksion rubineti me nj\u00eb dizajn minimalist, t\u00eb lindur nga nj\u00eb kombinim perfekt i formave gjeometrike cilindrike dhe katrore.&quot;}\" data-sheets-userformat=\"{&quot;2&quot;:513,&quot;3&quot;:{&quot;1&quot;:0},&quot;12&quot;:0}\">Koleksioni Naia: Dizajn elegant dhe cil\u00ebsi e garantuar. Grupi i lavamanit ROCA ofron funksionim t\u00eb q\u00ebndruesh\u00ebm dhe stil modern. I prodhuar me standardet e larta t\u00eb mark\u00ebs ROCA, garanton kursim uji, q\u00ebndrueshm\u00ebri dhe pamje elegante.<\/span><\/p>\n<p>Kodi i produktit ne ROCA : <span data-sheets-value=\"{&quot;1&quot;:2,&quot;2&quot;:&quot;A5A3096C00&quot;}\" data-sheets-userformat=\"{&quot;2&quot;:12929,&quot;3&quot;:{&quot;1&quot;:0},&quot;10&quot;:2,&quot;12&quot;:0,&quot;15&quot;:&quot;Calibri&quot;,&quot;16&quot;:12}\">A5A3096C00<\/span><\/p>\n","protected":false},"excerpt":{"rendered":"<p>Koleksioni Naia: Dizajn elegant dhe cil\u00ebsi e garantuar. Grupi i lavamanit ROCA ofron funksionim t\u00eb q\u00ebndruesh\u00ebm dhe stil modern. I<\/p>\n","protected":false},"featured_media":6033,"template":"","meta":[],"product_cat":[340,474,475],"product_tag":[],"class_list":["post-6032","product","type-product","status-publish","has-post-thumbnail","hentry","product_cat-hidrosanitare","product_cat-rubineta","product_cat-rubineta-per-lavaman"],"_links":{"self":[{"href":"https:\/\/hidrosistem.al\/new\/wp-json\/wp\/v2\/product\/6032","targetHints":{"allow":["GET"]}}],"collection":[{"href":"https:\/\/hidrosistem.al\/new\/wp-json\/wp\/v2\/product"}],"about":[{"href":"https:\/\/hidrosistem.al\/new\/wp-json\/wp\/v2\/types\/product"}],"version-history":[{"count":2,"href":"https:\/\/hidrosistem.al\/new\/wp-json\/wp\/v2\/product\/6032\/revisions"}],"predecessor-version":[{"id":13401,"href":"https:\/\/hidrosistem.al\/new\/wp-json\/wp\/v2\/product\/6032\/revisions\/13401"}],"wp:featuredmedia":[{"embeddable":true,"href":"https:\/\/hidrosistem.al\/new\/wp-json\/wp\/v2\/media\/6033"}],"wp:attachment":[{"href":"https:\/\/hidrosistem.al\/new\/wp-json\/wp\/v2\/media?parent=6032"}],"wp:term":[{"taxonomy":"product_cat","embeddable":true,"href":"https:\/\/hidrosistem.al\/new\/wp-json\/wp\/v2\/product_cat?post=6032"},{"taxonomy":"product_tag","embeddable":true,"href":"https:\/\/hidrosistem.al\/new\/wp-json\/wp\/v2\/product_tag?post=6032"}],"curies":[{"name":"wp","href":"https:\/\/api.w.org\/{rel}","templated":true}]}}