{"id":6028,"date":"2023-09-30T05:54:28","date_gmt":"2023-09-30T05:54:28","guid":{"rendered":"https:\/\/hidrosistem.al\/new\/?post_type=product&#038;p=6028"},"modified":"2025-12-02T09:21:25","modified_gmt":"2025-12-02T09:21:25","slug":"grup-dushi-inkaso-naia-per-kuti-universale-a525869403","status":"publish","type":"product","link":"https:\/\/hidrosistem.al\/new\/product\/grup-dushi-inkaso-naia-per-kuti-universale-a525869403\/","title":{"rendered":"Grup dushi inkaso Roca Naia p\u00ebr kuti universale A525869403"},"content":{"rendered":"<p><span data-sheets-value=\"{&quot;1&quot;:2,&quot;2&quot;:&quot;Koleksioni Naia : Karakteri dhe sofistikimi bashkohen n\u00eb k\u00ebt\u00eb koleksion rubineti me nj\u00eb dizajn minimalist, t\u00eb lindur nga nj\u00eb kombinim perfekt i formave gjeometrike cilindrike dhe katrore.&quot;}\" data-sheets-userformat=\"{&quot;2&quot;:513,&quot;3&quot;:{&quot;1&quot;:0},&quot;12&quot;:0}\">Koleksioni Naia: Komfort dhe funksionalitet n\u00eb \u00e7do dush. Grupi i dushit ofron nj\u00eb zgjidhje t\u00eb plot\u00eb p\u00ebr p\u00ebrdorim t\u00eb p\u00ebrditsh\u00ebm, me kontroll t\u00eb sakt\u00eb t\u00eb ujit dhe materiale rezistente ndaj lag\u00ebshtir\u00ebs. Dizajni praktik garanton instalim t\u00eb leht\u00eb dhe p\u00ebrvoj\u00eb komode dushi.<\/span><\/p>\n<p>Kodi i produktit ne ROCA : <span data-sheets-value=\"{&quot;1&quot;:2,&quot;2&quot;:&quot;A5A2B96C00&quot;}\" data-sheets-userformat=\"{&quot;2&quot;:12929,&quot;3&quot;:{&quot;1&quot;:0},&quot;10&quot;:2,&quot;12&quot;:0,&quot;15&quot;:&quot;Calibri&quot;,&quot;16&quot;:12}\">A5A2B96C00<\/span><\/p>\n","protected":false},"excerpt":{"rendered":"<p>Koleksioni Naia: Komfort dhe funksionalitet n\u00eb \u00e7do dush. Grupi i dushit ofron nj\u00eb zgjidhje t\u00eb plot\u00eb p\u00ebr p\u00ebrdorim t\u00eb p\u00ebrditsh\u00ebm,<\/p>\n","protected":false},"featured_media":6029,"template":"","meta":[],"product_cat":[340,474,478],"product_tag":[],"class_list":["post-6028","product","type-product","status-publish","has-post-thumbnail","hentry","product_cat-hidrosanitare","product_cat-rubineta","product_cat-rubineta-per-dushe"],"_links":{"self":[{"href":"https:\/\/hidrosistem.al\/new\/wp-json\/wp\/v2\/product\/6028","targetHints":{"allow":["GET"]}}],"collection":[{"href":"https:\/\/hidrosistem.al\/new\/wp-json\/wp\/v2\/product"}],"about":[{"href":"https:\/\/hidrosistem.al\/new\/wp-json\/wp\/v2\/types\/product"}],"version-history":[{"count":3,"href":"https:\/\/hidrosistem.al\/new\/wp-json\/wp\/v2\/product\/6028\/revisions"}],"predecessor-version":[{"id":13366,"href":"https:\/\/hidrosistem.al\/new\/wp-json\/wp\/v2\/product\/6028\/revisions\/13366"}],"wp:featuredmedia":[{"embeddable":true,"href":"https:\/\/hidrosistem.al\/new\/wp-json\/wp\/v2\/media\/6029"}],"wp:attachment":[{"href":"https:\/\/hidrosistem.al\/new\/wp-json\/wp\/v2\/media?parent=6028"}],"wp:term":[{"taxonomy":"product_cat","embeddable":true,"href":"https:\/\/hidrosistem.al\/new\/wp-json\/wp\/v2\/product_cat?post=6028"},{"taxonomy":"product_tag","embeddable":true,"href":"https:\/\/hidrosistem.al\/new\/wp-json\/wp\/v2\/product_tag?post=6028"}],"curies":[{"name":"wp","href":"https:\/\/api.w.org\/{rel}","templated":true}]}}