{"id":5998,"date":"2023-09-30T05:44:22","date_gmt":"2023-09-30T05:44:22","guid":{"rendered":"https:\/\/hidrosistem.al\/new\/?post_type=product&#038;p=5998"},"modified":"2025-12-02T09:30:20","modified_gmt":"2025-12-02T09:30:20","slug":"grup-dushi-monodin-pa-aksesore","status":"publish","type":"product","link":"https:\/\/hidrosistem.al\/new\/product\/grup-dushi-monodin-pa-aksesore\/","title":{"rendered":"Grup dushi Roca Monodine pa aksesor\u00eb"},"content":{"rendered":"<p><span data-sheets-value=\"{&quot;1&quot;:2,&quot;2&quot;:&quot;Koleksioni Monodine : Lakoret e buta dhe format e rrumbullakosura p\u00ebrcaktojn\u00eb k\u00ebt\u00eb koleksion q\u00eb shquhet p\u00ebr thjesht\u00ebsin\u00eb dhe eleganc\u00ebn e tij. Rubinetat e legenit t\u00eb k\u00ebtij koleksioni jan\u00eb pjes\u00eb e rubinetave inovative Roca me teknologji Cold Start p\u00ebr kursime m\u00eb t\u00eb m\u00ebdha t\u00eb energjis\u00eb.&quot;}\" data-sheets-userformat=\"{&quot;2&quot;:513,&quot;3&quot;:{&quot;1&quot;:0},&quot;12&quot;:0}\">Koleksioni Monodine: Komfort dhe funksionalitet n\u00eb \u00e7do dush. Grupi i dushit ofron nj\u00eb zgjidhje t\u00eb plot\u00eb p\u00ebr p\u00ebrdorim t\u00eb p\u00ebrditsh\u00ebm, me kontroll t\u00eb sakt\u00eb t\u00eb ujit dhe materiale rezistente ndaj lag\u00ebshtir\u00ebs. Dizajni praktik garanton instalim t\u00eb leht\u00eb dhe p\u00ebrvoj\u00eb komode dushi.<\/span><\/p>\n<p>Kodi i produktit ne ROCA : <span data-sheets-value=\"{&quot;1&quot;:2,&quot;2&quot;:&quot;A5A0298C00&quot;}\" data-sheets-userformat=\"{&quot;2&quot;:12929,&quot;3&quot;:{&quot;1&quot;:0},&quot;10&quot;:2,&quot;12&quot;:0,&quot;15&quot;:&quot;Calibri&quot;,&quot;16&quot;:12}\">A5A0298C00<\/span><\/p>\n","protected":false},"excerpt":{"rendered":"<p>Koleksioni Monodine: Komfort dhe funksionalitet n\u00eb \u00e7do dush. Grupi i dushit ofron nj\u00eb zgjidhje t\u00eb plot\u00eb p\u00ebr p\u00ebrdorim t\u00eb p\u00ebrditsh\u00ebm,<\/p>\n","protected":false},"featured_media":5999,"template":"","meta":[],"product_cat":[340,474,478],"product_tag":[],"class_list":["post-5998","product","type-product","status-publish","has-post-thumbnail","hentry","product_cat-hidrosanitare","product_cat-rubineta","product_cat-rubineta-per-dushe"],"_links":{"self":[{"href":"https:\/\/hidrosistem.al\/new\/wp-json\/wp\/v2\/product\/5998","targetHints":{"allow":["GET"]}}],"collection":[{"href":"https:\/\/hidrosistem.al\/new\/wp-json\/wp\/v2\/product"}],"about":[{"href":"https:\/\/hidrosistem.al\/new\/wp-json\/wp\/v2\/types\/product"}],"version-history":[{"count":3,"href":"https:\/\/hidrosistem.al\/new\/wp-json\/wp\/v2\/product\/5998\/revisions"}],"predecessor-version":[{"id":13375,"href":"https:\/\/hidrosistem.al\/new\/wp-json\/wp\/v2\/product\/5998\/revisions\/13375"}],"wp:featuredmedia":[{"embeddable":true,"href":"https:\/\/hidrosistem.al\/new\/wp-json\/wp\/v2\/media\/5999"}],"wp:attachment":[{"href":"https:\/\/hidrosistem.al\/new\/wp-json\/wp\/v2\/media?parent=5998"}],"wp:term":[{"taxonomy":"product_cat","embeddable":true,"href":"https:\/\/hidrosistem.al\/new\/wp-json\/wp\/v2\/product_cat?post=5998"},{"taxonomy":"product_tag","embeddable":true,"href":"https:\/\/hidrosistem.al\/new\/wp-json\/wp\/v2\/product_tag?post=5998"}],"curies":[{"name":"wp","href":"https:\/\/api.w.org\/{rel}","templated":true}]}}