{"id":5989,"date":"2023-09-30T05:40:45","date_gmt":"2023-09-30T05:40:45","guid":{"rendered":"https:\/\/hidrosistem.al\/new\/?post_type=product&#038;p=5989"},"modified":"2025-12-02T11:00:19","modified_gmt":"2025-12-02T11:00:19","slug":"pishuar-e-bardhemerino-rear","status":"publish","type":"product","link":"https:\/\/hidrosistem.al\/new\/product\/pishuar-e-bardhemerino-rear\/","title":{"rendered":"Pishuar Roca Merino Rear i bardh\u00eb"},"content":{"rendered":"<p>Higjien\u00eb dhe funksionalitet. Pishuari ofron zgjidhje praktike p\u00ebr hap\u00ebsira sanitare publike dhe private, me dizajn kompakt dhe shkarkim efikas. I prodhuar nga materiale rezistente, garanton past\u00ebrti t\u00eb leht\u00eb dhe jet\u00ebgjat\u00ebsi.<\/p>\n<p>Kodi i produktit ne ROCA : <span data-sheets-value=\"{&quot;1&quot;:2,&quot;2&quot;:&quot;A3590J1000&quot;}\" data-sheets-userformat=\"{&quot;2&quot;:12929,&quot;3&quot;:{&quot;1&quot;:0},&quot;10&quot;:2,&quot;12&quot;:0,&quot;15&quot;:&quot;Calibri&quot;,&quot;16&quot;:12}\">A3590J1000<\/span><br \/>\nDimensionet : <span id=\"dim-txt\">365 x 365 x 560 mm<\/span><\/p>\n","protected":false},"excerpt":{"rendered":"<p>Higjien\u00eb dhe funksionalitet. Pishuari ofron zgjidhje praktike p\u00ebr hap\u00ebsira sanitare publike dhe private, me dizajn kompakt dhe shkarkim efikas. I<\/p>\n","protected":false},"featured_media":5990,"template":"","meta":[],"product_cat":[340,473],"product_tag":[],"class_list":["post-5989","product","type-product","status-publish","has-post-thumbnail","hentry","product_cat-hidrosanitare","product_cat-aksesore-te-tjere-sanitare"],"_links":{"self":[{"href":"https:\/\/hidrosistem.al\/new\/wp-json\/wp\/v2\/product\/5989","targetHints":{"allow":["GET"]}}],"collection":[{"href":"https:\/\/hidrosistem.al\/new\/wp-json\/wp\/v2\/product"}],"about":[{"href":"https:\/\/hidrosistem.al\/new\/wp-json\/wp\/v2\/types\/product"}],"version-history":[{"count":3,"href":"https:\/\/hidrosistem.al\/new\/wp-json\/wp\/v2\/product\/5989\/revisions"}],"predecessor-version":[{"id":13484,"href":"https:\/\/hidrosistem.al\/new\/wp-json\/wp\/v2\/product\/5989\/revisions\/13484"}],"wp:featuredmedia":[{"embeddable":true,"href":"https:\/\/hidrosistem.al\/new\/wp-json\/wp\/v2\/media\/5990"}],"wp:attachment":[{"href":"https:\/\/hidrosistem.al\/new\/wp-json\/wp\/v2\/media?parent=5989"}],"wp:term":[{"taxonomy":"product_cat","embeddable":true,"href":"https:\/\/hidrosistem.al\/new\/wp-json\/wp\/v2\/product_cat?post=5989"},{"taxonomy":"product_tag","embeddable":true,"href":"https:\/\/hidrosistem.al\/new\/wp-json\/wp\/v2\/product_tag?post=5989"}],"curies":[{"name":"wp","href":"https:\/\/api.w.org\/{rel}","templated":true}]}}