{"id":5981,"date":"2023-09-30T05:37:10","date_gmt":"2023-09-30T05:37:10","guid":{"rendered":"https:\/\/hidrosistem.al\/new\/?post_type=product&#038;p=5981"},"modified":"2025-12-01T07:50:23","modified_gmt":"2025-12-01T07:50:23","slug":"lavaman-kompakt-per-montim-in-wall","status":"publish","type":"product","link":"https:\/\/hidrosistem.al\/new\/product\/lavaman-kompakt-per-montim-in-wall\/","title":{"rendered":"Lavaman Roca Meridian kompakt p\u00ebr montim n\u00eb mur"},"content":{"rendered":"<p><span data-sheets-value=\"{&quot;1&quot;:2,&quot;2&quot;:&quot;Koleksioni Meridian : Nj\u00eb koncept i vet\u00ebm p\u00ebr nj\u00eb mij\u00eb zgjidhje. Nj\u00eb koncept i vet\u00ebm p\u00ebr t\u00eb p\u00ebrmbushur \u00e7do nevoj\u00eb. Gama m\u00eb e gjithanshme dhe globale.&quot;}\" data-sheets-userformat=\"{&quot;2&quot;:513,&quot;3&quot;:{&quot;1&quot;:0},&quot;12&quot;:0}\">Koleksioni Meridian: Ky lavaman kompakt \u00ebsht\u00eb projektuar p\u00ebr montim n\u00eb mur, duke kursyer hap\u00ebsir\u00eb dhe duke ofruar funksionalitet maksimal. Me dizajn minimalist dhe material rezistent, \u00ebsht\u00eb i leht\u00eb p\u00ebr t\u2019u pastruar dhe p\u00ebrshtatet perfekt me tualete moderne ose t\u00eb vogla.<\/span><\/p>\n<p>Kodi i produktit ne ROCA : <span data-sheets-value=\"{&quot;1&quot;:2,&quot;2&quot;:&quot;A32724T000&quot;}\" data-sheets-userformat=\"{&quot;2&quot;:12929,&quot;3&quot;:{&quot;1&quot;:0},&quot;10&quot;:2,&quot;12&quot;:0,&quot;15&quot;:&quot;Calibri&quot;,&quot;16&quot;:12}\">A32724T000<\/span><br \/>\nDimensionet : <span data-sheets-value=\"{&quot;1&quot;:2,&quot;2&quot;:&quot;600 x 320 x 130 mm&quot;}\">600 x 320 x 130 mm<\/span><\/p>\n","protected":false},"excerpt":{"rendered":"<p>Koleksioni Meridian: Ky lavaman kompakt \u00ebsht\u00eb projektuar p\u00ebr montim n\u00eb mur, duke kursyer hap\u00ebsir\u00eb dhe duke ofruar funksionalitet maksimal. Me<\/p>\n","protected":false},"featured_media":5982,"template":"","meta":[],"product_cat":[340,466,469],"product_tag":[],"class_list":["post-5981","product","type-product","status-publish","has-post-thumbnail","hentry","product_cat-hidrosanitare","product_cat-sanitare","product_cat-lavaman"],"_links":{"self":[{"href":"https:\/\/hidrosistem.al\/new\/wp-json\/wp\/v2\/product\/5981","targetHints":{"allow":["GET"]}}],"collection":[{"href":"https:\/\/hidrosistem.al\/new\/wp-json\/wp\/v2\/product"}],"about":[{"href":"https:\/\/hidrosistem.al\/new\/wp-json\/wp\/v2\/types\/product"}],"version-history":[{"count":3,"href":"https:\/\/hidrosistem.al\/new\/wp-json\/wp\/v2\/product\/5981\/revisions"}],"predecessor-version":[{"id":12896,"href":"https:\/\/hidrosistem.al\/new\/wp-json\/wp\/v2\/product\/5981\/revisions\/12896"}],"wp:featuredmedia":[{"embeddable":true,"href":"https:\/\/hidrosistem.al\/new\/wp-json\/wp\/v2\/media\/5982"}],"wp:attachment":[{"href":"https:\/\/hidrosistem.al\/new\/wp-json\/wp\/v2\/media?parent=5981"}],"wp:term":[{"taxonomy":"product_cat","embeddable":true,"href":"https:\/\/hidrosistem.al\/new\/wp-json\/wp\/v2\/product_cat?post=5981"},{"taxonomy":"product_tag","embeddable":true,"href":"https:\/\/hidrosistem.al\/new\/wp-json\/wp\/v2\/product_tag?post=5981"}],"curies":[{"name":"wp","href":"https:\/\/api.w.org\/{rel}","templated":true}]}}