{"id":5963,"date":"2023-09-30T05:31:24","date_gmt":"2023-09-30T05:31:24","guid":{"rendered":"https:\/\/hidrosistem.al\/new\/?post_type=product&#038;p=5963"},"modified":"2025-12-02T10:26:53","modified_gmt":"2025-12-02T10:26:53","slug":"meridian-gjysem-kollone-lavamani-240x290x300mm","status":"publish","type":"product","link":"https:\/\/hidrosistem.al\/new\/product\/meridian-gjysem-kollone-lavamani-240x290x300mm\/","title":{"rendered":"Gjysm\u00eb Kollone lavamani Roca Meridian 240x290x300 mm"},"content":{"rendered":"<p><span data-sheets-value=\"{&quot;1&quot;:2,&quot;2&quot;:&quot;Koleksioni Meridian : Nj\u00eb koncept i vet\u00ebm p\u00ebr nj\u00eb mij\u00eb zgjidhje. Nj\u00eb koncept i vet\u00ebm p\u00ebr t\u00eb p\u00ebrmbushur \u00e7do nevoj\u00eb. Gama m\u00eb e gjithanshme dhe globale.&quot;}\" data-sheets-userformat=\"{&quot;2&quot;:513,&quot;3&quot;:{&quot;1&quot;:0},&quot;12&quot;:0}\">Koleksioni Meridian: Pamje e past\u00ebr dhe funksionale. Gjysm\u00eb kollona mbulon pjes\u00ebrisht tubacionet e lavamanit, duke ruajtur nj\u00eb dizajn modern dhe t\u00eb rregullt. E prodhuar nga materiale rezistente, \u00ebsht\u00eb e leht\u00eb p\u00ebr t\u2019u montuar dhe pastruar.<\/span><\/p>\n<p>Kodi i produktit ne ROCA : <span data-sheets-value=\"{&quot;1&quot;:2,&quot;2&quot;:&quot;A337241000&quot;}\" data-sheets-userformat=\"{&quot;2&quot;:12929,&quot;3&quot;:{&quot;1&quot;:0},&quot;10&quot;:2,&quot;12&quot;:0,&quot;15&quot;:&quot;Calibri&quot;,&quot;16&quot;:12}\">A337241000<\/span><br \/>\nDimensionet : <span data-sheets-value=\"{&quot;1&quot;:2,&quot;2&quot;:&quot;240 x 290 x 300 mm&quot;}\">240 x 290 x 300 mm<\/span><\/p>\n","protected":false},"excerpt":{"rendered":"<p>Koleksioni Meridian: Pamje e past\u00ebr dhe funksionale. Gjysm\u00eb kollona mbulon pjes\u00ebrisht tubacionet e lavamanit, duke ruajtur nj\u00eb dizajn modern dhe<\/p>\n","protected":false},"featured_media":5964,"template":"","meta":[],"product_cat":[340,466,473],"product_tag":[],"class_list":["post-5963","product","type-product","status-publish","has-post-thumbnail","hentry","product_cat-hidrosanitare","product_cat-sanitare","product_cat-aksesore-te-tjere-sanitare"],"_links":{"self":[{"href":"https:\/\/hidrosistem.al\/new\/wp-json\/wp\/v2\/product\/5963","targetHints":{"allow":["GET"]}}],"collection":[{"href":"https:\/\/hidrosistem.al\/new\/wp-json\/wp\/v2\/product"}],"about":[{"href":"https:\/\/hidrosistem.al\/new\/wp-json\/wp\/v2\/types\/product"}],"version-history":[{"count":3,"href":"https:\/\/hidrosistem.al\/new\/wp-json\/wp\/v2\/product\/5963\/revisions"}],"predecessor-version":[{"id":13446,"href":"https:\/\/hidrosistem.al\/new\/wp-json\/wp\/v2\/product\/5963\/revisions\/13446"}],"wp:featuredmedia":[{"embeddable":true,"href":"https:\/\/hidrosistem.al\/new\/wp-json\/wp\/v2\/media\/5964"}],"wp:attachment":[{"href":"https:\/\/hidrosistem.al\/new\/wp-json\/wp\/v2\/media?parent=5963"}],"wp:term":[{"taxonomy":"product_cat","embeddable":true,"href":"https:\/\/hidrosistem.al\/new\/wp-json\/wp\/v2\/product_cat?post=5963"},{"taxonomy":"product_tag","embeddable":true,"href":"https:\/\/hidrosistem.al\/new\/wp-json\/wp\/v2\/product_tag?post=5963"}],"curies":[{"name":"wp","href":"https:\/\/api.w.org\/{rel}","templated":true}]}}