{"id":5930,"date":"2023-09-29T23:18:09","date_gmt":"2023-09-29T23:18:09","guid":{"rendered":"https:\/\/hidrosistem.al\/new\/?post_type=product&#038;p=5930"},"modified":"2025-12-02T09:14:10","modified_gmt":"2025-12-02T09:14:10","slug":"grup-dushi-inkaso-l20","status":"publish","type":"product","link":"https:\/\/hidrosistem.al\/new\/product\/grup-dushi-inkaso-l20\/","title":{"rendered":"Grup dushi inkaso Roca L20"},"content":{"rendered":"<p><span data-sheets-value=\"{&quot;1&quot;:2,&quot;2&quot;:&quot;Koleksioni L20 : Thjesht bashk\u00ebkohore. Ky \u00ebsht\u00eb nj\u00eb koleksion brassware_x000D_, linjat e thjeshta, bashk\u00ebkohore dhe intuitive t\u00eb t\u00eb cilit e b\u00ebjn\u00eb at\u00eb nj\u00eb p\u00ebrshtatje t\u00eb p\u00ebrsosur p\u00ebr \u00e7do hap\u00ebsir\u00eb banjo. L20 \u00ebsht\u00eb pjes\u00eb e koleksioneve novatore t\u00eb bronzit t\u00eb Roca-s q\u00eb ndizen frontalisht me uj\u00eb t\u00eb ftoht\u00eb.&quot;}\" data-sheets-userformat=\"{&quot;2&quot;:513,&quot;3&quot;:{&quot;1&quot;:0},&quot;12&quot;:0}\">Koleksioni L20: Komfort dhe funksionalitet n\u00eb \u00e7do dush. Grupi i dushit ofron nj\u00eb zgjidhje t\u00eb plot\u00eb p\u00ebr p\u00ebrdorim t\u00eb p\u00ebrditsh\u00ebm, me kontroll t\u00eb sakt\u00eb t\u00eb ujit dhe materiale rezistente ndaj lag\u00ebshtir\u00ebs. Dizajni praktik garanton instalim t\u00eb leht\u00eb dhe p\u00ebrvoj\u00eb komode dushi.<\/span><\/p>\n<p>Kodi i produktit ne ROCA : <span data-sheets-value=\"{&quot;1&quot;:2,&quot;2&quot;:&quot;A5A2A09C00&quot;}\" data-sheets-userformat=\"{&quot;2&quot;:12929,&quot;3&quot;:{&quot;1&quot;:0},&quot;10&quot;:2,&quot;12&quot;:0,&quot;15&quot;:&quot;Calibri&quot;,&quot;16&quot;:12}\">A5A2A09C00<\/span><\/p>\n<p>&nbsp;<\/p>\n","protected":false},"excerpt":{"rendered":"<p>Koleksioni L20: Komfort dhe funksionalitet n\u00eb \u00e7do dush. Grupi i dushit ofron nj\u00eb zgjidhje t\u00eb plot\u00eb p\u00ebr p\u00ebrdorim t\u00eb p\u00ebrditsh\u00ebm,<\/p>\n","protected":false},"featured_media":5931,"template":"","meta":[],"product_cat":[340,474,478],"product_tag":[],"class_list":["post-5930","product","type-product","status-publish","has-post-thumbnail","hentry","product_cat-hidrosanitare","product_cat-rubineta","product_cat-rubineta-per-dushe"],"_links":{"self":[{"href":"https:\/\/hidrosistem.al\/new\/wp-json\/wp\/v2\/product\/5930","targetHints":{"allow":["GET"]}}],"collection":[{"href":"https:\/\/hidrosistem.al\/new\/wp-json\/wp\/v2\/product"}],"about":[{"href":"https:\/\/hidrosistem.al\/new\/wp-json\/wp\/v2\/types\/product"}],"version-history":[{"count":3,"href":"https:\/\/hidrosistem.al\/new\/wp-json\/wp\/v2\/product\/5930\/revisions"}],"predecessor-version":[{"id":13339,"href":"https:\/\/hidrosistem.al\/new\/wp-json\/wp\/v2\/product\/5930\/revisions\/13339"}],"wp:featuredmedia":[{"embeddable":true,"href":"https:\/\/hidrosistem.al\/new\/wp-json\/wp\/v2\/media\/5931"}],"wp:attachment":[{"href":"https:\/\/hidrosistem.al\/new\/wp-json\/wp\/v2\/media?parent=5930"}],"wp:term":[{"taxonomy":"product_cat","embeddable":true,"href":"https:\/\/hidrosistem.al\/new\/wp-json\/wp\/v2\/product_cat?post=5930"},{"taxonomy":"product_tag","embeddable":true,"href":"https:\/\/hidrosistem.al\/new\/wp-json\/wp\/v2\/product_tag?post=5930"}],"curies":[{"name":"wp","href":"https:\/\/api.w.org\/{rel}","templated":true}]}}