{"id":5917,"date":"2023-09-29T23:14:25","date_gmt":"2023-09-29T23:14:25","guid":{"rendered":"https:\/\/hidrosistem.al\/new\/?post_type=product&#038;p=5917"},"modified":"2025-12-02T09:42:10","modified_gmt":"2025-12-02T09:42:10","slug":"grup-lavamani-l20","status":"publish","type":"product","link":"https:\/\/hidrosistem.al\/new\/product\/grup-lavamani-l20\/","title":{"rendered":"Grup lavamani Roca L20"},"content":{"rendered":"<p><span data-sheets-value=\"{&quot;1&quot;:2,&quot;2&quot;:&quot;Koleksioni L20 : Thjesht bashk\u00ebkohore. Ky \u00ebsht\u00eb nj\u00eb koleksion brassware_x000D_, linjat e thjeshta, bashk\u00ebkohore dhe intuitive t\u00eb t\u00eb cilit e b\u00ebjn\u00eb at\u00eb nj\u00eb p\u00ebrshtatje t\u00eb p\u00ebrsosur p\u00ebr \u00e7do hap\u00ebsir\u00eb banjo. L20 \u00ebsht\u00eb pjes\u00eb e koleksioneve novatore t\u00eb bronzit t\u00eb Roca-s q\u00eb ndizen frontalisht me uj\u00eb t\u00eb ftoht\u00eb.&quot;}\" data-sheets-userformat=\"{&quot;2&quot;:513,&quot;3&quot;:{&quot;1&quot;:0},&quot;12&quot;:0}\">Koleksioni L20: Dizajn elegant dhe cil\u00ebsi e garantuar. Grupi i lavamanit ROCA ofron funksionim t\u00eb q\u00ebndruesh\u00ebm dhe stil modern. I prodhuar me standardet e larta t\u00eb mark\u00ebs ROCA, garanton kursim uji, q\u00ebndrueshm\u00ebri dhe pamje elegante.<\/span><\/p>\n<p>Kodi i produktit ne ROCA : <span data-sheets-value=\"{&quot;1&quot;:2,&quot;2&quot;:&quot;A5A3I09C00&quot;}\" data-sheets-userformat=\"{&quot;2&quot;:12929,&quot;3&quot;:{&quot;1&quot;:0},&quot;10&quot;:2,&quot;12&quot;:0,&quot;15&quot;:&quot;Calibri&quot;,&quot;16&quot;:12}\">A5A3I09C00<\/span><\/p>\n<p>&nbsp;<\/p>\n","protected":false},"excerpt":{"rendered":"<p>Koleksioni L20: Dizajn elegant dhe cil\u00ebsi e garantuar. Grupi i lavamanit ROCA ofron funksionim t\u00eb q\u00ebndruesh\u00ebm dhe stil modern. I<\/p>\n","protected":false},"featured_media":5919,"template":"","meta":[],"product_cat":[340,474,475],"product_tag":[],"class_list":["post-5917","product","type-product","status-publish","has-post-thumbnail","hentry","product_cat-hidrosanitare","product_cat-rubineta","product_cat-rubineta-per-lavaman"],"_links":{"self":[{"href":"https:\/\/hidrosistem.al\/new\/wp-json\/wp\/v2\/product\/5917","targetHints":{"allow":["GET"]}}],"collection":[{"href":"https:\/\/hidrosistem.al\/new\/wp-json\/wp\/v2\/product"}],"about":[{"href":"https:\/\/hidrosistem.al\/new\/wp-json\/wp\/v2\/types\/product"}],"version-history":[{"count":3,"href":"https:\/\/hidrosistem.al\/new\/wp-json\/wp\/v2\/product\/5917\/revisions"}],"predecessor-version":[{"id":13398,"href":"https:\/\/hidrosistem.al\/new\/wp-json\/wp\/v2\/product\/5917\/revisions\/13398"}],"wp:featuredmedia":[{"embeddable":true,"href":"https:\/\/hidrosistem.al\/new\/wp-json\/wp\/v2\/media\/5919"}],"wp:attachment":[{"href":"https:\/\/hidrosistem.al\/new\/wp-json\/wp\/v2\/media?parent=5917"}],"wp:term":[{"taxonomy":"product_cat","embeddable":true,"href":"https:\/\/hidrosistem.al\/new\/wp-json\/wp\/v2\/product_cat?post=5917"},{"taxonomy":"product_tag","embeddable":true,"href":"https:\/\/hidrosistem.al\/new\/wp-json\/wp\/v2\/product_tag?post=5917"}],"curies":[{"name":"wp","href":"https:\/\/api.w.org\/{rel}","templated":true}]}}