{"id":5857,"date":"2023-09-29T22:49:55","date_gmt":"2023-09-29T22:49:55","guid":{"rendered":"https:\/\/hidrosistem.al\/new\/?post_type=product&#038;p=5857"},"modified":"2025-12-02T09:42:48","modified_gmt":"2025-12-02T09:42:48","slug":"grup-lavamani-instant-me-vetmbyllje","status":"publish","type":"product","link":"https:\/\/hidrosistem.al\/new\/product\/grup-lavamani-instant-me-vetmbyllje\/","title":{"rendered":"Grup lavamani Roca Instant me vet\u00ebmbyllje"},"content":{"rendered":"<p><span data-sheets-value=\"{&quot;1&quot;:2,&quot;2&quot;:&quot;Koleksioni Instant : Linj\u00eb \u00e7ezmesh me koh\u00ebmat\u00ebs me nj\u00eb dizajn t\u00eb thjesht\u00eb dhe shum\u00eb modern. Ky koleksion ofron nj\u00eb zgjidhje optimale p\u00ebr hap\u00ebsirat publike, t\u00eb p\u00ebrshtatshme p\u00ebr t\u00eb gjitha llojet e legen\u00ebve dhe lavaman\u00ebve t\u00eb kuzhin\u00ebs (edhe p\u00ebr p\u00ebrdorim nga f\u00ebmij\u00ebt).&quot;}\" data-sheets-userformat=\"{&quot;2&quot;:513,&quot;3&quot;:{&quot;1&quot;:0},&quot;12&quot;:0}\">Koleksioni Instant: Dizajn elegant dhe cil\u00ebsi e garantuar. Grupi i lavamanit ROCA ofron funksionim t\u00eb q\u00ebndruesh\u00ebm dhe stil modern. I prodhuar me standardet e larta t\u00eb mark\u00ebs ROCA, garanton kursim uji, q\u00ebndrueshm\u00ebri dhe pamje elegante.<\/span><\/p>\n<p>Kodi i produktit ne ROCA : <span data-sheets-value=\"{&quot;1&quot;:2,&quot;2&quot;:&quot;A5A3177C00&quot;}\" data-sheets-userformat=\"{&quot;2&quot;:12929,&quot;3&quot;:{&quot;1&quot;:0},&quot;10&quot;:2,&quot;12&quot;:0,&quot;15&quot;:&quot;Calibri&quot;,&quot;16&quot;:12}\">A5A3177C00<\/span><\/p>\n","protected":false},"excerpt":{"rendered":"<p>Koleksioni Instant: Dizajn elegant dhe cil\u00ebsi e garantuar. Grupi i lavamanit ROCA ofron funksionim t\u00eb q\u00ebndruesh\u00ebm dhe stil modern. I<\/p>\n","protected":false},"featured_media":5858,"template":"","meta":[],"product_cat":[340,474,475],"product_tag":[],"class_list":["post-5857","product","type-product","status-publish","has-post-thumbnail","hentry","product_cat-hidrosanitare","product_cat-rubineta","product_cat-rubineta-per-lavaman"],"_links":{"self":[{"href":"https:\/\/hidrosistem.al\/new\/wp-json\/wp\/v2\/product\/5857","targetHints":{"allow":["GET"]}}],"collection":[{"href":"https:\/\/hidrosistem.al\/new\/wp-json\/wp\/v2\/product"}],"about":[{"href":"https:\/\/hidrosistem.al\/new\/wp-json\/wp\/v2\/types\/product"}],"version-history":[{"count":2,"href":"https:\/\/hidrosistem.al\/new\/wp-json\/wp\/v2\/product\/5857\/revisions"}],"predecessor-version":[{"id":13399,"href":"https:\/\/hidrosistem.al\/new\/wp-json\/wp\/v2\/product\/5857\/revisions\/13399"}],"wp:featuredmedia":[{"embeddable":true,"href":"https:\/\/hidrosistem.al\/new\/wp-json\/wp\/v2\/media\/5858"}],"wp:attachment":[{"href":"https:\/\/hidrosistem.al\/new\/wp-json\/wp\/v2\/media?parent=5857"}],"wp:term":[{"taxonomy":"product_cat","embeddable":true,"href":"https:\/\/hidrosistem.al\/new\/wp-json\/wp\/v2\/product_cat?post=5857"},{"taxonomy":"product_tag","embeddable":true,"href":"https:\/\/hidrosistem.al\/new\/wp-json\/wp\/v2\/product_tag?post=5857"}],"curies":[{"name":"wp","href":"https:\/\/api.w.org\/{rel}","templated":true}]}}