{"id":5848,"date":"2023-09-29T22:47:27","date_gmt":"2023-09-29T22:47:27","guid":{"rendered":"https:\/\/hidrosistem.al\/new\/?post_type=product&#038;p=5848"},"modified":"2025-12-01T07:50:05","modified_gmt":"2025-12-01T07:50:05","slug":"lavaman-inspira-i-rrumbullaket","status":"publish","type":"product","link":"https:\/\/hidrosistem.al\/new\/product\/lavaman-inspira-i-rrumbullaket\/","title":{"rendered":"Lavaman Roca Inspira i rrumbullak\u00ebt"},"content":{"rendered":"<p><span data-sheets-value=\"{&quot;1&quot;:2,&quot;2&quot;:&quot;Koleksioni Inspira : Zbuloni Inspira, koleksionin e ri prej porcelani dhe mobiljesh prej qelqi p\u00ebr t\u00eb dizajnuar banj\u00ebn q\u00eb keni dashur gjithmon\u00eb.&quot;}\" data-sheets-userformat=\"{&quot;2&quot;:513,&quot;3&quot;:{&quot;1&quot;:0},&quot;12&quot;:0}\">Koleksioni Inspira: P\u00ebr nj\u00eb tualet me stil modern dhe eleganc\u00eb minimale, lavamani Roca Inspira \u00ebsht\u00eb zgjedhja ideale. Me dizajn t\u00eb past\u00ebr dhe linja t\u00eb buta \u2014 pjes\u00eb e koleksionit Inspira \u2014 ky lavaman sjell komoditet dhe estetik\u00eb t\u00eb lart\u00eb n\u00eb hap\u00ebsir\u00ebn tuaj sanitare.<\/span><\/p>\n<p>E disponueshme ne 6 ngjyra<\/p>\n<div class=\"elementor-element elementor-element-07fb005 wd-single-content elementor-widget elementor-widget-wd_single_product_content\" data-id=\"07fb005\" data-element_type=\"widget\" data-widget_type=\"wd_single_product_content.default\">\n<div class=\"elementor-widget-container\">\n<p>Kodi i produktit ne ROCA : <span data-sheets-value=\"{&quot;1&quot;:2,&quot;2&quot;:&quot;A327523000&quot;}\" data-sheets-userformat=\"{&quot;2&quot;:12929,&quot;3&quot;:{&quot;1&quot;:0},&quot;10&quot;:2,&quot;12&quot;:0,&quot;15&quot;:&quot;Calibri&quot;,&quot;16&quot;:12}\">A327523000 dhe A32752R000<br \/>\n<\/span><br \/>\nDimensionet : <span data-sheets-value=\"{&quot;1&quot;:2,&quot;2&quot;:&quot;370 x 370 x 140 mm&quot;}\">370 x 370 x 140 mm dhe 370x370x75mm<\/span><\/p>\n<\/div>\n<\/div>\n<section class=\"wd-negative-gap elementor-section elementor-inner-section elementor-element elementor-element-5c6deb2a elementor-section-content-bottom elementor-section-boxed elementor-section-height-default elementor-section-height-default wd-section-disabled\" data-id=\"5c6deb2a\" data-element_type=\"section\">\n<div class=\"elementor-container elementor-column-gap-no\">\n<div class=\"elementor-column elementor-col-100 elementor-inner-column elementor-element elementor-element-7c8be543\" data-id=\"7c8be543\" data-element_type=\"column\">\n<div class=\"elementor-widget-wrap elementor-element-populated\">\n<div class=\"elementor-element elementor-element-441a09d1 wd-swatch-layout-inline elementor-widget-mobile__width-inherit elementor-widget-tablet__width-inherit wd-single-add-cart text-left wd-btn-design-default wd-design-default elementor-widget elementor-widget-wd_single_product_add_to_cart\" data-id=\"441a09d1\" data-element_type=\"widget\" data-widget_type=\"wd_single_product_add_to_cart.default\">\n<div class=\"elementor-widget-container\">\n<form class=\"cart\" action=\"https:\/\/hidrosistem.al\/new\/product\/kaset-inkaso-duplo-me-konstruksion-te-plote-blu-dn90-dn100\/\" enctype=\"multipart\/form-data\" method=\"post\">\n<div class=\"quantity\"><\/div>\n<\/form>\n<\/div>\n<\/div>\n<\/div>\n<\/div>\n<\/div>\n<\/section>\n","protected":false},"excerpt":{"rendered":"<p>Koleksioni Inspira: P\u00ebr nj\u00eb tualet me stil modern dhe eleganc\u00eb minimale, lavamani Roca Inspira \u00ebsht\u00eb zgjedhja ideale. Me dizajn t\u00eb<\/p>\n","protected":false},"featured_media":5849,"template":"","meta":[],"product_cat":[340,466,469],"product_tag":[],"class_list":["post-5848","product","type-product","status-publish","has-post-thumbnail","hentry","product_cat-hidrosanitare","product_cat-sanitare","product_cat-lavaman"],"_links":{"self":[{"href":"https:\/\/hidrosistem.al\/new\/wp-json\/wp\/v2\/product\/5848","targetHints":{"allow":["GET"]}}],"collection":[{"href":"https:\/\/hidrosistem.al\/new\/wp-json\/wp\/v2\/product"}],"about":[{"href":"https:\/\/hidrosistem.al\/new\/wp-json\/wp\/v2\/types\/product"}],"version-history":[{"count":3,"href":"https:\/\/hidrosistem.al\/new\/wp-json\/wp\/v2\/product\/5848\/revisions"}],"predecessor-version":[{"id":12894,"href":"https:\/\/hidrosistem.al\/new\/wp-json\/wp\/v2\/product\/5848\/revisions\/12894"}],"wp:featuredmedia":[{"embeddable":true,"href":"https:\/\/hidrosistem.al\/new\/wp-json\/wp\/v2\/media\/5849"}],"wp:attachment":[{"href":"https:\/\/hidrosistem.al\/new\/wp-json\/wp\/v2\/media?parent=5848"}],"wp:term":[{"taxonomy":"product_cat","embeddable":true,"href":"https:\/\/hidrosistem.al\/new\/wp-json\/wp\/v2\/product_cat?post=5848"},{"taxonomy":"product_tag","embeddable":true,"href":"https:\/\/hidrosistem.al\/new\/wp-json\/wp\/v2\/product_tag?post=5848"}],"curies":[{"name":"wp","href":"https:\/\/api.w.org\/{rel}","templated":true}]}}