{"id":5814,"date":"2023-09-29T22:33:31","date_gmt":"2023-09-29T22:33:31","guid":{"rendered":"https:\/\/hidrosistem.al\/new\/?post_type=product&#038;p=5814"},"modified":"2025-12-02T11:21:26","modified_gmt":"2025-12-02T11:21:26","slug":"roca-lavaman-inspira-370x370x140mm","status":"publish","type":"product","link":"https:\/\/hidrosistem.al\/new\/product\/roca-lavaman-inspira-370x370x140mm\/","title":{"rendered":"Lavaman Roca Inspiria 370x370x140 mm"},"content":{"rendered":"<p><span data-sheets-value=\"{&quot;1&quot;:2,&quot;2&quot;:&quot;Koleksioni Inspira : Zbuloni Inspira, koleksionin e ri prej porcelani dhe mobiljesh prej qelqi p\u00ebr t\u00eb dizajnuar banj\u00ebn q\u00eb keni dashur gjithmon\u00eb.&quot;}\" data-sheets-userformat=\"{&quot;2&quot;:513,&quot;3&quot;:{&quot;1&quot;:0},&quot;12&quot;:0}\">Koleksioni Inspira: Lavamani Inspiria kombinon dizajnin praktik me q\u00ebndrueshm\u00ebri t\u00eb lart\u00eb, duke ofruar p\u00ebrdorim t\u00eb p\u00ebrditsh\u00ebm t\u00eb rehatsh\u00ebm dhe pastrim t\u00eb leht\u00eb. I prodhuar nga materiale cil\u00ebsore, p\u00ebrshtatet me \u00e7do stil tualeti. <\/span>I disponuesh\u00ebm n\u00eb 6 ngjyra<\/p>\n<div class=\"elementor-element elementor-element-07fb005 wd-single-content elementor-widget elementor-widget-wd_single_product_content\" data-id=\"07fb005\" data-element_type=\"widget\" data-widget_type=\"wd_single_product_content.default\">\n<div class=\"elementor-widget-container\">\n<p>Kodi i produktit ne ROCA : <span data-sheets-value=\"{&quot;1&quot;:2,&quot;2&quot;:&quot;A327502000&quot;}\" data-sheets-userformat=\"{&quot;2&quot;:12929,&quot;3&quot;:{&quot;1&quot;:0},&quot;10&quot;:2,&quot;12&quot;:0,&quot;15&quot;:&quot;Calibri&quot;,&quot;16&quot;:12}\">A327502000<\/span><br \/>\nDimensionet : <span data-sheets-value=\"{&quot;1&quot;:2,&quot;2&quot;:&quot;370 x 370 x 140 mm&quot;}\">370 x 370 x 140 mm<\/span><\/p>\n<\/div>\n<\/div>\n<section class=\"wd-negative-gap elementor-section elementor-inner-section elementor-element elementor-element-5c6deb2a elementor-section-content-bottom elementor-section-boxed elementor-section-height-default elementor-section-height-default wd-section-disabled\" data-id=\"5c6deb2a\" data-element_type=\"section\">\n<div class=\"elementor-container elementor-column-gap-no\">\n<div class=\"elementor-column elementor-col-100 elementor-inner-column elementor-element elementor-element-7c8be543\" data-id=\"7c8be543\" data-element_type=\"column\">\n<div class=\"elementor-widget-wrap elementor-element-populated\">\n<div class=\"elementor-element elementor-element-441a09d1 wd-swatch-layout-inline elementor-widget-mobile__width-inherit elementor-widget-tablet__width-inherit wd-single-add-cart text-left wd-btn-design-default wd-design-default elementor-widget elementor-widget-wd_single_product_add_to_cart\" data-id=\"441a09d1\" data-element_type=\"widget\" data-widget_type=\"wd_single_product_add_to_cart.default\">\n<div class=\"elementor-widget-container\">\n<form class=\"cart\" action=\"https:\/\/hidrosistem.al\/new\/product\/kaset-inkaso-duplo-me-konstruksion-te-plote-blu-dn90-dn100\/\" enctype=\"multipart\/form-data\" method=\"post\">\n<div class=\"quantity\"><\/div>\n<\/form>\n<\/div>\n<\/div>\n<\/div>\n<\/div>\n<\/div>\n<\/section>\n","protected":false},"excerpt":{"rendered":"<p>Koleksioni Inspira: Lavamani Inspiria kombinon dizajnin praktik me q\u00ebndrueshm\u00ebri t\u00eb lart\u00eb, duke ofruar p\u00ebrdorim t\u00eb p\u00ebrditsh\u00ebm t\u00eb rehatsh\u00ebm dhe pastrim<\/p>\n","protected":false},"featured_media":5815,"template":"","meta":[],"product_cat":[340,466,469],"product_tag":[],"class_list":["post-5814","product","type-product","status-publish","has-post-thumbnail","hentry","product_cat-hidrosanitare","product_cat-sanitare","product_cat-lavaman"],"_links":{"self":[{"href":"https:\/\/hidrosistem.al\/new\/wp-json\/wp\/v2\/product\/5814","targetHints":{"allow":["GET"]}}],"collection":[{"href":"https:\/\/hidrosistem.al\/new\/wp-json\/wp\/v2\/product"}],"about":[{"href":"https:\/\/hidrosistem.al\/new\/wp-json\/wp\/v2\/types\/product"}],"version-history":[{"count":3,"href":"https:\/\/hidrosistem.al\/new\/wp-json\/wp\/v2\/product\/5814\/revisions"}],"predecessor-version":[{"id":13503,"href":"https:\/\/hidrosistem.al\/new\/wp-json\/wp\/v2\/product\/5814\/revisions\/13503"}],"wp:featuredmedia":[{"embeddable":true,"href":"https:\/\/hidrosistem.al\/new\/wp-json\/wp\/v2\/media\/5815"}],"wp:attachment":[{"href":"https:\/\/hidrosistem.al\/new\/wp-json\/wp\/v2\/media?parent=5814"}],"wp:term":[{"taxonomy":"product_cat","embeddable":true,"href":"https:\/\/hidrosistem.al\/new\/wp-json\/wp\/v2\/product_cat?post=5814"},{"taxonomy":"product_tag","embeddable":true,"href":"https:\/\/hidrosistem.al\/new\/wp-json\/wp\/v2\/product_tag?post=5814"}],"curies":[{"name":"wp","href":"https:\/\/api.w.org\/{rel}","templated":true}]}}