{"id":5728,"date":"2023-09-29T21:01:57","date_gmt":"2023-09-29T21:01:57","guid":{"rendered":"https:\/\/hidrosistem.al\/new\/?post_type=product&#038;p=5728"},"modified":"2025-12-01T09:44:11","modified_gmt":"2025-12-01T09:44:11","slug":"akesore-i-jashtem-dushi-insignia-i-zi-per-kuti","status":"publish","type":"product","link":"https:\/\/hidrosistem.al\/new\/product\/akesore-i-jashtem-dushi-insignia-i-zi-per-kuti\/","title":{"rendered":"Aksesor i jasht\u00ebm dushi Roca Insignia i zi p\u00ebr kuti"},"content":{"rendered":"<p><span data-sheets-value=\"{&quot;1&quot;:2,&quot;2&quot;:&quot;Koleksioni Insignia : Me skica t\u00eb buta dhe nj\u00eb eleganc\u00eb dhe personalitet t\u00eb jasht\u00ebzakonsh\u00ebm, doreza e saj e holl\u00eb an\u00ebsore b\u00ebn dallimin n\u00eb nj\u00eb rubinet moderne me nj\u00eb lev\u00eb ideale p\u00ebr banjot me nj\u00eb karakter t\u00eb qart\u00eb urban.&quot;}\" data-sheets-userformat=\"{&quot;2&quot;:513,&quot;3&quot;:{&quot;1&quot;:0},&quot;12&quot;:0}\">Koleksioni Insignia: Aksesor\u00ebt e jasht\u00ebm t\u00eb dushit ofrojn\u00eb funksionalitet t\u00eb menj\u00ebhersh\u00ebm pa nd\u00ebrhyrje n\u00eb mur. Me dizajn praktik dhe materiale rezistente ndaj lag\u00ebshtir\u00ebs, sigurojn\u00eb p\u00ebrdorim t\u00eb q\u00ebndruesh\u00ebm dhe montim t\u00eb shpejt\u00eb.<\/span><\/p>\n<div class=\"elementor-element elementor-element-07fb005 wd-single-content elementor-widget elementor-widget-wd_single_product_content\" data-id=\"07fb005\" data-element_type=\"widget\" data-widget_type=\"wd_single_product_content.default\">\n<div class=\"elementor-widget-container\">\n<p>Kodi i produktit ne ROCA : <span data-sheets-value=\"{&quot;1&quot;:2,&quot;2&quot;:&quot;A5A0B3ACN0&quot;}\" data-sheets-userformat=\"{&quot;2&quot;:12929,&quot;3&quot;:{&quot;1&quot;:0},&quot;10&quot;:2,&quot;12&quot;:0,&quot;15&quot;:&quot;Calibri&quot;,&quot;16&quot;:12}\">A5A0B3ACN0<\/span><\/p>\n<\/div>\n<\/div>\n<section class=\"wd-negative-gap elementor-section elementor-inner-section elementor-element elementor-element-5c6deb2a elementor-section-content-bottom elementor-section-boxed elementor-section-height-default elementor-section-height-default wd-section-disabled\" data-id=\"5c6deb2a\" data-element_type=\"section\">\n<div class=\"elementor-container elementor-column-gap-no\">\n<div class=\"elementor-column elementor-col-100 elementor-inner-column elementor-element elementor-element-7c8be543\" data-id=\"7c8be543\" data-element_type=\"column\">\n<div class=\"elementor-widget-wrap elementor-element-populated\">\n<div class=\"elementor-element elementor-element-441a09d1 wd-swatch-layout-inline elementor-widget-mobile__width-inherit elementor-widget-tablet__width-inherit wd-single-add-cart text-left wd-btn-design-default wd-design-default elementor-widget elementor-widget-wd_single_product_add_to_cart\" data-id=\"441a09d1\" data-element_type=\"widget\" data-widget_type=\"wd_single_product_add_to_cart.default\">\n<div class=\"elementor-widget-container\">\n<form class=\"cart\" action=\"https:\/\/hidrosistem.al\/new\/product\/kaset-inkaso-duplo-me-konstruksion-te-plote-blu-dn90-dn100\/\" enctype=\"multipart\/form-data\" method=\"post\">\n<div class=\"quantity\"><\/div>\n<\/form>\n<\/div>\n<\/div>\n<\/div>\n<\/div>\n<\/div>\n<\/section>\n","protected":false},"excerpt":{"rendered":"<p>Koleksioni Insignia: Aksesor\u00ebt e jasht\u00ebm t\u00eb dushit ofrojn\u00eb funksionalitet t\u00eb menj\u00ebhersh\u00ebm pa nd\u00ebrhyrje n\u00eb mur. Me dizajn praktik dhe materiale<\/p>\n","protected":false},"featured_media":5730,"template":"","meta":[],"product_cat":[340,474,478],"product_tag":[],"class_list":["post-5728","product","type-product","status-publish","has-post-thumbnail","hentry","product_cat-hidrosanitare","product_cat-rubineta","product_cat-rubineta-per-dushe"],"_links":{"self":[{"href":"https:\/\/hidrosistem.al\/new\/wp-json\/wp\/v2\/product\/5728","targetHints":{"allow":["GET"]}}],"collection":[{"href":"https:\/\/hidrosistem.al\/new\/wp-json\/wp\/v2\/product"}],"about":[{"href":"https:\/\/hidrosistem.al\/new\/wp-json\/wp\/v2\/types\/product"}],"version-history":[{"count":4,"href":"https:\/\/hidrosistem.al\/new\/wp-json\/wp\/v2\/product\/5728\/revisions"}],"predecessor-version":[{"id":13016,"href":"https:\/\/hidrosistem.al\/new\/wp-json\/wp\/v2\/product\/5728\/revisions\/13016"}],"wp:featuredmedia":[{"embeddable":true,"href":"https:\/\/hidrosistem.al\/new\/wp-json\/wp\/v2\/media\/5730"}],"wp:attachment":[{"href":"https:\/\/hidrosistem.al\/new\/wp-json\/wp\/v2\/media?parent=5728"}],"wp:term":[{"taxonomy":"product_cat","embeddable":true,"href":"https:\/\/hidrosistem.al\/new\/wp-json\/wp\/v2\/product_cat?post=5728"},{"taxonomy":"product_tag","embeddable":true,"href":"https:\/\/hidrosistem.al\/new\/wp-json\/wp\/v2\/product_tag?post=5728"}],"curies":[{"name":"wp","href":"https:\/\/api.w.org\/{rel}","templated":true}]}}