{"id":5717,"date":"2023-09-29T20:57:44","date_gmt":"2023-09-29T20:57:44","guid":{"rendered":"https:\/\/hidrosistem.al\/new\/?post_type=product&#038;p=5717"},"modified":"2025-12-04T08:22:20","modified_gmt":"2025-12-04T08:22:20","slug":"rubinet-insignia","status":"publish","type":"product","link":"https:\/\/hidrosistem.al\/new\/product\/rubinet-insignia\/","title":{"rendered":"Grup lavamani Roca Insignia"},"content":{"rendered":"<p><span data-sheets-value=\"{&quot;1&quot;:2,&quot;2&quot;:&quot;Koleksioni Insignia : Me skica t\u00eb buta dhe nj\u00eb eleganc\u00eb dhe personalitet t\u00eb jasht\u00ebzakonsh\u00ebm, doreza e saj e holl\u00eb an\u00ebsore b\u00ebn dallimin n\u00eb nj\u00eb rubinet moderne me nj\u00eb lev\u00eb ideale p\u00ebr banjot me nj\u00eb karakter t\u00eb qart\u00eb urban.&quot;}\" data-sheets-userformat=\"{&quot;2&quot;:513,&quot;3&quot;:{&quot;1&quot;:0},&quot;12&quot;:0}\">Koleksioni Insignia:Dizajn elegant dhe cil\u00ebsi e garantuar. Rubineti ROCA ofron funksionim t\u00eb q\u00ebndruesh\u00ebm dhe stil modern. I prodhuar me standardet e larta t\u00eb mark\u00ebs ROCA, garanton kursim uji, q\u00ebndrueshm\u00ebri dhe pamje elegante.<\/span><\/p>\n<div class=\"elementor-element elementor-element-07fb005 wd-single-content elementor-widget elementor-widget-wd_single_product_content\" data-id=\"07fb005\" data-element_type=\"widget\" data-widget_type=\"wd_single_product_content.default\">\n<div class=\"elementor-widget-container\">\n<p>Kodi i produktit ne ROCA : <span data-sheets-value=\"{&quot;1&quot;:2,&quot;2&quot;:&quot;A5A323AC00&quot;}\" data-sheets-userformat=\"{&quot;2&quot;:12929,&quot;3&quot;:{&quot;1&quot;:0},&quot;10&quot;:2,&quot;12&quot;:0,&quot;15&quot;:&quot;Calibri&quot;,&quot;16&quot;:12}\">A5A323AC00<\/span><\/p>\n<\/div>\n<\/div>\n<section class=\"wd-negative-gap elementor-section elementor-inner-section elementor-element elementor-element-5c6deb2a elementor-section-content-bottom elementor-section-boxed elementor-section-height-default elementor-section-height-default wd-section-disabled\" data-id=\"5c6deb2a\" data-element_type=\"section\">\n<div class=\"elementor-container elementor-column-gap-no\">\n<div class=\"elementor-column elementor-col-100 elementor-inner-column elementor-element elementor-element-7c8be543\" data-id=\"7c8be543\" data-element_type=\"column\">\n<div class=\"elementor-widget-wrap elementor-element-populated\">\n<div class=\"elementor-element elementor-element-441a09d1 wd-swatch-layout-inline elementor-widget-mobile__width-inherit elementor-widget-tablet__width-inherit wd-single-add-cart text-left wd-btn-design-default wd-design-default elementor-widget elementor-widget-wd_single_product_add_to_cart\" data-id=\"441a09d1\" data-element_type=\"widget\" data-widget_type=\"wd_single_product_add_to_cart.default\">\n<div class=\"elementor-widget-container\">\n<form class=\"cart\" action=\"https:\/\/hidrosistem.al\/new\/product\/kaset-inkaso-duplo-me-konstruksion-te-plote-blu-dn90-dn100\/\" enctype=\"multipart\/form-data\" method=\"post\">\n<div class=\"quantity\"><\/div>\n<\/form>\n<\/div>\n<\/div>\n<\/div>\n<\/div>\n<\/div>\n<\/section>\n","protected":false},"excerpt":{"rendered":"<p>Koleksioni Insignia:Dizajn elegant dhe cil\u00ebsi e garantuar. Rubineti ROCA ofron funksionim t\u00eb q\u00ebndruesh\u00ebm dhe stil modern. I prodhuar me standardet<\/p>\n","protected":false},"featured_media":5718,"template":"","meta":[],"product_cat":[340,474,475],"product_tag":[],"class_list":["post-5717","product","type-product","status-publish","has-post-thumbnail","hentry","product_cat-hidrosanitare","product_cat-rubineta","product_cat-rubineta-per-lavaman"],"_links":{"self":[{"href":"https:\/\/hidrosistem.al\/new\/wp-json\/wp\/v2\/product\/5717","targetHints":{"allow":["GET"]}}],"collection":[{"href":"https:\/\/hidrosistem.al\/new\/wp-json\/wp\/v2\/product"}],"about":[{"href":"https:\/\/hidrosistem.al\/new\/wp-json\/wp\/v2\/types\/product"}],"version-history":[{"count":5,"href":"https:\/\/hidrosistem.al\/new\/wp-json\/wp\/v2\/product\/5717\/revisions"}],"predecessor-version":[{"id":13595,"href":"https:\/\/hidrosistem.al\/new\/wp-json\/wp\/v2\/product\/5717\/revisions\/13595"}],"wp:featuredmedia":[{"embeddable":true,"href":"https:\/\/hidrosistem.al\/new\/wp-json\/wp\/v2\/media\/5718"}],"wp:attachment":[{"href":"https:\/\/hidrosistem.al\/new\/wp-json\/wp\/v2\/media?parent=5717"}],"wp:term":[{"taxonomy":"product_cat","embeddable":true,"href":"https:\/\/hidrosistem.al\/new\/wp-json\/wp\/v2\/product_cat?post=5717"},{"taxonomy":"product_tag","embeddable":true,"href":"https:\/\/hidrosistem.al\/new\/wp-json\/wp\/v2\/product_tag?post=5717"}],"curies":[{"name":"wp","href":"https:\/\/api.w.org\/{rel}","templated":true}]}}