{"id":5714,"date":"2023-09-29T20:54:09","date_gmt":"2023-09-29T20:54:09","guid":{"rendered":"https:\/\/hidrosistem.al\/new\/?post_type=product&#038;p=5714"},"modified":"2023-09-29T20:54:10","modified_gmt":"2023-09-29T20:54:10","slug":"buton-kasete-pl-2-mat-i-kromuar","status":"publish","type":"product","link":"https:\/\/hidrosistem.al\/new\/product\/buton-kasete-pl-2-mat-i-kromuar\/","title":{"rendered":"Buton kasete PL 2 mat i kromuar"},"content":{"rendered":"<p><span data-sheets-value=\"{&quot;1&quot;:2,&quot;2&quot;:&quot;Koleksioni In Wall : Sisteme q\u00eb kombinojn\u00eb efikasitetin dhe teknologjin\u00eb p\u00ebr t\u00eb ofruar performanc\u00ebn m\u00eb t\u00eb mir\u00eb.&quot;}\" data-sheets-userformat=\"{&quot;2&quot;:513,&quot;3&quot;:{&quot;1&quot;:0},&quot;12&quot;:0}\">Koleksioni In Wall : Sisteme q\u00eb kombinojn\u00eb efikasitetin dhe teknologjin\u00eb p\u00ebr t\u00eb ofruar performanc\u00ebn m\u00eb t\u00eb mir\u00eb.<\/span><\/p>\n<p>Kodi i produktit ne ROCA : <span data-sheets-value=\"{&quot;1&quot;:2,&quot;2&quot;:&quot;A890096002&quot;}\" data-sheets-userformat=\"{&quot;2&quot;:12929,&quot;3&quot;:{&quot;1&quot;:0},&quot;10&quot;:2,&quot;12&quot;:0,&quot;15&quot;:&quot;Calibri&quot;,&quot;16&quot;:12}\">A890096002<\/span><br \/>\nDimensionet : <span data-sheets-value=\"{&quot;1&quot;:2,&quot;2&quot;:&quot;250 x 160 mm&quot;}\">250 x 160 mm<\/span><\/p>\n","protected":false},"excerpt":{"rendered":"<p>Koleksioni In Wall : Sisteme q\u00eb kombinojn\u00eb efikasitetin dhe teknologjin\u00eb p\u00ebr t\u00eb ofruar performanc\u00ebn m\u00eb t\u00eb mir\u00eb. Kodi i produktit<\/p>\n","protected":false},"featured_media":5715,"template":"","meta":[],"product_cat":[340],"product_tag":[],"class_list":["post-5714","product","type-product","status-publish","has-post-thumbnail","hentry","product_cat-hidrosanitare"],"_links":{"self":[{"href":"https:\/\/hidrosistem.al\/new\/wp-json\/wp\/v2\/product\/5714","targetHints":{"allow":["GET"]}}],"collection":[{"href":"https:\/\/hidrosistem.al\/new\/wp-json\/wp\/v2\/product"}],"about":[{"href":"https:\/\/hidrosistem.al\/new\/wp-json\/wp\/v2\/types\/product"}],"version-history":[{"count":1,"href":"https:\/\/hidrosistem.al\/new\/wp-json\/wp\/v2\/product\/5714\/revisions"}],"predecessor-version":[{"id":5716,"href":"https:\/\/hidrosistem.al\/new\/wp-json\/wp\/v2\/product\/5714\/revisions\/5716"}],"wp:featuredmedia":[{"embeddable":true,"href":"https:\/\/hidrosistem.al\/new\/wp-json\/wp\/v2\/media\/5715"}],"wp:attachment":[{"href":"https:\/\/hidrosistem.al\/new\/wp-json\/wp\/v2\/media?parent=5714"}],"wp:term":[{"taxonomy":"product_cat","embeddable":true,"href":"https:\/\/hidrosistem.al\/new\/wp-json\/wp\/v2\/product_cat?post=5714"},{"taxonomy":"product_tag","embeddable":true,"href":"https:\/\/hidrosistem.al\/new\/wp-json\/wp\/v2\/product_tag?post=5714"}],"curies":[{"name":"wp","href":"https:\/\/api.w.org\/{rel}","templated":true}]}}