{"id":5703,"date":"2023-09-29T20:48:28","date_gmt":"2023-09-29T20:48:28","guid":{"rendered":"https:\/\/hidrosistem.al\/new\/?post_type=product&#038;p=5703"},"modified":"2025-11-19T08:04:46","modified_gmt":"2025-11-19T08:04:46","slug":"kaset-inkaso-me-konstruksion-te-plote-1120mm-blu-per-lavaman","status":"publish","type":"product","link":"https:\/\/hidrosistem.al\/new\/product\/kaset-inkaso-me-konstruksion-te-plote-1120mm-blu-per-lavaman\/","title":{"rendered":"Kaset\u00eb inkaso Roca me konstruksion t\u00eb plot\u00eb p\u00ebr lavaman"},"content":{"rendered":"<p><span data-sheets-value=\"{&quot;1&quot;:2,&quot;2&quot;:&quot;Koleksioni In Wall : Sisteme q\u00eb kombinojn\u00eb efikasitetin dhe teknologjin\u00eb p\u00ebr t\u00eb ofruar performanc\u00ebn m\u00eb t\u00eb mir\u00eb.&quot;}\" data-sheets-userformat=\"{&quot;2&quot;:513,&quot;3&quot;:{&quot;1&quot;:0},&quot;12&quot;:0}\">Koleksioni In Wall: Kaseta inkaso p\u00ebr lavaman siguron instalim t\u00eb fsheht\u00eb t\u00eb tubacioneve, duke krijuar nj\u00eb pamje t\u00eb past\u00ebr dhe moderne. Ofron funksionim t\u00eb q\u00ebndruesh\u00ebm, materiale rezistente dhe montim t\u00eb sigurt, ideale p\u00ebr tualete me dizajn minimal dhe t\u00eb rregullt.<\/span><\/p>\n<p>Kodi i produktit ne ROCA : <span data-sheets-value=\"{&quot;1&quot;:2,&quot;2&quot;:&quot;A890093000&quot;}\" data-sheets-userformat=\"{&quot;2&quot;:12929,&quot;3&quot;:{&quot;1&quot;:0},&quot;10&quot;:2,&quot;12&quot;:0,&quot;15&quot;:&quot;Calibri&quot;,&quot;16&quot;:12}\">A890093000<\/span><br \/>\nDimensionet : <span data-sheets-value=\"{&quot;1&quot;:2,&quot;2&quot;:&quot;500 x 130 x 1120 mm&quot;}\">500 x 130 x 1120 mm<\/span><\/p>\n","protected":false},"excerpt":{"rendered":"<p>Koleksioni In Wall: Kaseta inkaso p\u00ebr lavaman siguron instalim t\u00eb fsheht\u00eb t\u00eb tubacioneve, duke krijuar nj\u00eb pamje t\u00eb past\u00ebr dhe<\/p>\n","protected":false},"featured_media":5704,"template":"","meta":[],"product_cat":[340,489,528],"product_tag":[],"class_list":["post-5703","product","type-product","status-publish","has-post-thumbnail","hentry","product_cat-hidrosanitare","product_cat-kaseta-inkaso","product_cat-kaseta"],"_links":{"self":[{"href":"https:\/\/hidrosistem.al\/new\/wp-json\/wp\/v2\/product\/5703","targetHints":{"allow":["GET"]}}],"collection":[{"href":"https:\/\/hidrosistem.al\/new\/wp-json\/wp\/v2\/product"}],"about":[{"href":"https:\/\/hidrosistem.al\/new\/wp-json\/wp\/v2\/types\/product"}],"version-history":[{"count":4,"href":"https:\/\/hidrosistem.al\/new\/wp-json\/wp\/v2\/product\/5703\/revisions"}],"predecessor-version":[{"id":12821,"href":"https:\/\/hidrosistem.al\/new\/wp-json\/wp\/v2\/product\/5703\/revisions\/12821"}],"wp:featuredmedia":[{"embeddable":true,"href":"https:\/\/hidrosistem.al\/new\/wp-json\/wp\/v2\/media\/5704"}],"wp:attachment":[{"href":"https:\/\/hidrosistem.al\/new\/wp-json\/wp\/v2\/media?parent=5703"}],"wp:term":[{"taxonomy":"product_cat","embeddable":true,"href":"https:\/\/hidrosistem.al\/new\/wp-json\/wp\/v2\/product_cat?post=5703"},{"taxonomy":"product_tag","embeddable":true,"href":"https:\/\/hidrosistem.al\/new\/wp-json\/wp\/v2\/product_tag?post=5703"}],"curies":[{"name":"wp","href":"https:\/\/api.w.org\/{rel}","templated":true}]}}