{"id":5699,"date":"2023-09-29T20:47:11","date_gmt":"2023-09-29T20:47:11","guid":{"rendered":"https:\/\/hidrosistem.al\/new\/?post_type=product&#038;p=5699"},"modified":"2025-12-04T11:50:14","modified_gmt":"2025-12-04T11:50:14","slug":"kaset-inkaso-me-konstruksion-te-plote-1120mm-blu-per-bide","status":"publish","type":"product","link":"https:\/\/hidrosistem.al\/new\/product\/kaset-inkaso-me-konstruksion-te-plote-1120mm-blu-per-bide\/","title":{"rendered":"Kaset\u00eb inkaso Roca me konstruksion t\u00eb plot\u00eb p\u00ebr bide"},"content":{"rendered":"<p><span data-sheets-value=\"{&quot;1&quot;:2,&quot;2&quot;:&quot;Koleksioni In Wall : Sisteme q\u00eb kombinojn\u00eb efikasitetin dhe teknologjin\u00eb p\u00ebr t\u00eb ofruar performanc\u00ebn m\u00eb t\u00eb mir\u00eb.&quot;}\" data-sheets-userformat=\"{&quot;2&quot;:513,&quot;3&quot;:{&quot;1&quot;:0},&quot;12&quot;:0}\">Koleksioni In Wall: Kaseta inkaso p\u00ebr bide ofron instalim t\u00eb integruar brenda murit, duke krijuar nj\u00eb pamje t\u00eb past\u00ebr dhe moderne n\u00eb tualete. Me mekaniz\u00ebm t\u00eb q\u00ebndruesh\u00ebm dhe materiale cil\u00ebsore, siguron funksionim t\u00eb qet\u00eb, higjien\u00eb t\u00eb lart\u00eb dhe kursim hap\u00ebsire.<\/span><\/p>\n<p>Kodi i produktit ne ROCA : <span data-sheets-value=\"{&quot;1&quot;:2,&quot;2&quot;:&quot;A890091200&quot;}\" data-sheets-userformat=\"{&quot;2&quot;:12929,&quot;3&quot;:{&quot;1&quot;:0},&quot;10&quot;:2,&quot;12&quot;:0,&quot;15&quot;:&quot;Calibri&quot;,&quot;16&quot;:12}\">A890091200<\/span><br \/>\nDimensionet : <span data-sheets-value=\"{&quot;1&quot;:2,&quot;2&quot;:&quot;500 x 80 x 1120 mm&quot;}\">500 x 80 x 1120 mm<\/span><\/p>\n","protected":false},"excerpt":{"rendered":"<p>Koleksioni In Wall: Kaseta inkaso p\u00ebr bide ofron instalim t\u00eb integruar brenda murit, duke krijuar nj\u00eb pamje t\u00eb past\u00ebr dhe<\/p>\n","protected":false},"featured_media":13692,"template":"","meta":[],"product_cat":[340,489,528],"product_tag":[],"class_list":["post-5699","product","type-product","status-publish","has-post-thumbnail","hentry","product_cat-hidrosanitare","product_cat-kaseta-inkaso","product_cat-kaseta"],"_links":{"self":[{"href":"https:\/\/hidrosistem.al\/new\/wp-json\/wp\/v2\/product\/5699","targetHints":{"allow":["GET"]}}],"collection":[{"href":"https:\/\/hidrosistem.al\/new\/wp-json\/wp\/v2\/product"}],"about":[{"href":"https:\/\/hidrosistem.al\/new\/wp-json\/wp\/v2\/types\/product"}],"version-history":[{"count":3,"href":"https:\/\/hidrosistem.al\/new\/wp-json\/wp\/v2\/product\/5699\/revisions"}],"predecessor-version":[{"id":12823,"href":"https:\/\/hidrosistem.al\/new\/wp-json\/wp\/v2\/product\/5699\/revisions\/12823"}],"wp:featuredmedia":[{"embeddable":true,"href":"https:\/\/hidrosistem.al\/new\/wp-json\/wp\/v2\/media\/13692"}],"wp:attachment":[{"href":"https:\/\/hidrosistem.al\/new\/wp-json\/wp\/v2\/media?parent=5699"}],"wp:term":[{"taxonomy":"product_cat","embeddable":true,"href":"https:\/\/hidrosistem.al\/new\/wp-json\/wp\/v2\/product_cat?post=5699"},{"taxonomy":"product_tag","embeddable":true,"href":"https:\/\/hidrosistem.al\/new\/wp-json\/wp\/v2\/product_tag?post=5699"}],"curies":[{"name":"wp","href":"https:\/\/api.w.org\/{rel}","templated":true}]}}