{"id":5695,"date":"2023-09-29T20:45:37","date_gmt":"2023-09-29T20:45:37","guid":{"rendered":"https:\/\/hidrosistem.al\/new\/?post_type=product&#038;p=5695"},"modified":"2025-11-19T08:01:50","modified_gmt":"2025-11-19T08:01:50","slug":"kaset-inkaso-active-me-gjysem-konstruksion-12cm-dn90","status":"publish","type":"product","link":"https:\/\/hidrosistem.al\/new\/product\/kaset-inkaso-active-me-gjysem-konstruksion-12cm-dn90\/","title":{"rendered":"Kaset\u00eb inkaso Roca Active me gjys\u00ebm konstruksion"},"content":{"rendered":"<p><span data-sheets-value=\"{&quot;1&quot;:2,&quot;2&quot;:&quot;Koleksioni In Wall : Sisteme q\u00eb kombinojn\u00eb efikasitetin dhe teknologjin\u00eb p\u00ebr t\u00eb ofruar performanc\u00ebn m\u00eb t\u00eb mir\u00eb.&quot;}\" data-sheets-userformat=\"{&quot;2&quot;:513,&quot;3&quot;:{&quot;1&quot;:0},&quot;12&quot;:0}\">Koleksioni In Wall: <\/span><span data-sheets-value=\"{&quot;1&quot;:2,&quot;2&quot;:&quot;Koleksioni In Wall : Sisteme q\u00eb kombinojn\u00eb efikasitetin dhe teknologjin\u00eb p\u00ebr t\u00eb ofruar performanc\u00ebn m\u00eb t\u00eb mir\u00eb.&quot;}\" data-sheets-userformat=\"{&quot;2&quot;:513,&quot;3&quot;:{&quot;1&quot;:0},&quot;12&quot;:0}\">Kaset\u00eb Inkaso, zgjidhje moderne dhe e fsheht\u00eb p\u00ebr shkarkim efikas. Kaseta inkaso ofron nj\u00eb sistem shkarkimi t\u00eb integruar, t\u00eb fshehur brenda murit, duke garantuar estetike t\u00eb past\u00ebr dhe funksionim t\u00eb qet\u00eb. Me mekaniz\u00ebm t\u00eb q\u00ebndruesh\u00ebm, kursim uji dhe instalim t\u00eb sigurt, \u00ebsht\u00eb zgjedhja ideale p\u00ebr tualete moderne dhe praktike.<\/span><\/p>\n<p>Kodi i produktit ne ROCA : <span data-sheets-value=\"{&quot;1&quot;:2,&quot;2&quot;:&quot;A89011010B&quot;}\" data-sheets-userformat=\"{&quot;2&quot;:12929,&quot;3&quot;:{&quot;1&quot;:0},&quot;10&quot;:2,&quot;12&quot;:0,&quot;15&quot;:&quot;Calibri&quot;,&quot;16&quot;:12}\">A89011010B<\/span><\/p>\n","protected":false},"excerpt":{"rendered":"<p>Koleksioni In Wall: Kaset\u00eb Inkaso, zgjidhje moderne dhe e fsheht\u00eb p\u00ebr shkarkim efikas. Kaseta inkaso ofron nj\u00eb sistem shkarkimi t\u00eb<\/p>\n","protected":false},"featured_media":5696,"template":"","meta":[],"product_cat":[340,489,528],"product_tag":[],"class_list":["post-5695","product","type-product","status-publish","has-post-thumbnail","hentry","product_cat-hidrosanitare","product_cat-kaseta-inkaso","product_cat-kaseta"],"_links":{"self":[{"href":"https:\/\/hidrosistem.al\/new\/wp-json\/wp\/v2\/product\/5695","targetHints":{"allow":["GET"]}}],"collection":[{"href":"https:\/\/hidrosistem.al\/new\/wp-json\/wp\/v2\/product"}],"about":[{"href":"https:\/\/hidrosistem.al\/new\/wp-json\/wp\/v2\/types\/product"}],"version-history":[{"count":3,"href":"https:\/\/hidrosistem.al\/new\/wp-json\/wp\/v2\/product\/5695\/revisions"}],"predecessor-version":[{"id":12820,"href":"https:\/\/hidrosistem.al\/new\/wp-json\/wp\/v2\/product\/5695\/revisions\/12820"}],"wp:featuredmedia":[{"embeddable":true,"href":"https:\/\/hidrosistem.al\/new\/wp-json\/wp\/v2\/media\/5696"}],"wp:attachment":[{"href":"https:\/\/hidrosistem.al\/new\/wp-json\/wp\/v2\/media?parent=5695"}],"wp:term":[{"taxonomy":"product_cat","embeddable":true,"href":"https:\/\/hidrosistem.al\/new\/wp-json\/wp\/v2\/product_cat?post=5695"},{"taxonomy":"product_tag","embeddable":true,"href":"https:\/\/hidrosistem.al\/new\/wp-json\/wp\/v2\/product_tag?post=5695"}],"curies":[{"name":"wp","href":"https:\/\/api.w.org\/{rel}","templated":true}]}}