{"id":5672,"date":"2023-09-29T20:34:04","date_gmt":"2023-09-29T20:34:04","guid":{"rendered":"https:\/\/hidrosistem.al\/new\/?post_type=product&#038;p=5672"},"modified":"2025-12-01T10:17:59","modified_gmt":"2025-12-01T10:17:59","slug":"buton-kasete-62b-dual-i-kromuar","status":"publish","type":"product","link":"https:\/\/hidrosistem.al\/new\/product\/buton-kasete-62b-dual-i-kromuar\/","title":{"rendered":"Buton kasete Roca 62B DUAL i kromuar"},"content":{"rendered":"<p><span data-sheets-value=\"{&quot;1&quot;:2,&quot;2&quot;:&quot;Koleksioni In Wall : Sisteme q\u00eb kombinojn\u00eb efikasitetin dhe teknologjin\u00eb p\u00ebr t\u00eb ofruar performanc\u00ebn m\u00eb t\u00eb mir\u00eb.&quot;}\" data-sheets-userformat=\"{&quot;2&quot;:513,&quot;3&quot;:{&quot;1&quot;:0},&quot;12&quot;:0}\">Koleksioni In Wall: Sisteme q\u00eb kombinojn\u00eb efikasitetin dhe teknologjin\u00eb p\u00ebr t\u00eb ofruar performanc\u00ebn m\u00eb t\u00eb mir\u00eb. Butoni i kaset\u00ebs s\u00eb WC-s\u00eb mund\u00ebson shkarkim t\u00eb leht\u00eb dhe efikas t\u00eb ujit. Me dizajn minimalist dhe materiale rezistente, garanton funksionim t\u00eb q\u00ebndruesh\u00ebm dhe p\u00ebrshtatje me shumic\u00ebn e kasetave standarde.<\/span><\/p>\n<p>Kodi i produktit ne ROCA : <span data-sheets-value=\"{&quot;1&quot;:2,&quot;2&quot;:&quot;A8901160B1&quot;}\" data-sheets-userformat=\"{&quot;2&quot;:12929,&quot;3&quot;:{&quot;1&quot;:0},&quot;10&quot;:2,&quot;12&quot;:0,&quot;15&quot;:&quot;Calibri&quot;,&quot;16&quot;:12}\">A8901160B1<\/span><br \/>\nDimensionet : <span id=\"dim-txt\">255 x 170 mm<\/span><\/p>\n","protected":false},"excerpt":{"rendered":"<p>Koleksioni In Wall: Sisteme q\u00eb kombinojn\u00eb efikasitetin dhe teknologjin\u00eb p\u00ebr t\u00eb ofruar performanc\u00ebn m\u00eb t\u00eb mir\u00eb. Butoni i kaset\u00ebs s\u00eb<\/p>\n","protected":false},"featured_media":5673,"template":"","meta":[],"product_cat":[340,489,529],"product_tag":[],"class_list":["post-5672","product","type-product","status-publish","has-post-thumbnail","hentry","product_cat-hidrosanitare","product_cat-kaseta-inkaso","product_cat-butona-kasete"],"_links":{"self":[{"href":"https:\/\/hidrosistem.al\/new\/wp-json\/wp\/v2\/product\/5672","targetHints":{"allow":["GET"]}}],"collection":[{"href":"https:\/\/hidrosistem.al\/new\/wp-json\/wp\/v2\/product"}],"about":[{"href":"https:\/\/hidrosistem.al\/new\/wp-json\/wp\/v2\/types\/product"}],"version-history":[{"count":3,"href":"https:\/\/hidrosistem.al\/new\/wp-json\/wp\/v2\/product\/5672\/revisions"}],"predecessor-version":[{"id":13069,"href":"https:\/\/hidrosistem.al\/new\/wp-json\/wp\/v2\/product\/5672\/revisions\/13069"}],"wp:featuredmedia":[{"embeddable":true,"href":"https:\/\/hidrosistem.al\/new\/wp-json\/wp\/v2\/media\/5673"}],"wp:attachment":[{"href":"https:\/\/hidrosistem.al\/new\/wp-json\/wp\/v2\/media?parent=5672"}],"wp:term":[{"taxonomy":"product_cat","embeddable":true,"href":"https:\/\/hidrosistem.al\/new\/wp-json\/wp\/v2\/product_cat?post=5672"},{"taxonomy":"product_tag","embeddable":true,"href":"https:\/\/hidrosistem.al\/new\/wp-json\/wp\/v2\/product_tag?post=5672"}],"curies":[{"name":"wp","href":"https:\/\/api.w.org\/{rel}","templated":true}]}}