{"id":5645,"date":"2023-09-29T20:21:35","date_gmt":"2023-09-29T20:21:35","guid":{"rendered":"https:\/\/hidrosistem.al\/new\/?post_type=product&#038;p=5645"},"modified":"2025-12-01T10:16:07","modified_gmt":"2025-12-01T10:16:07","slug":"buton-kasete-pl-1-dual-i-kromuar","status":"publish","type":"product","link":"https:\/\/hidrosistem.al\/new\/product\/buton-kasete-pl-1-dual-i-kromuar\/","title":{"rendered":"Buton kasete Roca PL1 DUAL i  kromuar"},"content":{"rendered":"<p><span data-sheets-value=\"{&quot;1&quot;:2,&quot;2&quot;:&quot;Koleksioni In Wall : Sisteme q\u00eb kombinojn\u00eb efikasitetin dhe teknologjin\u00eb p\u00ebr t\u00eb ofruar performanc\u00ebn m\u00eb t\u00eb mir\u00eb.&quot;}\" data-sheets-userformat=\"{&quot;2&quot;:513,&quot;3&quot;:{&quot;1&quot;:0},&quot;12&quot;:0}\">Koleksioni In Wall: Sisteme q\u00eb kombinojn\u00eb efikasitetin dhe teknologjin\u00eb p\u00ebr t\u00eb ofruar performanc\u00ebn m\u00eb t\u00eb mir\u00eb. Butoni i kaset\u00ebs s\u00eb WC-s\u00eb mund\u00ebson shkarkim t\u00eb leht\u00eb dhe efikas t\u00eb ujit. Me dizajn minimalist dhe materiale rezistente, garanton funksionim t\u00eb q\u00ebndruesh\u00ebm dhe p\u00ebrshtatje me shumic\u00ebn e kasetave standarde.<\/span><\/p>\n<p>Kodi i produktit ne ROCA : <span data-sheets-value=\"{&quot;1&quot;:2,&quot;2&quot;:&quot;A890095001&quot;}\" data-sheets-userformat=\"{&quot;2&quot;:12929,&quot;3&quot;:{&quot;1&quot;:0},&quot;10&quot;:2,&quot;12&quot;:0,&quot;15&quot;:&quot;Calibri&quot;,&quot;16&quot;:12}\">A890095001<\/span><br \/>\nDimensionet : <span data-sheets-value=\"{&quot;1&quot;:2,&quot;2&quot;:&quot;250 x 160 mm&quot;}\">250 x 160 mm<\/span><\/p>\n","protected":false},"excerpt":{"rendered":"<p>Koleksioni In Wall: Sisteme q\u00eb kombinojn\u00eb efikasitetin dhe teknologjin\u00eb p\u00ebr t\u00eb ofruar performanc\u00ebn m\u00eb t\u00eb mir\u00eb. Butoni i kaset\u00ebs s\u00eb<\/p>\n","protected":false},"featured_media":5646,"template":"","meta":[],"product_cat":[340,489,529],"product_tag":[],"class_list":["post-5645","product","type-product","status-publish","has-post-thumbnail","hentry","product_cat-hidrosanitare","product_cat-kaseta-inkaso","product_cat-butona-kasete"],"_links":{"self":[{"href":"https:\/\/hidrosistem.al\/new\/wp-json\/wp\/v2\/product\/5645","targetHints":{"allow":["GET"]}}],"collection":[{"href":"https:\/\/hidrosistem.al\/new\/wp-json\/wp\/v2\/product"}],"about":[{"href":"https:\/\/hidrosistem.al\/new\/wp-json\/wp\/v2\/types\/product"}],"version-history":[{"count":3,"href":"https:\/\/hidrosistem.al\/new\/wp-json\/wp\/v2\/product\/5645\/revisions"}],"predecessor-version":[{"id":13063,"href":"https:\/\/hidrosistem.al\/new\/wp-json\/wp\/v2\/product\/5645\/revisions\/13063"}],"wp:featuredmedia":[{"embeddable":true,"href":"https:\/\/hidrosistem.al\/new\/wp-json\/wp\/v2\/media\/5646"}],"wp:attachment":[{"href":"https:\/\/hidrosistem.al\/new\/wp-json\/wp\/v2\/media?parent=5645"}],"wp:term":[{"taxonomy":"product_cat","embeddable":true,"href":"https:\/\/hidrosistem.al\/new\/wp-json\/wp\/v2\/product_cat?post=5645"},{"taxonomy":"product_tag","embeddable":true,"href":"https:\/\/hidrosistem.al\/new\/wp-json\/wp\/v2\/product_tag?post=5645"}],"curies":[{"name":"wp","href":"https:\/\/api.w.org\/{rel}","templated":true}]}}