{"id":5624,"date":"2023-09-29T19:48:39","date_gmt":"2023-09-29T19:48:39","guid":{"rendered":"https:\/\/hidrosistem.al\/new\/?post_type=product&#038;p=5624"},"modified":"2025-12-02T08:56:47","modified_gmt":"2025-12-02T08:56:47","slug":"gap-kaset-wc-je-4-2l","status":"publish","type":"product","link":"https:\/\/hidrosistem.al\/new\/product\/gap-kaset-wc-je-4-2l\/","title":{"rendered":"Kaset WC Roca Gap 4\/2L"},"content":{"rendered":"<p>Koleksioni The Gap: Kaseta WC Roca Gap ofron funksionalitet t\u00eb lart\u00eb, performanc\u00eb t\u00eb q\u00ebndrueshme dhe dizajn praktik q\u00eb i p\u00ebrshtatet \u00e7do ambienti sanitar. E prodhuar me standardet e larta t\u00eb mark\u00ebs Roca, kjo kaset\u00eb siguron ekonomi uji, funksionim t\u00eb qet\u00eb dhe rezistenc\u00eb afatgjat\u00eb ndaj p\u00ebrdorimit t\u00eb p\u00ebrditsh\u00ebm.<br \/>\nStruktura e saj kompakte dhe mekanizmi efikas e b\u00ebjn\u00eb nj\u00eb zgjidhje ideale si p\u00ebr instalime t\u00eb reja, ashtu edhe p\u00ebr rinovime.<\/p>\n<p>Kodi i produktit ne ROCA :<span data-sheets-value=\"{&quot;1&quot;:2,&quot;2&quot;:&quot;A341731000&quot;}\" data-sheets-userformat=\"{&quot;2&quot;:12929,&quot;3&quot;:{&quot;1&quot;:0},&quot;10&quot;:2,&quot;12&quot;:0,&quot;15&quot;:&quot;Calibri&quot;,&quot;16&quot;:12}\">A341731000<\/span><br \/>\nDimensionet e produktit :<span id=\"dim-txt\">365 x 150 x 405 mm<\/span><\/p>\n","protected":false},"excerpt":{"rendered":"<p>Koleksioni The Gap: Kaseta WC Roca Gap ofron funksionalitet t\u00eb lart\u00eb, performanc\u00eb t\u00eb q\u00ebndrueshme dhe dizajn praktik q\u00eb i p\u00ebrshtatet<\/p>\n","protected":false},"featured_media":5625,"template":"","meta":[],"product_cat":[340,489,528],"product_tag":[],"class_list":["post-5624","product","type-product","status-publish","has-post-thumbnail","hentry","product_cat-hidrosanitare","product_cat-kaseta-inkaso","product_cat-kaseta"],"_links":{"self":[{"href":"https:\/\/hidrosistem.al\/new\/wp-json\/wp\/v2\/product\/5624","targetHints":{"allow":["GET"]}}],"collection":[{"href":"https:\/\/hidrosistem.al\/new\/wp-json\/wp\/v2\/product"}],"about":[{"href":"https:\/\/hidrosistem.al\/new\/wp-json\/wp\/v2\/types\/product"}],"version-history":[{"count":3,"href":"https:\/\/hidrosistem.al\/new\/wp-json\/wp\/v2\/product\/5624\/revisions"}],"predecessor-version":[{"id":13330,"href":"https:\/\/hidrosistem.al\/new\/wp-json\/wp\/v2\/product\/5624\/revisions\/13330"}],"wp:featuredmedia":[{"embeddable":true,"href":"https:\/\/hidrosistem.al\/new\/wp-json\/wp\/v2\/media\/5625"}],"wp:attachment":[{"href":"https:\/\/hidrosistem.al\/new\/wp-json\/wp\/v2\/media?parent=5624"}],"wp:term":[{"taxonomy":"product_cat","embeddable":true,"href":"https:\/\/hidrosistem.al\/new\/wp-json\/wp\/v2\/product_cat?post=5624"},{"taxonomy":"product_tag","embeddable":true,"href":"https:\/\/hidrosistem.al\/new\/wp-json\/wp\/v2\/product_tag?post=5624"}],"curies":[{"name":"wp","href":"https:\/\/api.w.org\/{rel}","templated":true}]}}