{"id":5620,"date":"2023-09-29T19:43:20","date_gmt":"2023-09-29T19:43:20","guid":{"rendered":"https:\/\/hidrosistem.al\/new\/?post_type=product&#038;p=5620"},"modified":"2025-12-02T09:00:38","modified_gmt":"2025-12-02T09:00:38","slug":"gap-wc-600-cc-btw-pan-4-2l-e-bardhe","status":"publish","type":"product","link":"https:\/\/hidrosistem.al\/new\/product\/gap-wc-600-cc-btw-pan-4-2l-e-bardhe\/","title":{"rendered":"WC Roca Gap 600 CC BTW PAN 4\/2L e bardh\u00eb"},"content":{"rendered":"<p>Koleksioni The Gap: Dizajn neutral, linja t\u00eb thjeshta, forma harmonike. Material porcelani i bardh\u00eb me dizajn klasik-vintage, p\u00ebr ambient tualeti me karakter dhe funksionalitet t\u00eb lart\u00eb.<\/p>\n<p>Kodi i produktit ne ROCA :<span data-sheets-value=\"{&quot;1&quot;:2,&quot;2&quot;:&quot;A34273700H&quot;}\" data-sheets-userformat=\"{&quot;2&quot;:12929,&quot;3&quot;:{&quot;1&quot;:0},&quot;10&quot;:2,&quot;12&quot;:0,&quot;15&quot;:&quot;Calibri&quot;,&quot;16&quot;:12}\">A34273700H<\/span><br \/>\nDimensionet e produktit :<span id=\"dim-txt\">365 x 600 x 790 mm<\/span><\/p>\n","protected":false},"excerpt":{"rendered":"<p>Koleksioni The Gap: Dizajn neutral, linja t\u00eb thjeshta, forma harmonike. Material porcelani i bardh\u00eb me dizajn klasik-vintage, p\u00ebr ambient tualeti<\/p>\n","protected":false},"featured_media":5621,"template":"","meta":[],"product_cat":[340,466,467],"product_tag":[],"class_list":["post-5620","product","type-product","status-publish","has-post-thumbnail","hentry","product_cat-hidrosanitare","product_cat-sanitare","product_cat-wc"],"_links":{"self":[{"href":"https:\/\/hidrosistem.al\/new\/wp-json\/wp\/v2\/product\/5620","targetHints":{"allow":["GET"]}}],"collection":[{"href":"https:\/\/hidrosistem.al\/new\/wp-json\/wp\/v2\/product"}],"about":[{"href":"https:\/\/hidrosistem.al\/new\/wp-json\/wp\/v2\/types\/product"}],"version-history":[{"count":3,"href":"https:\/\/hidrosistem.al\/new\/wp-json\/wp\/v2\/product\/5620\/revisions"}],"predecessor-version":[{"id":13332,"href":"https:\/\/hidrosistem.al\/new\/wp-json\/wp\/v2\/product\/5620\/revisions\/13332"}],"wp:featuredmedia":[{"embeddable":true,"href":"https:\/\/hidrosistem.al\/new\/wp-json\/wp\/v2\/media\/5621"}],"wp:attachment":[{"href":"https:\/\/hidrosistem.al\/new\/wp-json\/wp\/v2\/media?parent=5620"}],"wp:term":[{"taxonomy":"product_cat","embeddable":true,"href":"https:\/\/hidrosistem.al\/new\/wp-json\/wp\/v2\/product_cat?post=5620"},{"taxonomy":"product_tag","embeddable":true,"href":"https:\/\/hidrosistem.al\/new\/wp-json\/wp\/v2\/product_tag?post=5620"}],"curies":[{"name":"wp","href":"https:\/\/api.w.org\/{rel}","templated":true}]}}