{"id":5607,"date":"2023-09-29T19:37:44","date_gmt":"2023-09-29T19:37:44","guid":{"rendered":"https:\/\/hidrosistem.al\/new\/?post_type=product&#038;p=5607"},"modified":"2025-12-03T15:01:05","modified_gmt":"2025-12-03T15:01:05","slug":"gap-wc-incaso-e-bardhe-e-rrumbullaket-rimless","status":"publish","type":"product","link":"https:\/\/hidrosistem.al\/new\/product\/gap-wc-incaso-e-bardhe-e-rrumbullaket-rimless\/","title":{"rendered":"WC Roca Gap incaso e bardh\u00eb e rrumbullak\u00ebt rimless"},"content":{"rendered":"<p>Koleksioni The Gap: WC q\u00eb varet n\u00eb mur, me dalje horizontale, nga koleksioni \u201cGap\u201d. Me dimensione kompakte dhe form\u00eb katrore ofron pastrim m\u00eb t\u00eb leht\u00eb dhe higjien\u00eb t\u00eb p\u00ebrmir\u00ebsuar. Material i bardh\u00eb, porcelan i lakuar p\u00ebr tualete bashk\u00ebkohore.<\/p>\n<p>Kodi i produktit ne ROCA :<span data-sheets-value=\"{&quot;1&quot;:2,&quot;2&quot;:&quot;A3460NL000&quot;}\" data-sheets-userformat=\"{&quot;2&quot;:12929,&quot;3&quot;:{&quot;1&quot;:0},&quot;10&quot;:2,&quot;12&quot;:0,&quot;15&quot;:&quot;Calibri&quot;,&quot;16&quot;:12}\">A3460NL000<\/span><br \/>\nDimensionet e produktit :<span id=\"dim-txt\">355 x 540 x 440 mm<\/span><\/p>\n","protected":false},"excerpt":{"rendered":"<p>Koleksioni The Gap: WC q\u00eb varet n\u00eb mur, me dalje horizontale, nga koleksioni \u201cGap\u201d. Me dimensione kompakte dhe form\u00eb katrore<\/p>\n","protected":false},"featured_media":5611,"template":"","meta":[],"product_cat":[340,467],"product_tag":[],"class_list":["post-5607","product","type-product","status-publish","has-post-thumbnail","hentry","product_cat-hidrosanitare","product_cat-wc"],"_links":{"self":[{"href":"https:\/\/hidrosistem.al\/new\/wp-json\/wp\/v2\/product\/5607","targetHints":{"allow":["GET"]}}],"collection":[{"href":"https:\/\/hidrosistem.al\/new\/wp-json\/wp\/v2\/product"}],"about":[{"href":"https:\/\/hidrosistem.al\/new\/wp-json\/wp\/v2\/types\/product"}],"version-history":[{"count":3,"href":"https:\/\/hidrosistem.al\/new\/wp-json\/wp\/v2\/product\/5607\/revisions"}],"predecessor-version":[{"id":13584,"href":"https:\/\/hidrosistem.al\/new\/wp-json\/wp\/v2\/product\/5607\/revisions\/13584"}],"wp:featuredmedia":[{"embeddable":true,"href":"https:\/\/hidrosistem.al\/new\/wp-json\/wp\/v2\/media\/5611"}],"wp:attachment":[{"href":"https:\/\/hidrosistem.al\/new\/wp-json\/wp\/v2\/media?parent=5607"}],"wp:term":[{"taxonomy":"product_cat","embeddable":true,"href":"https:\/\/hidrosistem.al\/new\/wp-json\/wp\/v2\/product_cat?post=5607"},{"taxonomy":"product_tag","embeddable":true,"href":"https:\/\/hidrosistem.al\/new\/wp-json\/wp\/v2\/product_tag?post=5607"}],"curies":[{"name":"wp","href":"https:\/\/api.w.org\/{rel}","templated":true}]}}