{"id":5554,"date":"2023-09-29T19:19:39","date_gmt":"2023-09-29T19:19:39","guid":{"rendered":"https:\/\/hidrosistem.al\/new\/?post_type=product&#038;p=5554"},"modified":"2025-11-18T10:12:34","modified_gmt":"2025-11-18T10:12:34","slug":"5554","status":"publish","type":"product","link":"https:\/\/hidrosistem.al\/new\/product\/5554\/","title":{"rendered":"Tub Dushi Roca pvc 150 cm"},"content":{"rendered":"<p><span data-sheets-value=\"{&quot;1&quot;:2,&quot;2&quot;:&quot;Koleksioni Easy : Lloji i personalizuar i dushit dhe i banj\u00ebs q\u00eb ofron nj\u00eb gam\u00eb t\u00eb gjer\u00eb dyersh rr\u00ebshqit\u00ebse, me mentesha dhe t\u00eb palosshme me xham t\u00eb kalitur me trash\u00ebsi 6 mm p\u00ebr t'u p\u00ebrshtatur me t\u00eb gjitha llojet e hap\u00ebsir\u00ebs.&quot;}\" data-sheets-userformat=\"{&quot;2&quot;:513,&quot;3&quot;:{&quot;1&quot;:0},&quot;12&quot;:0}\">Koleksioni Easy: Tub universal p\u00ebr dush me gjat\u00ebsi 150 cm, i prodhuar prej PVC rezistent ndaj kthesave (anti-torsion), me lidhje standard \u00bd. Zgjidhje ideale p\u00ebr instalime t\u00eb rinovuara ose t\u00eb reja, ku k\u00ebrkohet tub fleksib\u00ebl me gjat\u00ebsi standart, i leht\u00eb p\u00ebr mir\u00ebmbajtje dhe me pamje moderne.<br \/>\n<\/span><br \/>\nKodi i produktit ne ROCA : <span data-sheets-value=\"{&quot;1&quot;:2,&quot;2&quot;:&quot;A5B2216C00&quot;}\" data-sheets-userformat=\"{&quot;2&quot;:12929,&quot;3&quot;:{&quot;1&quot;:0},&quot;10&quot;:2,&quot;12&quot;:0,&quot;15&quot;:&quot;Calibri&quot;,&quot;16&quot;:12}\">A5B2216C00<\/span><br \/>\nDimensionet : <span id=\"dim-txt\">1500 mm<\/span><\/p>\n","protected":false},"excerpt":{"rendered":"<p>Koleksioni Easy: Tub universal p\u00ebr dush me gjat\u00ebsi 150 cm, i prodhuar prej PVC rezistent ndaj kthesave (anti-torsion), me lidhje<\/p>\n","protected":false},"featured_media":5555,"template":"","meta":[],"product_cat":[340,474,480],"product_tag":[],"class_list":["post-5554","product","type-product","status-publish","has-post-thumbnail","hentry","product_cat-hidrosanitare","product_cat-rubineta","product_cat-aksesore-te-tjere-rubineteri"],"_links":{"self":[{"href":"https:\/\/hidrosistem.al\/new\/wp-json\/wp\/v2\/product\/5554","targetHints":{"allow":["GET"]}}],"collection":[{"href":"https:\/\/hidrosistem.al\/new\/wp-json\/wp\/v2\/product"}],"about":[{"href":"https:\/\/hidrosistem.al\/new\/wp-json\/wp\/v2\/types\/product"}],"version-history":[{"count":5,"href":"https:\/\/hidrosistem.al\/new\/wp-json\/wp\/v2\/product\/5554\/revisions"}],"predecessor-version":[{"id":12745,"href":"https:\/\/hidrosistem.al\/new\/wp-json\/wp\/v2\/product\/5554\/revisions\/12745"}],"wp:featuredmedia":[{"embeddable":true,"href":"https:\/\/hidrosistem.al\/new\/wp-json\/wp\/v2\/media\/5555"}],"wp:attachment":[{"href":"https:\/\/hidrosistem.al\/new\/wp-json\/wp\/v2\/media?parent=5554"}],"wp:term":[{"taxonomy":"product_cat","embeddable":true,"href":"https:\/\/hidrosistem.al\/new\/wp-json\/wp\/v2\/product_cat?post=5554"},{"taxonomy":"product_tag","embeddable":true,"href":"https:\/\/hidrosistem.al\/new\/wp-json\/wp\/v2\/product_tag?post=5554"}],"curies":[{"name":"wp","href":"https:\/\/api.w.org\/{rel}","templated":true}]}}