{"id":5546,"date":"2023-09-29T19:10:07","date_gmt":"2023-09-29T19:10:07","guid":{"rendered":"https:\/\/hidrosistem.al\/new\/?post_type=product&#038;p=5546"},"modified":"2025-11-18T10:15:04","modified_gmt":"2025-11-18T10:15:04","slug":"zorre-metalike-1-50-m-kunder-perdredhjes","status":"publish","type":"product","link":"https:\/\/hidrosistem.al\/new\/product\/zorre-metalike-1-50-m-kunder-perdredhjes\/","title":{"rendered":"Tub fleksib\u00ebl metalik Roca 1.50 m, kund\u00ebr p\u00ebrdredhjes"},"content":{"rendered":"<p><span data-sheets-value=\"{&quot;1&quot;:2,&quot;2&quot;:&quot;Koleksioni Easy : Lloji i personalizuar i dushit dhe i banj\u00ebs q\u00eb ofron nj\u00eb gam\u00eb t\u00eb gjer\u00eb dyersh rr\u00ebshqit\u00ebse, me mentesha dhe t\u00eb palosshme me xham t\u00eb kalitur me trash\u00ebsi 6 mm p\u00ebr t'u p\u00ebrshtatur me t\u00eb gjitha llojet e hap\u00ebsir\u00ebs.&quot;}\" data-sheets-userformat=\"{&quot;2&quot;:513,&quot;3&quot;:{&quot;1&quot;:0},&quot;12&quot;:0}\">Koleksioni Easy: Tub fleksib\u00ebl metalik universal, me gjat\u00ebsi 1 ,50 m dhe p\u00ebrmas\u00eb lidhjeje \u00bd. Siguron fleksibilitet maksimal dhe integrim elegant n\u00eb \u00e7do ambient tualeti. Zgjidhje ideale p\u00ebr rinovim tualetesh ose instalime t\u00eb reja ku k\u00ebrkohet tub dushi cil\u00ebsor, modern dhe i leht\u00eb p\u00ebr mir\u00ebmbajtje.<br \/>\n<\/span><br \/>\nKodi i produktit ne ROCA : <span data-sheets-value=\"{&quot;1&quot;:2,&quot;2&quot;:&quot;A5B2816C00&quot;}\" data-sheets-userformat=\"{&quot;2&quot;:12929,&quot;3&quot;:{&quot;1&quot;:0},&quot;10&quot;:2,&quot;12&quot;:0,&quot;15&quot;:&quot;Calibri&quot;,&quot;16&quot;:12}\">A5B2816C00<\/span><br \/>\nDimensionet : <span data-sheets-value=\"{&quot;1&quot;:2,&quot;2&quot;:&quot;1500 mm&quot;}\">1500 mm<\/span><\/p>\n","protected":false},"excerpt":{"rendered":"<p>Koleksioni Easy: Tub fleksib\u00ebl metalik universal, me gjat\u00ebsi 1 ,50 m dhe p\u00ebrmas\u00eb lidhjeje \u00bd. Siguron fleksibilitet maksimal dhe integrim<\/p>\n","protected":false},"featured_media":5547,"template":"","meta":[],"product_cat":[340,474,480],"product_tag":[],"class_list":["post-5546","product","type-product","status-publish","has-post-thumbnail","hentry","product_cat-hidrosanitare","product_cat-rubineta","product_cat-aksesore-te-tjere-rubineteri"],"_links":{"self":[{"href":"https:\/\/hidrosistem.al\/new\/wp-json\/wp\/v2\/product\/5546","targetHints":{"allow":["GET"]}}],"collection":[{"href":"https:\/\/hidrosistem.al\/new\/wp-json\/wp\/v2\/product"}],"about":[{"href":"https:\/\/hidrosistem.al\/new\/wp-json\/wp\/v2\/types\/product"}],"version-history":[{"count":3,"href":"https:\/\/hidrosistem.al\/new\/wp-json\/wp\/v2\/product\/5546\/revisions"}],"predecessor-version":[{"id":12747,"href":"https:\/\/hidrosistem.al\/new\/wp-json\/wp\/v2\/product\/5546\/revisions\/12747"}],"wp:featuredmedia":[{"embeddable":true,"href":"https:\/\/hidrosistem.al\/new\/wp-json\/wp\/v2\/media\/5547"}],"wp:attachment":[{"href":"https:\/\/hidrosistem.al\/new\/wp-json\/wp\/v2\/media?parent=5546"}],"wp:term":[{"taxonomy":"product_cat","embeddable":true,"href":"https:\/\/hidrosistem.al\/new\/wp-json\/wp\/v2\/product_cat?post=5546"},{"taxonomy":"product_tag","embeddable":true,"href":"https:\/\/hidrosistem.al\/new\/wp-json\/wp\/v2\/product_tag?post=5546"}],"curies":[{"name":"wp","href":"https:\/\/api.w.org\/{rel}","templated":true}]}}