{"id":5540,"date":"2023-09-29T19:07:30","date_gmt":"2023-09-29T19:07:30","guid":{"rendered":"https:\/\/hidrosistem.al\/new\/?post_type=product&#038;p=5540"},"modified":"2025-12-04T14:53:03","modified_gmt":"2025-12-04T14:53:03","slug":"fresibel-dushi-1-7-m-pvc","status":"publish","type":"product","link":"https:\/\/hidrosistem.al\/new\/product\/fresibel-dushi-1-7-m-pvc\/","title":{"rendered":"Fresib\u00ebl dushi Roca 1.7m pvc"},"content":{"rendered":"<p><span data-sheets-value=\"{&quot;1&quot;:2,&quot;2&quot;:&quot;Koleksioni Easy : Lloji i personalizuar i dushit dhe i banj\u00ebs q\u00eb ofron nj\u00eb gam\u00eb t\u00eb gjer\u00eb dyersh rr\u00ebshqit\u00ebse, me mentesha dhe t\u00eb palosshme me xham t\u00eb kalitur me trash\u00ebsi 6 mm p\u00ebr t'u p\u00ebrshtatur me t\u00eb gjitha llojet e hap\u00ebsir\u00ebs.&quot;}\" data-sheets-userformat=\"{&quot;2&quot;:513,&quot;3&quot;:{&quot;1&quot;:0},&quot;12&quot;:0}\">Koleksioni Easy: Zgjidhje moderne p\u00ebr komoditet dhe stil n\u00eb tualet. Fresibeli i dushit \u00ebsht\u00eb nj\u00eb element praktik dhe estetik q\u00eb sjell fleksibilitet maksimal gjat\u00eb p\u00ebrdorimit t\u00eb dushit. I prodhuar me materiale cil\u00ebsore, rezistente ndaj presionit dhe temperaturave t\u00eb larta, ky aksesor garanton jet\u00ebgjat\u00ebsi dhe performanc\u00eb t\u00eb q\u00ebndrueshme n\u00eb p\u00ebrditshm\u00ebri.<br \/>\n<\/span><br \/>\nKodi i produktit ne ROCA : <span data-sheets-value=\"{&quot;1&quot;:2,&quot;2&quot;:&quot;A5B2416C00&quot;}\" data-sheets-userformat=\"{&quot;2&quot;:12929,&quot;3&quot;:{&quot;1&quot;:0},&quot;10&quot;:2,&quot;12&quot;:0,&quot;15&quot;:&quot;Calibri&quot;,&quot;16&quot;:12}\">A5B2416C00<\/span><br \/>\nDimensionet : <span data-sheets-value=\"{&quot;1&quot;:2,&quot;2&quot;:&quot;1700 mm&quot;}\">1700 mm<\/span><\/p>\n","protected":false},"excerpt":{"rendered":"<p>Koleksioni Easy: Zgjidhje moderne p\u00ebr komoditet dhe stil n\u00eb tualet. Fresibeli i dushit \u00ebsht\u00eb nj\u00eb element praktik dhe estetik q\u00eb<\/p>\n","protected":false},"featured_media":13699,"template":"","meta":[],"product_cat":[340,474,480],"product_tag":[],"class_list":["post-5540","product","type-product","status-publish","has-post-thumbnail","hentry","product_cat-hidrosanitare","product_cat-rubineta","product_cat-aksesore-te-tjere-rubineteri"],"_links":{"self":[{"href":"https:\/\/hidrosistem.al\/new\/wp-json\/wp\/v2\/product\/5540","targetHints":{"allow":["GET"]}}],"collection":[{"href":"https:\/\/hidrosistem.al\/new\/wp-json\/wp\/v2\/product"}],"about":[{"href":"https:\/\/hidrosistem.al\/new\/wp-json\/wp\/v2\/types\/product"}],"version-history":[{"count":4,"href":"https:\/\/hidrosistem.al\/new\/wp-json\/wp\/v2\/product\/5540\/revisions"}],"predecessor-version":[{"id":13300,"href":"https:\/\/hidrosistem.al\/new\/wp-json\/wp\/v2\/product\/5540\/revisions\/13300"}],"wp:featuredmedia":[{"embeddable":true,"href":"https:\/\/hidrosistem.al\/new\/wp-json\/wp\/v2\/media\/13699"}],"wp:attachment":[{"href":"https:\/\/hidrosistem.al\/new\/wp-json\/wp\/v2\/media?parent=5540"}],"wp:term":[{"taxonomy":"product_cat","embeddable":true,"href":"https:\/\/hidrosistem.al\/new\/wp-json\/wp\/v2\/product_cat?post=5540"},{"taxonomy":"product_tag","embeddable":true,"href":"https:\/\/hidrosistem.al\/new\/wp-json\/wp\/v2\/product_tag?post=5540"}],"curies":[{"name":"wp","href":"https:\/\/api.w.org\/{rel}","templated":true}]}}