{"id":5525,"date":"2023-09-29T19:01:42","date_gmt":"2023-09-29T19:01:42","guid":{"rendered":"https:\/\/hidrosistem.al\/new\/?post_type=product&#038;p=5525"},"modified":"2025-12-03T10:01:24","modified_gmt":"2025-12-03T10:01:24","slug":"grup-dushi-me-kollon-me-termostatik-even-t","status":"publish","type":"product","link":"https:\/\/hidrosistem.al\/new\/product\/grup-dushi-me-kollon-me-termostatik-even-t\/","title":{"rendered":"Grup dushi Roca me kollon\u00eb me termostatik Even-T"},"content":{"rendered":"<p><span data-sheets-value=\"{&quot;1&quot;:2,&quot;2&quot;:&quot;Koleksioni Easy : Lloji i personalizuar i dushit dhe i banj\u00ebs q\u00eb ofron nj\u00eb gam\u00eb t\u00eb gjer\u00eb dyersh rr\u00ebshqit\u00ebse, me mentesha dhe t\u00eb palosshme me xham t\u00eb kalitur me trash\u00ebsi 6 mm p\u00ebr t'u p\u00ebrshtatur me t\u00eb gjitha llojet e hap\u00ebsir\u00ebs.&quot;}\" data-sheets-userformat=\"{&quot;2&quot;:513,&quot;3&quot;:{&quot;1&quot;:0},&quot;12&quot;:0}\">Koleksioni Easy: Komfort dhe funksionalitet n\u00eb \u00e7do dush. Grupi i dushit ofron nj\u00eb zgjidhje t\u00eb plot\u00eb p\u00ebr p\u00ebrdorim t\u00eb p\u00ebrditsh\u00ebm, me kontroll t\u00eb sakt\u00eb t\u00eb ujit dhe materiale rezistente ndaj lag\u00ebshtir\u00ebs. Dizajni praktik garanton instalim t\u00eb leht\u00eb dhe p\u00ebrvoj\u00eb komode dushi.<\/span><\/p>\n<p>Kodi i produktit ne ROCA : <span data-sheets-value=\"{&quot;1&quot;:2,&quot;2&quot;:&quot;A5A2080C00&quot;}\" data-sheets-userformat=\"{&quot;2&quot;:12929,&quot;3&quot;:{&quot;1&quot;:0},&quot;10&quot;:2,&quot;12&quot;:0,&quot;15&quot;:&quot;Calibri&quot;,&quot;16&quot;:12}\">A5A2080C00<\/span><br \/>\nDimensionet : <span data-sheets-value=\"{&quot;1&quot;:2,&quot;2&quot;:&quot;640 x 1370 mm&quot;}\">640 x 1370 mm<\/span><\/p>\n","protected":false},"excerpt":{"rendered":"<p>Koleksioni Easy: Komfort dhe funksionalitet n\u00eb \u00e7do dush. Grupi i dushit ofron nj\u00eb zgjidhje t\u00eb plot\u00eb p\u00ebr p\u00ebrdorim t\u00eb p\u00ebrditsh\u00ebm,<\/p>\n","protected":false},"featured_media":5526,"template":"","meta":[],"product_cat":[340,485,579],"product_tag":[],"class_list":["post-5525","product","type-product","status-publish","has-post-thumbnail","hentry","product_cat-hidrosanitare","product_cat-kabina-dushi","product_cat-grup-dushi"],"_links":{"self":[{"href":"https:\/\/hidrosistem.al\/new\/wp-json\/wp\/v2\/product\/5525","targetHints":{"allow":["GET"]}}],"collection":[{"href":"https:\/\/hidrosistem.al\/new\/wp-json\/wp\/v2\/product"}],"about":[{"href":"https:\/\/hidrosistem.al\/new\/wp-json\/wp\/v2\/types\/product"}],"version-history":[{"count":3,"href":"https:\/\/hidrosistem.al\/new\/wp-json\/wp\/v2\/product\/5525\/revisions"}],"predecessor-version":[{"id":13379,"href":"https:\/\/hidrosistem.al\/new\/wp-json\/wp\/v2\/product\/5525\/revisions\/13379"}],"wp:featuredmedia":[{"embeddable":true,"href":"https:\/\/hidrosistem.al\/new\/wp-json\/wp\/v2\/media\/5526"}],"wp:attachment":[{"href":"https:\/\/hidrosistem.al\/new\/wp-json\/wp\/v2\/media?parent=5525"}],"wp:term":[{"taxonomy":"product_cat","embeddable":true,"href":"https:\/\/hidrosistem.al\/new\/wp-json\/wp\/v2\/product_cat?post=5525"},{"taxonomy":"product_tag","embeddable":true,"href":"https:\/\/hidrosistem.al\/new\/wp-json\/wp\/v2\/product_tag?post=5525"}],"curies":[{"name":"wp","href":"https:\/\/api.w.org\/{rel}","templated":true}]}}