{"id":5521,"date":"2023-09-29T18:59:59","date_gmt":"2023-09-29T18:59:59","guid":{"rendered":"https:\/\/hidrosistem.al\/new\/?post_type=product&#038;p=5521"},"modified":"2025-12-03T10:06:34","modified_gmt":"2025-12-03T10:06:34","slug":"grup-dushi-me-kollon-me-deviator-even-m","status":"publish","type":"product","link":"https:\/\/hidrosistem.al\/new\/product\/grup-dushi-me-kollon-me-deviator-even-m\/","title":{"rendered":"Grup dushi me kollon\u00eb me deviator Roca Even-M"},"content":{"rendered":"<p><span data-sheets-value=\"{&quot;1&quot;:2,&quot;2&quot;:&quot;Koleksioni Easy : Lloji i personalizuar i dushit dhe i banj\u00ebs q\u00eb ofron nj\u00eb gam\u00eb t\u00eb gjer\u00eb dyersh rr\u00ebshqit\u00ebse, me mentesha dhe t\u00eb palosshme me xham t\u00eb kalitur me trash\u00ebsi 6 mm p\u00ebr t'u p\u00ebrshtatur me t\u00eb gjitha llojet e hap\u00ebsir\u00ebs.&quot;}\" data-sheets-userformat=\"{&quot;2&quot;:513,&quot;3&quot;:{&quot;1&quot;:0},&quot;12&quot;:0}\">Koleksioni Easy: Kompleti i dushit ofron zgjidhje t\u00eb plot\u00eb p\u00ebr p\u00ebrdorim t\u00eb p\u00ebrditsh\u00ebm, me rrjedhje t\u00eb k\u00ebndshme uji dhe material rezistent. Instalimi i thjesht\u00eb dhe dizajni funksional e b\u00ebjn\u00eb ideal p\u00ebr \u00e7do ambient banjoje.<br \/>\n<\/span><br \/>\nKodi i produktit ne ROCA : <span data-sheets-value=\"{&quot;1&quot;:2,&quot;2&quot;:&quot;A5A9790C00&quot;}\" data-sheets-userformat=\"{&quot;2&quot;:12929,&quot;3&quot;:{&quot;1&quot;:0},&quot;10&quot;:2,&quot;12&quot;:0,&quot;15&quot;:&quot;Calibri&quot;,&quot;16&quot;:12}\">A5A9790C00<\/span><\/p>\n","protected":false},"excerpt":{"rendered":"<p>Koleksioni Easy: Kompleti i dushit ofron zgjidhje t\u00eb plot\u00eb p\u00ebr p\u00ebrdorim t\u00eb p\u00ebrditsh\u00ebm, me rrjedhje t\u00eb k\u00ebndshme uji dhe material<\/p>\n","protected":false},"featured_media":5522,"template":"","meta":[],"product_cat":[340,485,579],"product_tag":[],"class_list":["post-5521","product","type-product","status-publish","has-post-thumbnail","hentry","product_cat-hidrosanitare","product_cat-kabina-dushi","product_cat-grup-dushi"],"_links":{"self":[{"href":"https:\/\/hidrosistem.al\/new\/wp-json\/wp\/v2\/product\/5521","targetHints":{"allow":["GET"]}}],"collection":[{"href":"https:\/\/hidrosistem.al\/new\/wp-json\/wp\/v2\/product"}],"about":[{"href":"https:\/\/hidrosistem.al\/new\/wp-json\/wp\/v2\/types\/product"}],"version-history":[{"count":3,"href":"https:\/\/hidrosistem.al\/new\/wp-json\/wp\/v2\/product\/5521\/revisions"}],"predecessor-version":[{"id":13527,"href":"https:\/\/hidrosistem.al\/new\/wp-json\/wp\/v2\/product\/5521\/revisions\/13527"}],"wp:featuredmedia":[{"embeddable":true,"href":"https:\/\/hidrosistem.al\/new\/wp-json\/wp\/v2\/media\/5522"}],"wp:attachment":[{"href":"https:\/\/hidrosistem.al\/new\/wp-json\/wp\/v2\/media?parent=5521"}],"wp:term":[{"taxonomy":"product_cat","embeddable":true,"href":"https:\/\/hidrosistem.al\/new\/wp-json\/wp\/v2\/product_cat?post=5521"},{"taxonomy":"product_tag","embeddable":true,"href":"https:\/\/hidrosistem.al\/new\/wp-json\/wp\/v2\/product_tag?post=5521"}],"curies":[{"name":"wp","href":"https:\/\/api.w.org\/{rel}","templated":true}]}}