{"id":5514,"date":"2023-09-29T18:56:44","date_gmt":"2023-09-29T18:56:44","guid":{"rendered":"https:\/\/hidrosistem.al\/new\/?post_type=product&#038;p=5514"},"modified":"2025-11-19T08:11:25","modified_gmt":"2025-11-19T08:11:25","slug":"kapak-vaske-harkore-1350x1350mm","status":"publish","type":"product","link":"https:\/\/hidrosistem.al\/new\/product\/kapak-vaske-harkore-1350x1350mm\/","title":{"rendered":"Kapak vaske Roca harkore"},"content":{"rendered":"<p><span data-sheets-value=\"{&quot;1&quot;:2,&quot;2&quot;:&quot;Koleksioni Easy : Lloji i personalizuar i dushit dhe i banj\u00ebs q\u00eb ofron nj\u00eb gam\u00eb t\u00eb gjer\u00eb dyersh rr\u00ebshqit\u00ebse, me mentesha dhe t\u00eb palosshme me xham t\u00eb kalitur me trash\u00ebsi 6 mm p\u00ebr t'u p\u00ebrshtatur me t\u00eb gjitha llojet e hap\u00ebsir\u00ebs.&quot;}\" data-sheets-userformat=\"{&quot;2&quot;:513,&quot;3&quot;:{&quot;1&quot;:0},&quot;12&quot;:0}\">Koleksioni Easy : Kapaku harkor p\u00ebr vask\u00eb ofron mbulim praktik dhe t\u00eb sigurt, duke parandaluar sp\u00ebrkatjet dhe ruajtur past\u00ebrtin\u00eb e ambientit. Forma harkore siguron mbyllje m\u00eb t\u00eb mir\u00eb dhe pamje estetike, nd\u00ebrsa materiali rezistent garanton jet\u00ebgjat\u00ebsi dhe mir\u00ebmbajtje t\u00eb thjesht\u00eb.<br \/>\n<\/span><br \/>\nKodi i produktit ne ROCA : <span data-sheets-value=\"{&quot;1&quot;:2,&quot;2&quot;:&quot;A259861000&quot;}\" data-sheets-userformat=\"{&quot;2&quot;:12929,&quot;3&quot;:{&quot;1&quot;:0},&quot;10&quot;:2,&quot;12&quot;:0,&quot;15&quot;:&quot;Calibri&quot;,&quot;16&quot;:12}\">A259861000<\/span><br \/>\nDimensionet : <span data-sheets-value=\"{&quot;1&quot;:2,&quot;2&quot;:&quot;1350 x 1350 mm&quot;}\">1350 x 1350 mm<\/span><\/p>\n","protected":false},"excerpt":{"rendered":"<p>Koleksioni Easy : Kapaku harkor p\u00ebr vask\u00eb ofron mbulim praktik dhe t\u00eb sigurt, duke parandaluar sp\u00ebrkatjet dhe ruajtur past\u00ebrtin\u00eb e<\/p>\n","protected":false},"featured_media":5515,"template":"","meta":[],"product_cat":[340,481,484],"product_tag":[],"class_list":["post-5514","product","type-product","status-publish","has-post-thumbnail","hentry","product_cat-hidrosanitare","product_cat-vaska","product_cat-aksesore-per-vaska"],"_links":{"self":[{"href":"https:\/\/hidrosistem.al\/new\/wp-json\/wp\/v2\/product\/5514","targetHints":{"allow":["GET"]}}],"collection":[{"href":"https:\/\/hidrosistem.al\/new\/wp-json\/wp\/v2\/product"}],"about":[{"href":"https:\/\/hidrosistem.al\/new\/wp-json\/wp\/v2\/types\/product"}],"version-history":[{"count":3,"href":"https:\/\/hidrosistem.al\/new\/wp-json\/wp\/v2\/product\/5514\/revisions"}],"predecessor-version":[{"id":12827,"href":"https:\/\/hidrosistem.al\/new\/wp-json\/wp\/v2\/product\/5514\/revisions\/12827"}],"wp:featuredmedia":[{"embeddable":true,"href":"https:\/\/hidrosistem.al\/new\/wp-json\/wp\/v2\/media\/5515"}],"wp:attachment":[{"href":"https:\/\/hidrosistem.al\/new\/wp-json\/wp\/v2\/media?parent=5514"}],"wp:term":[{"taxonomy":"product_cat","embeddable":true,"href":"https:\/\/hidrosistem.al\/new\/wp-json\/wp\/v2\/product_cat?post=5514"},{"taxonomy":"product_tag","embeddable":true,"href":"https:\/\/hidrosistem.al\/new\/wp-json\/wp\/v2\/product_tag?post=5514"}],"curies":[{"name":"wp","href":"https:\/\/api.w.org\/{rel}","templated":true}]}}