{"id":5499,"date":"2023-09-29T18:51:00","date_gmt":"2023-09-29T18:51:00","guid":{"rendered":"https:\/\/hidrosistem.al\/new\/?post_type=product&#038;p=5499"},"modified":"2025-12-01T14:31:39","modified_gmt":"2025-12-01T14:31:39","slug":"debba-kaset-wc-je-4-5-3l","status":"publish","type":"product","link":"https:\/\/hidrosistem.al\/new\/product\/debba-kaset-wc-je-4-5-3l\/","title":{"rendered":"Kaset\u00eb WC Roca Debba 4.5\/3 L"},"content":{"rendered":"<p><span data-sheets-value=\"{&quot;1&quot;:2,&quot;2&quot;:&quot;Koleksioni Debba : Nj\u00eb koleksion me nj\u00eb gam\u00eb t\u00eb gjer\u00eb zgjidhjesh q\u00eb, e kombinuar me dizajnin e tij t\u00eb matur dhe aktual, e b\u00ebjn\u00eb at\u00eb t\u00eb adaptuesh\u00ebm n\u00eb \u00e7do hap\u00ebsir\u00eb t\u00eb banj\u00ebs.&quot;}\" data-sheets-userformat=\"{&quot;2&quot;:513,&quot;3&quot;:{&quot;1&quot;:0},&quot;12&quot;:0}\">Koleksioni Debba: Kaseta WC siguron funksionim t\u00eb qet\u00eb, jet\u00ebgjat\u00ebsi dhe konsum t\u00eb ul\u00ebt uji. Me material rezistent dhe dizajn praktik, \u00ebsht\u00eb zgjidhje ideale p\u00ebr instalime moderne dhe funksionale.<\/span><\/p>\n<p>Kodi i produktit ne ROCA : <span data-sheets-value=\"{&quot;1&quot;:2,&quot;2&quot;:&quot;A341990000&quot;}\" data-sheets-userformat=\"{&quot;2&quot;:12929,&quot;3&quot;:{&quot;1&quot;:0},&quot;10&quot;:2,&quot;12&quot;:0,&quot;15&quot;:&quot;Calibri&quot;,&quot;16&quot;:12}\">A341990000<\/span><br \/>\nDimensionet : <span data-sheets-value=\"{&quot;1&quot;:2,&quot;2&quot;:&quot;340 x 160 x 360 mm&quot;}\">340 x 160 x 360 mm<\/span><\/p>\n","protected":false},"excerpt":{"rendered":"<p>Koleksioni Debba: Kaseta WC siguron funksionim t\u00eb qet\u00eb, jet\u00ebgjat\u00ebsi dhe konsum t\u00eb ul\u00ebt uji. Me material rezistent dhe dizajn praktik,<\/p>\n","protected":false},"featured_media":5501,"template":"","meta":[],"product_cat":[340,466,489,528],"product_tag":[],"class_list":["post-5499","product","type-product","status-publish","has-post-thumbnail","hentry","product_cat-hidrosanitare","product_cat-sanitare","product_cat-kaseta-inkaso","product_cat-kaseta"],"_links":{"self":[{"href":"https:\/\/hidrosistem.al\/new\/wp-json\/wp\/v2\/product\/5499","targetHints":{"allow":["GET"]}}],"collection":[{"href":"https:\/\/hidrosistem.al\/new\/wp-json\/wp\/v2\/product"}],"about":[{"href":"https:\/\/hidrosistem.al\/new\/wp-json\/wp\/v2\/types\/product"}],"version-history":[{"count":3,"href":"https:\/\/hidrosistem.al\/new\/wp-json\/wp\/v2\/product\/5499\/revisions"}],"predecessor-version":[{"id":13104,"href":"https:\/\/hidrosistem.al\/new\/wp-json\/wp\/v2\/product\/5499\/revisions\/13104"}],"wp:featuredmedia":[{"embeddable":true,"href":"https:\/\/hidrosistem.al\/new\/wp-json\/wp\/v2\/media\/5501"}],"wp:attachment":[{"href":"https:\/\/hidrosistem.al\/new\/wp-json\/wp\/v2\/media?parent=5499"}],"wp:term":[{"taxonomy":"product_cat","embeddable":true,"href":"https:\/\/hidrosistem.al\/new\/wp-json\/wp\/v2\/product_cat?post=5499"},{"taxonomy":"product_tag","embeddable":true,"href":"https:\/\/hidrosistem.al\/new\/wp-json\/wp\/v2\/product_tag?post=5499"}],"curies":[{"name":"wp","href":"https:\/\/api.w.org\/{rel}","templated":true}]}}