{"id":5485,"date":"2023-09-29T18:46:17","date_gmt":"2023-09-29T18:46:17","guid":{"rendered":"https:\/\/hidrosistem.al\/new\/?post_type=product&#038;p=5485"},"modified":"2025-12-01T10:26:50","modified_gmt":"2025-12-01T10:26:50","slug":"debba-gjysem-kollone-lavamani-200x290x325-e-bardhe","status":"publish","type":"product","link":"https:\/\/hidrosistem.al\/new\/product\/debba-gjysem-kollone-lavamani-200x290x325-e-bardhe\/","title":{"rendered":"Gjysm\u00eb kollone lavamani Roca Debba 200x290x325 e bardh\u00eb"},"content":{"rendered":"<p><span data-sheets-value=\"{&quot;1&quot;:2,&quot;2&quot;:&quot;Koleksioni Debba : Nj\u00eb koleksion me nj\u00eb gam\u00eb t\u00eb gjer\u00eb zgjidhjesh q\u00eb, e kombinuar me dizajnin e tij t\u00eb matur dhe aktual, e b\u00ebjn\u00eb at\u00eb t\u00eb adaptuesh\u00ebm n\u00eb \u00e7do hap\u00ebsir\u00eb t\u00eb banj\u00ebs.&quot;}\" data-sheets-userformat=\"{&quot;2&quot;:513,&quot;3&quot;:{&quot;1&quot;:0},&quot;12&quot;:0}\">Koleksioni Debba: Gjysm\u00eb-kollona Debba mbulon tubacionet e lavamanit dhe krijon nj\u00eb pamje t\u00eb rregullt, elegante dhe moderne n\u00eb tuaet. E prodhuar nga materiale cil\u00ebsore, \u00ebsht\u00eb rezistente dhe e leht\u00eb p\u00ebr t\u2019u pastruar.<\/span><\/p>\n<p>Kodi i produktit ne ROCA : <span data-sheets-value=\"{&quot;1&quot;:2,&quot;2&quot;:&quot;A337991000&quot;}\" data-sheets-userformat=\"{&quot;2&quot;:12929,&quot;3&quot;:{&quot;1&quot;:0},&quot;10&quot;:2,&quot;12&quot;:0,&quot;15&quot;:&quot;Calibri&quot;,&quot;16&quot;:12}\">A337991000<\/span><br \/>\nDimensionet : <span data-sheets-value=\"{&quot;1&quot;:2,&quot;2&quot;:&quot;200 x 290 x 325 mm&quot;}\">200 x 290 x 325 mm<\/span><\/p>\n","protected":false},"excerpt":{"rendered":"<p>Koleksioni Debba: Gjysm\u00eb-kollona Debba mbulon tubacionet e lavamanit dhe krijon nj\u00eb pamje t\u00eb rregullt, elegante dhe moderne n\u00eb tuaet. E<\/p>\n","protected":false},"featured_media":5486,"template":"","meta":[],"product_cat":[340,466,473],"product_tag":[],"class_list":["post-5485","product","type-product","status-publish","has-post-thumbnail","hentry","product_cat-hidrosanitare","product_cat-sanitare","product_cat-aksesore-te-tjere-sanitare"],"_links":{"self":[{"href":"https:\/\/hidrosistem.al\/new\/wp-json\/wp\/v2\/product\/5485","targetHints":{"allow":["GET"]}}],"collection":[{"href":"https:\/\/hidrosistem.al\/new\/wp-json\/wp\/v2\/product"}],"about":[{"href":"https:\/\/hidrosistem.al\/new\/wp-json\/wp\/v2\/types\/product"}],"version-history":[{"count":3,"href":"https:\/\/hidrosistem.al\/new\/wp-json\/wp\/v2\/product\/5485\/revisions"}],"predecessor-version":[{"id":13085,"href":"https:\/\/hidrosistem.al\/new\/wp-json\/wp\/v2\/product\/5485\/revisions\/13085"}],"wp:featuredmedia":[{"embeddable":true,"href":"https:\/\/hidrosistem.al\/new\/wp-json\/wp\/v2\/media\/5486"}],"wp:attachment":[{"href":"https:\/\/hidrosistem.al\/new\/wp-json\/wp\/v2\/media?parent=5485"}],"wp:term":[{"taxonomy":"product_cat","embeddable":true,"href":"https:\/\/hidrosistem.al\/new\/wp-json\/wp\/v2\/product_cat?post=5485"},{"taxonomy":"product_tag","embeddable":true,"href":"https:\/\/hidrosistem.al\/new\/wp-json\/wp\/v2\/product_tag?post=5485"}],"curies":[{"name":"wp","href":"https:\/\/api.w.org\/{rel}","templated":true}]}}