{"id":5474,"date":"2023-09-29T18:42:52","date_gmt":"2023-09-29T18:42:52","guid":{"rendered":"https:\/\/hidrosistem.al\/new\/?post_type=product&#038;p=5474"},"modified":"2025-12-01T10:40:31","modified_gmt":"2025-12-01T10:40:31","slug":"debba-lavaman-inkaso-350x300-i-bardhe","status":"publish","type":"product","link":"https:\/\/hidrosistem.al\/new\/product\/debba-lavaman-inkaso-350x300-i-bardhe\/","title":{"rendered":"Lavaman Roca Debba inkaso 350\u00d7300 i bardh\u00eb"},"content":{"rendered":"<p><span data-sheets-value=\"{&quot;1&quot;:2,&quot;2&quot;:&quot;Koleksioni Debba : Nj\u00eb koleksion me nj\u00eb gam\u00eb t\u00eb gjer\u00eb zgjidhjesh q\u00eb, e kombinuar me dizajnin e tij t\u00eb matur dhe aktual, e b\u00ebjn\u00eb at\u00eb t\u00eb adaptuesh\u00ebm n\u00eb \u00e7do hap\u00ebsir\u00eb t\u00eb banj\u00ebs.&quot;}\" data-sheets-userformat=\"{&quot;2&quot;:513,&quot;3&quot;:{&quot;1&quot;:0},&quot;12&quot;:0}\">Koleksioni Debba: Lavamani inkaso integrohet perfekt n\u00eb mobilje duke krijuar nj\u00eb pamje moderne dhe t\u00eb past\u00ebr. Dizajni i tij praktik dhe materiali rezistent garantojn\u00eb p\u00ebrdorim t\u00eb p\u00ebrditsh\u00ebm t\u00eb q\u00ebndruesh\u00ebm dhe pastrim t\u00eb leht\u00eb.<\/span><\/p>\n<p>Kodi i produktit ne ROCA : <span data-sheets-value=\"{&quot;1&quot;:2,&quot;2&quot;:&quot;A325999000&quot;}\" data-sheets-userformat=\"{&quot;2&quot;:12929,&quot;3&quot;:{&quot;1&quot;:0},&quot;10&quot;:2,&quot;12&quot;:0,&quot;15&quot;:&quot;Calibri&quot;,&quot;16&quot;:12}\">A325999000<\/span><br \/>\nDimensionet : <span data-sheets-value=\"{&quot;1&quot;:2,&quot;2&quot;:&quot;350 x 300 x 100 mm&quot;}\">350 x 300 x 100 mm<\/span><\/p>\n","protected":false},"excerpt":{"rendered":"<p>Koleksioni Debba: Lavamani inkaso integrohet perfekt n\u00eb mobilje duke krijuar nj\u00eb pamje moderne dhe t\u00eb past\u00ebr. Dizajni i tij praktik<\/p>\n","protected":false},"featured_media":5475,"template":"","meta":[],"product_cat":[340,466,469],"product_tag":[],"class_list":["post-5474","product","type-product","status-publish","has-post-thumbnail","hentry","product_cat-hidrosanitare","product_cat-sanitare","product_cat-lavaman"],"_links":{"self":[{"href":"https:\/\/hidrosistem.al\/new\/wp-json\/wp\/v2\/product\/5474","targetHints":{"allow":["GET"]}}],"collection":[{"href":"https:\/\/hidrosistem.al\/new\/wp-json\/wp\/v2\/product"}],"about":[{"href":"https:\/\/hidrosistem.al\/new\/wp-json\/wp\/v2\/types\/product"}],"version-history":[{"count":3,"href":"https:\/\/hidrosistem.al\/new\/wp-json\/wp\/v2\/product\/5474\/revisions"}],"predecessor-version":[{"id":13091,"href":"https:\/\/hidrosistem.al\/new\/wp-json\/wp\/v2\/product\/5474\/revisions\/13091"}],"wp:featuredmedia":[{"embeddable":true,"href":"https:\/\/hidrosistem.al\/new\/wp-json\/wp\/v2\/media\/5475"}],"wp:attachment":[{"href":"https:\/\/hidrosistem.al\/new\/wp-json\/wp\/v2\/media?parent=5474"}],"wp:term":[{"taxonomy":"product_cat","embeddable":true,"href":"https:\/\/hidrosistem.al\/new\/wp-json\/wp\/v2\/product_cat?post=5474"},{"taxonomy":"product_tag","embeddable":true,"href":"https:\/\/hidrosistem.al\/new\/wp-json\/wp\/v2\/product_tag?post=5474"}],"curies":[{"name":"wp","href":"https:\/\/api.w.org\/{rel}","templated":true}]}}