{"id":5455,"date":"2023-09-29T18:36:37","date_gmt":"2023-09-29T18:36:37","guid":{"rendered":"https:\/\/hidrosistem.al\/new\/?post_type=product&#038;p=5455"},"modified":"2025-12-01T10:45:02","modified_gmt":"2025-12-01T10:45:02","slug":"debba-lavaman-600x480-i-bardhe","status":"publish","type":"product","link":"https:\/\/hidrosistem.al\/new\/product\/debba-lavaman-600x480-i-bardhe\/","title":{"rendered":"Lavaman Roca Debba 600&#215;480 i bardh\u00eb"},"content":{"rendered":"<p><span data-sheets-value=\"{&quot;1&quot;:2,&quot;2&quot;:&quot;Koleksioni Debba : Nj\u00eb koleksion me nj\u00eb gam\u00eb t\u00eb gjer\u00eb zgjidhjesh q\u00eb, e kombinuar me dizajnin e tij t\u00eb matur dhe aktual, e b\u00ebjn\u00eb at\u00eb t\u00eb adaptuesh\u00ebm n\u00eb \u00e7do hap\u00ebsir\u00eb t\u00eb banj\u00ebs.&quot;}\" data-sheets-userformat=\"{&quot;2&quot;:513,&quot;3&quot;:{&quot;1&quot;:0},&quot;12&quot;:0}\">Koleksioni Debba: Lavamani Debba kombinon dizajnin praktik me q\u00ebndrueshm\u00ebri t\u00eb lart\u00eb, duke ofruar p\u00ebrdorim t\u00eb p\u00ebrditsh\u00ebm t\u00eb rehatsh\u00ebm dhe pastrim t\u00eb leht\u00eb. I prodhuar nga materiale cil\u00ebsore, p\u00ebrshtatet me \u00e7do stil tualeti.<\/span><\/p>\n<p>Kodi i produktit ne ROCA : <span data-sheets-value=\"{&quot;1&quot;:2,&quot;2&quot;:&quot;A325994000&quot;}\" data-sheets-userformat=\"{&quot;2&quot;:12929,&quot;3&quot;:{&quot;1&quot;:0},&quot;10&quot;:2,&quot;12&quot;:0,&quot;15&quot;:&quot;Calibri&quot;,&quot;16&quot;:12}\">A325994000<\/span><br \/>\nDimensionet : <span data-sheets-value=\"{&quot;1&quot;:2,&quot;2&quot;:&quot;600 x 480 x 150 mm&quot;}\">600 x 480 x 150 mm<\/span><\/p>\n","protected":false},"excerpt":{"rendered":"<p>Koleksioni Debba: Lavamani Debba kombinon dizajnin praktik me q\u00ebndrueshm\u00ebri t\u00eb lart\u00eb, duke ofruar p\u00ebrdorim t\u00eb p\u00ebrditsh\u00ebm t\u00eb rehatsh\u00ebm dhe pastrim<\/p>\n","protected":false},"featured_media":5456,"template":"","meta":[],"product_cat":[340,466,469],"product_tag":[],"class_list":["post-5455","product","type-product","status-publish","has-post-thumbnail","hentry","product_cat-hidrosanitare","product_cat-sanitare","product_cat-lavaman"],"_links":{"self":[{"href":"https:\/\/hidrosistem.al\/new\/wp-json\/wp\/v2\/product\/5455","targetHints":{"allow":["GET"]}}],"collection":[{"href":"https:\/\/hidrosistem.al\/new\/wp-json\/wp\/v2\/product"}],"about":[{"href":"https:\/\/hidrosistem.al\/new\/wp-json\/wp\/v2\/types\/product"}],"version-history":[{"count":4,"href":"https:\/\/hidrosistem.al\/new\/wp-json\/wp\/v2\/product\/5455\/revisions"}],"predecessor-version":[{"id":13100,"href":"https:\/\/hidrosistem.al\/new\/wp-json\/wp\/v2\/product\/5455\/revisions\/13100"}],"wp:featuredmedia":[{"embeddable":true,"href":"https:\/\/hidrosistem.al\/new\/wp-json\/wp\/v2\/media\/5456"}],"wp:attachment":[{"href":"https:\/\/hidrosistem.al\/new\/wp-json\/wp\/v2\/media?parent=5455"}],"wp:term":[{"taxonomy":"product_cat","embeddable":true,"href":"https:\/\/hidrosistem.al\/new\/wp-json\/wp\/v2\/product_cat?post=5455"},{"taxonomy":"product_tag","embeddable":true,"href":"https:\/\/hidrosistem.al\/new\/wp-json\/wp\/v2\/product_tag?post=5455"}],"curies":[{"name":"wp","href":"https:\/\/api.w.org\/{rel}","templated":true}]}}